{"id":563,"date":"2021-03-26T11:08:07","date_gmt":"2021-03-26T11:08:07","guid":{"rendered":"https:\/\/mimo.eus?page_id=563"},"modified":"2025-06-30T12:44:06","modified_gmt":"2025-06-30T10:44:06","slug":"faq","status":"publish","type":"page","link":"https:\/\/mimo.eus\/es\/faq","title":{"rendered":"Faq"},"content":{"rendered":"<div class=\"wpb-content-wrapper\">[vc_row][vc_column][vc_column_text css=\u00bb.vc_custom_1616756738013{margin-bottom: 0px !important;}\u00bb]\n<h1>Faq<\/h1>\n[\/vc_column_text][\/vc_column][\/vc_row][vc_row id=\u00bbfila_contenido\u00bb][vc_column][vc_accordions style=\u00bbsimple-style\u00bb action_style=\u00bbtoggle-action\u00bb el_class=\u00bbfaq\u00bb][vc_accordion_tab title=\u00bbSoy vegetariano, \u00bfPuedo acudir a vuestras clases?\u00bb][vc_column_text css=\u00bb.vc_custom_1751279803620{margin-bottom: 0px !important;}\u00bb]\u00a1Claro! Durante la clase cocinar\u00e1s lo mismo que tus compa\u00f1eros pero para el momento de la comida, nos aseguraremos de que tu men\u00fa cumpla con los requisitos de tu dieta. No olvides indicarnos que eres vegetariano en el momento de realizar tu reserva para que podamos adaptarnos a tus necesidades<\/p>\n<p>*Excepto para el Tour de mercado y clase de pescados[\/vc_column_text][\/vc_accordion_tab][vc_accordion_tab title=\u00bbTengo una intolerancia alimentaria, \u00bfPuedo acudir a vuestras clases?\u00bb][vc_column_text css=\u00bb.vc_custom_1616757447166{margin-bottom: 0px !important;}\u00bb]\u00a1Por supuesto! Durante las clases cocinar\u00e1s lo mismo que el resto de tus compa\u00f1eros (siempre que te sea posible) y en el momento de la comida, nos aseguraremos de que tu men\u00fa est\u00e9 adaptado a tus necesidades, para que puedas disfrutar tanto como el resto de los participantes. Sin embargo, es muy importante que nos indiques tu condici\u00f3n en el momento de realizar la reserva para que podamos estar preparados.[\/vc_column_text][\/vc_accordion_tab][vc_accordion_tab title=\u00bbSoy vegano \u00bfPuedo apuntarme a una clase en grupo?\u00bb][vc_column_text css=\u00bb.vc_custom_1616757475613{margin-bottom: 0px !important;}\u00bb]En este caso, te aconsejamos que nos escribas a <a href=\"mailto:info@mimo.eus\" target=\"_blank\" rel=\"noopener\">info@mimo.eus<\/a> para que podamos recomendarte la opci\u00f3n que mejor se ajuste a tus necesidades. Las clases en grupo no ser\u00e1n la mejor opci\u00f3n para ti.[\/vc_column_text][\/vc_accordion_tab][vc_accordion_tab title=\u00bbA la persona con la que viajo no le gusta cocinar, hay opci\u00f3n de solo comida?\u00bb][vc_column_text css=\u00bb.vc_custom_1751280186273{margin-bottom: 0px !important;}\u00bb]\u00a1Claro! Esa persona puede unirse a las 13:00 y comer por 65\u20ac. La puedes a\u00f1adir en el momento en el que haces la reserva o envi\u00e1ndonos un email a info@mimo.eus.[\/vc_column_text][\/vc_accordion_tab][vc_accordion_tab title=\u00bb\u00bfTengo que llevar algo a la clase de cocina?\u00bb][vc_column_text css=\u00bb.vc_custom_1616758456634{margin-bottom: 0px !important;}\u00bb]\u00a1Lo \u00fanico que tienes que traer son ganas de aprender y de disfrutar! Nosotros de daremos todo lo que necesites (herramientas, delantal, chaquetillas de chef,\u2026) recomendamos que veng\u00e1is con calzado c\u00f3modo, ya que la mayor parte del cocinado se realiza de pi\u00e9.[\/vc_column_text][\/vc_accordion_tab][vc_accordion_tab title=\u00bbA mi hijo le encanta la cocina \u00bfPuede acompa\u00f1arme?\u00bb][vc_column_text css=\u00bb.vc_custom_1751279931664{margin-bottom: 0px !important;}\u00bb]La edad m\u00ednima para asistir a una de nuestras clases de cocina es de 12 a\u00f1os, en caso de personas por debajo de esa edad, ofreceremos clases privada o en familia para asegurarnos de que el evento sea todo un \u00e9xito.[\/vc_column_text][\/vc_accordion_tab][vc_accordion_tab title=\u00bbLas clases en grupo me gustan, pero me gustar\u00eda algo un poco diferente.\u00bb][vc_column_text css=\u00bb.vc_custom_1616758846450{margin-bottom: 0px !important;}\u00bb]Puedes escribirnos a <a href=\"mailto:info@mimo.eus\" target=\"_blank\" rel=\"noopener\">info@mimo.eus<\/a> para que podamos dise\u00f1ar una experiencia privada a tu medida.[\/vc_column_text][\/vc_accordion_tab][vc_accordion_tab title=\u00bbMe encanta vuestra escuela, \u00bf Puedo alquilarla por horas o d\u00edas?\u00bb][vc_column_text css=\u00bb.vc_custom_1616759018915{margin-bottom: 0px !important;}\u00bb]Claro, m\u00e1ndanos un email a <a href=\"mailto:info@mimo.eus\" target=\"_blank\" rel=\"noopener\">info@mimo.eus<\/a> y estaremos encantados de ayudarte.[\/vc_column_text][\/vc_accordion_tab][vc_accordion_tab title=\u00bbTengo que cancelar mi reserva, \u00bfc\u00f3mo lo hago?\u00bb][vc_column_text css=\u00bb.vc_custom_1616759063834{margin-bottom: 0px !important;}\u00bb]M\u00e1ndanos un email a <a href=\"mailto:info@mimo.eus\" target=\"_blank\" rel=\"noopener\">info@mimo.eus<\/a> y gestionaremos la cancelaci\u00f3n. En estos casos, lo haremos en los siguientes t\u00e9rminos:<br \/>\n&#8211; Las cancelaciones solicitadas hasta dos semanas antes de la fecha del evento tendr\u00e1n una penalizaci\u00f3n del 10 % sobre el importe de la compra.<br \/>\n&#8211; Las cancelaciones solicitadas entre dos semanas y 48 horas antes de la fecha del evento, tendr\u00e1n una penalizaci\u00f3n del 50 % sobre el importe de la compra.<br \/>\nAquellas personas que soliciten la cancelaci\u00f3n con menos de 48 horas de antelaci\u00f3n no tendr\u00e1n derecho a la devoluci\u00f3n del importe abonado.<br \/>\n[\/vc_column_text][\/vc_accordion_tab][vc_accordion_tab title=\u00bbMis fechas han cambiado, \u00bfPuedo modificar mi reserva?\u00bb][vc_column_text css=\u00bb.vc_custom_1616759102539{margin-bottom: 0px !important;}\u00bb]Por supuesto. En este caso, se aplicar\u00e1n los siguientes t\u00e9rminos:<br \/>\n&#8211; Los cambios solicitados con m\u00e1s de dos semanas de antelaci\u00f3n al evento se efect\u00faen sin coste extra.<br \/>\n&#8211; Los cambios solicitados entre 2 semanas y 48 horas antes del evento, conllevar\u00e1n un coste del 20 % sobre el importe de la reserva original.<br \/>\n&#8211; Los cambios solicitados con menos de 48 horas antes del evento, conllevar\u00e1n un coste del 30 % sobre el coste de la reserva original.<br \/>\n[\/vc_column_text][\/vc_accordion_tab][vc_accordion_tab title=\u00bbAcabo de realizar mi reserva, pero no he recibido ning\u00fan email de confirmaci\u00f3n.\u00bb][vc_column_text css=\u00bb.vc_custom_1616759133227{margin-bottom: 0px !important;}\u00bb]Comprueba tu bandeja de spam, si no est\u00e1 ah\u00ed, ponte en contacto con nosotros en <a href=\"mailto:info@mimo.eus\" target=\"_blank\" rel=\"noopener\">info@mimo.eus<\/a>.[\/vc_column_text][\/vc_accordion_tab][vc_accordion_tab title=\u00bbEl proceso de pago ha dado error y no s\u00e9 si mi reserva est\u00e1 confirmada.\u00bb][vc_column_text css=\u00bb.vc_custom_1616759155939{margin-bottom: 0px !important;}\u00bb]Las reservas se confirman una vez el pago se ha realizado. En caso de que hayas tenido alg\u00fan problema o tengas dudas sobre si el proceso se ha llevado a cabo correctamente, escr\u00edbenos a <a href=\"mailto:info@mimo.eus\" target=\"_blank\" rel=\"noopener\">info@mimo.eus<\/a>[\/vc_column_text][\/vc_accordion_tab][\/vc_accordions][\/vc_column][\/vc_row]\n<\/div>","protected":false},"excerpt":{"rendered":"<p>[vc_row][vc_column][vc_column_text css=\u00bb.vc_custom_1616756738013{margin-bottom: 0px !important;}\u00bb] Faq [\/vc_column_text][\/vc_column][\/vc_row][vc_row id=\u00bbfila_contenido\u00bb][vc_column][vc_accordions style=\u00bbsimple-style\u00bb action_style=\u00bbtoggle-action\u00bb el_class=\u00bbfaq\u00bb][vc_accordion_tab title=\u00bbSoy vegetariano, \u00bfPuedo acudir a vuestras clases?\u00bb][vc_column_text css=\u00bb.vc_custom_1751279803620{margin-bottom: 0px !important;}\u00bb]\u00a1Claro! Durante la clase cocinar\u00e1s lo mismo que tus compa\u00f1eros pero para el momento de la comida, nos aseguraremos de que tu men\u00fa cumpla con los requisitos de tu dieta. No olvides indicarnos que eres vegetariano [&hellip;]<\/p>\n","protected":false},"author":198,"featured_media":0,"parent":0,"menu_order":0,"comment_status":"closed","ping_status":"closed","template":"","meta":{"_acf_changed":false,"recipe_title_en":"","recipe_ingredients_es":"","recipe_method_es":"","recipe_ingredients_en":"","recipe_method_en":"","recipe_chef_notes_es":"","recipe_variations_es":"","chefnotes_en":"","variations_en":"","recipe_vimeo_link":"","recipe_families":"","recipe_techniques":"","footnotes":""},"categories":[],"tags":[],"class_list":["post-563","page","type-page","status-publish","hentry"],"acf":[],"yoast_head":"<!-- This site is optimized with the Yoast SEO plugin v27.4 - https:\/\/yoast.com\/product\/yoast-seo-wordpress\/ -->\n<title>Faq - Mimo Bite the Experience - Cursos de cocina y tours en San Sebasti\u00e1n<\/title>\n<meta name=\"robots\" content=\"noindex, follow\" \/>\n<meta property=\"og:locale\" content=\"es_ES\" \/>\n<meta property=\"og:type\" content=\"article\" \/>\n<meta property=\"og:title\" content=\"Faq - Mimo Bite the Experience - Cursos de cocina y tours en San Sebasti\u00e1n\" \/>\n<meta property=\"og:description\" content=\"[vc_row][vc_column][vc_column_text css=\u00bb.vc_custom_1616756738013{margin-bottom: 0px !important;}\u00bb] Faq [\/vc_column_text][\/vc_column][\/vc_row][vc_row id=\u00bbfila_contenido\u00bb][vc_column][vc_accordions style=\u00bbsimple-style\u00bb action_style=\u00bbtoggle-action\u00bb el_class=\u00bbfaq\u00bb][vc_accordion_tab title=\u00bbSoy vegetariano, \u00bfPuedo acudir a vuestras clases?\u00bb][vc_column_text css=\u00bb.vc_custom_1751279803620{margin-bottom: 0px !important;}\u00bb]\u00a1Claro! Durante la clase cocinar\u00e1s lo mismo que tus compa\u00f1eros pero para el momento de la comida, nos aseguraremos de que tu men\u00fa cumpla con los requisitos de tu dieta. No olvides indicarnos que eres vegetariano [&hellip;]\" \/>\n<meta property=\"og:url\" content=\"https:\/\/mimo.eus\/es\/faq\" \/>\n<meta property=\"og:site_name\" content=\"Mimo Bite the Experience - Cursos de cocina y tours en San Sebasti\u00e1n\" \/>\n<meta property=\"article:modified_time\" content=\"2025-06-30T10:44:06+00:00\" \/>\n<meta name=\"twitter:card\" content=\"summary_large_image\" \/>\n<meta name=\"twitter:label1\" content=\"Tiempo de lectura\" \/>\n\t<meta name=\"twitter:data1\" content=\"5 minutos\" \/>\n<script type=\"application\/ld+json\" class=\"yoast-schema-graph\">{\"@context\":\"https:\\\/\\\/schema.org\",\"@graph\":[{\"@type\":\"WebPage\",\"@id\":\"https:\\\/\\\/mimo.eus\\\/es\\\/faq\",\"url\":\"https:\\\/\\\/mimo.eus\\\/es\\\/faq\",\"name\":\"Faq - Mimo Bite the Experience - Cursos de cocina y tours en San Sebasti\u00e1n\",\"isPartOf\":{\"@id\":\"https:\\\/\\\/mimo.eus\\\/es\\\/#website\"},\"datePublished\":\"2021-03-26T11:08:07+00:00\",\"dateModified\":\"2025-06-30T10:44:06+00:00\",\"breadcrumb\":{\"@id\":\"https:\\\/\\\/mimo.eus\\\/es\\\/faq#breadcrumb\"},\"inLanguage\":\"es\",\"potentialAction\":[{\"@type\":\"ReadAction\",\"target\":[\"https:\\\/\\\/mimo.eus\\\/es\\\/faq\"]}]},{\"@type\":\"BreadcrumbList\",\"@id\":\"https:\\\/\\\/mimo.eus\\\/es\\\/faq#breadcrumb\",\"itemListElement\":[{\"@type\":\"ListItem\",\"position\":1,\"name\":\"Home\",\"item\":\"https:\\\/\\\/mimo.eus\\\/es\"},{\"@type\":\"ListItem\",\"position\":2,\"name\":\"Faq\"}]},{\"@type\":\"WebSite\",\"@id\":\"https:\\\/\\\/mimo.eus\\\/es\\\/#website\",\"url\":\"https:\\\/\\\/mimo.eus\\\/es\\\/\",\"name\":\"Mimo Bite the Experience - Cursos de cocina y tours en San Sebasti\u00e1n\",\"description\":\"Bite de Experience\",\"publisher\":{\"@id\":\"https:\\\/\\\/mimo.eus\\\/es\\\/#organization\"},\"potentialAction\":[{\"@type\":\"SearchAction\",\"target\":{\"@type\":\"EntryPoint\",\"urlTemplate\":\"https:\\\/\\\/mimo.eus\\\/es\\\/?s={search_term_string}\"},\"query-input\":{\"@type\":\"PropertyValueSpecification\",\"valueRequired\":true,\"valueName\":\"search_term_string\"}}],\"inLanguage\":\"es\"},{\"@type\":\"Organization\",\"@id\":\"https:\\\/\\\/mimo.eus\\\/es\\\/#organization\",\"name\":\"MIMO Bite The Experience\",\"url\":\"https:\\\/\\\/mimo.eus\\\/es\\\/\",\"logo\":{\"@type\":\"ImageObject\",\"inLanguage\":\"es\",\"@id\":\"https:\\\/\\\/mimo.eus\\\/es\\\/#\\\/schema\\\/logo\\\/image\\\/\",\"url\":\"https:\\\/\\\/mimo.eus\\\/wp-content\\\/uploads\\\/2021\\\/03\\\/mimo-logo-footer.png\",\"contentUrl\":\"https:\\\/\\\/mimo.eus\\\/wp-content\\\/uploads\\\/2021\\\/03\\\/mimo-logo-footer.png\",\"width\":265,\"height\":124,\"caption\":\"MIMO Bite The Experience\"},\"image\":{\"@id\":\"https:\\\/\\\/mimo.eus\\\/es\\\/#\\\/schema\\\/logo\\\/image\\\/\"}}]}<\/script>\n<!-- \/ Yoast SEO plugin. -->","yoast_head_json":{"title":"Faq - Mimo Bite the Experience - Cursos de cocina y tours en San Sebasti\u00e1n","robots":{"index":"noindex","follow":"follow"},"og_locale":"es_ES","og_type":"article","og_title":"Faq - Mimo Bite the Experience - Cursos de cocina y tours en San Sebasti\u00e1n","og_description":"[vc_row][vc_column][vc_column_text css=\u00bb.vc_custom_1616756738013{margin-bottom: 0px !important;}\u00bb] Faq [\/vc_column_text][\/vc_column][\/vc_row][vc_row id=\u00bbfila_contenido\u00bb][vc_column][vc_accordions style=\u00bbsimple-style\u00bb action_style=\u00bbtoggle-action\u00bb el_class=\u00bbfaq\u00bb][vc_accordion_tab title=\u00bbSoy vegetariano, \u00bfPuedo acudir a vuestras clases?\u00bb][vc_column_text css=\u00bb.vc_custom_1751279803620{margin-bottom: 0px !important;}\u00bb]\u00a1Claro! Durante la clase cocinar\u00e1s lo mismo que tus compa\u00f1eros pero para el momento de la comida, nos aseguraremos de que tu men\u00fa cumpla con los requisitos de tu dieta. No olvides indicarnos que eres vegetariano [&hellip;]","og_url":"https:\/\/mimo.eus\/es\/faq","og_site_name":"Mimo Bite the Experience - Cursos de cocina y tours en San Sebasti\u00e1n","article_modified_time":"2025-06-30T10:44:06+00:00","twitter_card":"summary_large_image","twitter_misc":{"Tiempo de lectura":"5 minutos"},"schema":{"@context":"https:\/\/schema.org","@graph":[{"@type":"WebPage","@id":"https:\/\/mimo.eus\/es\/faq","url":"https:\/\/mimo.eus\/es\/faq","name":"Faq - Mimo Bite the Experience - Cursos de cocina y tours en San Sebasti\u00e1n","isPartOf":{"@id":"https:\/\/mimo.eus\/es\/#website"},"datePublished":"2021-03-26T11:08:07+00:00","dateModified":"2025-06-30T10:44:06+00:00","breadcrumb":{"@id":"https:\/\/mimo.eus\/es\/faq#breadcrumb"},"inLanguage":"es","potentialAction":[{"@type":"ReadAction","target":["https:\/\/mimo.eus\/es\/faq"]}]},{"@type":"BreadcrumbList","@id":"https:\/\/mimo.eus\/es\/faq#breadcrumb","itemListElement":[{"@type":"ListItem","position":1,"name":"Home","item":"https:\/\/mimo.eus\/es"},{"@type":"ListItem","position":2,"name":"Faq"}]},{"@type":"WebSite","@id":"https:\/\/mimo.eus\/es\/#website","url":"https:\/\/mimo.eus\/es\/","name":"Mimo Bite the Experience - Cursos de cocina y tours en San Sebasti\u00e1n","description":"Bite de Experience","publisher":{"@id":"https:\/\/mimo.eus\/es\/#organization"},"potentialAction":[{"@type":"SearchAction","target":{"@type":"EntryPoint","urlTemplate":"https:\/\/mimo.eus\/es\/?s={search_term_string}"},"query-input":{"@type":"PropertyValueSpecification","valueRequired":true,"valueName":"search_term_string"}}],"inLanguage":"es"},{"@type":"Organization","@id":"https:\/\/mimo.eus\/es\/#organization","name":"MIMO Bite The Experience","url":"https:\/\/mimo.eus\/es\/","logo":{"@type":"ImageObject","inLanguage":"es","@id":"https:\/\/mimo.eus\/es\/#\/schema\/logo\/image\/","url":"https:\/\/mimo.eus\/wp-content\/uploads\/2021\/03\/mimo-logo-footer.png","contentUrl":"https:\/\/mimo.eus\/wp-content\/uploads\/2021\/03\/mimo-logo-footer.png","width":265,"height":124,"caption":"MIMO Bite The Experience"},"image":{"@id":"https:\/\/mimo.eus\/es\/#\/schema\/logo\/image\/"}}]}},"_links":{"self":[{"href":"https:\/\/mimo.eus\/es\/wp-json\/wp\/v2\/pages\/563","targetHints":{"allow":["GET"]}}],"collection":[{"href":"https:\/\/mimo.eus\/es\/wp-json\/wp\/v2\/pages"}],"about":[{"href":"https:\/\/mimo.eus\/es\/wp-json\/wp\/v2\/types\/page"}],"author":[{"embeddable":true,"href":"https:\/\/mimo.eus\/es\/wp-json\/wp\/v2\/users\/198"}],"replies":[{"embeddable":true,"href":"https:\/\/mimo.eus\/es\/wp-json\/wp\/v2\/comments?post=563"}],"version-history":[{"count":0,"href":"https:\/\/mimo.eus\/es\/wp-json\/wp\/v2\/pages\/563\/revisions"}],"wp:attachment":[{"href":"https:\/\/mimo.eus\/es\/wp-json\/wp\/v2\/media?parent=563"}],"wp:term":[{"taxonomy":"category","embeddable":true,"href":"https:\/\/mimo.eus\/es\/wp-json\/wp\/v2\/categories?post=563"},{"taxonomy":"post_tag","embeddable":true,"href":"https:\/\/mimo.eus\/es\/wp-json\/wp\/v2\/tags?post=563"}],"curies":[{"name":"wp","href":"https:\/\/api.w.org\/{rel}","templated":true}]}}