{"id":3696,"date":"2022-02-08T10:05:17","date_gmt":"2022-02-08T09:05:17","guid":{"rendered":"https:\/\/mimo.eus\/?page_id=3696"},"modified":"2025-01-08T11:32:05","modified_gmt":"2025-01-08T10:32:05","slug":"cambios-y-cancelaciones","status":"publish","type":"page","link":"https:\/\/mimo.eus\/es\/cambios-y-cancelaciones","title":{"rendered":"Cambios y cancelaciones"},"content":{"rendered":"<div class=\"wpb-content-wrapper\">[vc_row][vc_column][vc_empty_space height=\u00bb50&#8243;][vc_column_text css=\u00bb.vc_custom_1736332348511{margin-bottom: 0px !important;}\u00bb]\n<div class=\"relative p-1 rounded-sm flex items-center justify-center bg-token-main-surface-primary text-token-text-primary h-8 w-8\"><\/div>\n<div><\/div>\n<div><\/div>\n<div><\/div>\n<div><\/div>\n<div><\/div>\n<div class=\"group\/conversation-turn relative flex w-full min-w-0 flex-col agent-turn\">\n<div class=\"flex-col gap-1 md:gap-3\">\n<div class=\"flex flex-grow flex-col max-w-full\">\n<div class=\"min-h-[20px] text-message flex flex-col items-start whitespace-pre-wrap break-words [.text-message+&amp;]:mt-5 juice:w-full juice:items-end overflow-x-auto gap-2\" dir=\"auto\" data-message-author-role=\"assistant\" data-message-id=\"4a1f0b05-b452-4aee-86fa-ef3291bf9c1e\">\n<div class=\"flex w-full flex-col gap-1 juice:empty:hidden juice:first:pt-[3px]\">\n<div class=\"markdown prose w-full break-words dark:prose-invert light\">\n<p>Experiencias regulares\/ en grupo:<\/p>\n<ul>\n<li>Las cancelaciones realizadas hasta 2 semanas antes del evento no tendr\u00e1n ninguna penalizaci\u00f3n y ofreceremos un reembolso completo. Adem\u00e1s, ofreceremos cambios de fecha si est\u00e1n disponibles o vales no expirables por el importe total pagado.<\/li>\n<li>Las cancelaciones realizadas hasta 48 horas antes del evento tendr\u00e1n una penalizaci\u00f3n del 30% sobre el importe total de la reserva. Adem\u00e1s, ofreceremos cambios de fecha si est\u00e1n disponibles o vales no expirables por el monto total pagado.<\/li>\n<li>Las cancelaciones dentro de las 48 horas previas al evento no tendr\u00e1n derecho a reembolso.<\/li>\n<\/ul>\n<p>Experiencias privadas:<\/p>\n<p><u>Cancelaciones totales o parciales: <\/u><\/p>\n<ul>\n<li>Las cancelaciones totales realizadas <strong>hasta 2 semanas antes del evento<\/strong> tendr\u00e1n una penalizaci\u00f3n del 10% del importe total del evento. Las cancelaciones parciales hasta 2 semanas antes del evento, no se penalizar\u00e1n pero se actualizar\u00e1 el precio por persona si fuera necesario.<\/li>\n<li>Las cancelaciones totales realizadas entre 2 semanas y hasta 48 horas antes del evento tendr\u00e1n una penalizaci\u00f3n del 50% sobre el importe total de la reserva o el proporcional en caso de tratarse de cancelaci\u00f3n parcial (solo algunas personas).<\/li>\n<li>Las cancelaciones totales o parciales dentro de las 48 horas previas al evento no tendr\u00e1n derecho a reembolso.<\/li>\n<\/ul>\n<p style=\"padding-left: 40px;\">En la mayor\u00eda de los casos, las experiencias privadas tienen precios escalados, lo que significa que el precio por persona cambia dependiendo del n\u00famero final de personas en el grupo. Si el n\u00famero de participantes cambia entre el momento de la reserva y el evento, el precio por persona cambiar\u00e1 en consecuencia.<\/p>\n<\/div>\n<\/div>\n<\/div>\n<\/div>\n<\/div>\n<\/div>\n[\/vc_column_text][\/vc_column][\/vc_row]\n<\/div>","protected":false},"excerpt":{"rendered":"<p>[vc_row][vc_column][vc_empty_space height=\u00bb50&#8243;][vc_column_text css=\u00bb.vc_custom_1736332348511{margin-bottom: 0px !important;}\u00bb] Experiencias regulares\/ en grupo: Las cancelaciones realizadas hasta 2 semanas antes del evento no tendr\u00e1n ninguna penalizaci\u00f3n y ofreceremos un reembolso completo. Adem\u00e1s, ofreceremos cambios de fecha si est\u00e1n disponibles o vales no expirables por el importe total pagado. Las cancelaciones realizadas hasta 48 horas antes del evento tendr\u00e1n una [&hellip;]<\/p>\n","protected":false},"author":4,"featured_media":0,"parent":0,"menu_order":0,"comment_status":"closed","ping_status":"closed","template":"","meta":{"_acf_changed":false,"recipe_title_en":"","recipe_ingredients_es":"","recipe_method_es":"","recipe_ingredients_en":"","recipe_method_en":"","recipe_chef_notes_es":"","recipe_variations_es":"","chefnotes_en":"","variations_en":"","recipe_vimeo_link":"","recipe_families":"","recipe_techniques":"","footnotes":""},"categories":[],"tags":[],"class_list":["post-3696","page","type-page","status-publish","hentry"],"acf":[],"yoast_head":"<!-- This site is optimized with the Yoast SEO plugin v27.4 - https:\/\/yoast.com\/product\/yoast-seo-wordpress\/ -->\n<title>Pol\u00edtica de Cambios y Devoluciones - Mimo Bite the Experience<\/title>\n<meta name=\"robots\" content=\"noindex, follow\" \/>\n<meta property=\"og:locale\" content=\"es_ES\" \/>\n<meta property=\"og:type\" content=\"article\" \/>\n<meta property=\"og:title\" content=\"Pol\u00edtica de Cambios y Devoluciones - Mimo Bite the Experience\" \/>\n<meta property=\"og:description\" content=\"[vc_row][vc_column][vc_empty_space height=\u00bb50&#8243;][vc_column_text css=\u00bb.vc_custom_1736332348511{margin-bottom: 0px !important;}\u00bb] Experiencias regulares\/ en grupo: Las cancelaciones realizadas hasta 2 semanas antes del evento no tendr\u00e1n ninguna penalizaci\u00f3n y ofreceremos un reembolso completo. Adem\u00e1s, ofreceremos cambios de fecha si est\u00e1n disponibles o vales no expirables por el importe total pagado. Las cancelaciones realizadas hasta 48 horas antes del evento tendr\u00e1n una [&hellip;]\" \/>\n<meta property=\"og:url\" content=\"https:\/\/mimo.eus\/es\/cambios-y-cancelaciones\" \/>\n<meta property=\"og:site_name\" content=\"Mimo Bite the Experience - Cursos de cocina y tours en San Sebasti\u00e1n\" \/>\n<meta property=\"article:modified_time\" content=\"2025-01-08T10:32:05+00:00\" \/>\n<meta name=\"twitter:card\" content=\"summary_large_image\" \/>\n<meta name=\"twitter:label1\" content=\"Tiempo de lectura\" \/>\n\t<meta name=\"twitter:data1\" content=\"2 minutos\" \/>\n<script type=\"application\/ld+json\" class=\"yoast-schema-graph\">{\"@context\":\"https:\\\/\\\/schema.org\",\"@graph\":[{\"@type\":\"WebPage\",\"@id\":\"https:\\\/\\\/mimo.eus\\\/es\\\/cambios-y-cancelaciones\",\"url\":\"https:\\\/\\\/mimo.eus\\\/es\\\/cambios-y-cancelaciones\",\"name\":\"Pol\u00edtica de Cambios y Devoluciones - Mimo Bite the Experience\",\"isPartOf\":{\"@id\":\"https:\\\/\\\/mimo.eus\\\/es\\\/#website\"},\"datePublished\":\"2022-02-08T09:05:17+00:00\",\"dateModified\":\"2025-01-08T10:32:05+00:00\",\"breadcrumb\":{\"@id\":\"https:\\\/\\\/mimo.eus\\\/es\\\/cambios-y-cancelaciones#breadcrumb\"},\"inLanguage\":\"es\",\"potentialAction\":[{\"@type\":\"ReadAction\",\"target\":[\"https:\\\/\\\/mimo.eus\\\/es\\\/cambios-y-cancelaciones\"]}]},{\"@type\":\"BreadcrumbList\",\"@id\":\"https:\\\/\\\/mimo.eus\\\/es\\\/cambios-y-cancelaciones#breadcrumb\",\"itemListElement\":[{\"@type\":\"ListItem\",\"position\":1,\"name\":\"Home\",\"item\":\"https:\\\/\\\/mimo.eus\\\/es\"},{\"@type\":\"ListItem\",\"position\":2,\"name\":\"Cambios y cancelaciones\"}]},{\"@type\":\"WebSite\",\"@id\":\"https:\\\/\\\/mimo.eus\\\/es\\\/#website\",\"url\":\"https:\\\/\\\/mimo.eus\\\/es\\\/\",\"name\":\"Mimo Bite the Experience - Cursos de cocina y tours en San Sebasti\u00e1n\",\"description\":\"Bite de Experience\",\"publisher\":{\"@id\":\"https:\\\/\\\/mimo.eus\\\/es\\\/#organization\"},\"potentialAction\":[{\"@type\":\"SearchAction\",\"target\":{\"@type\":\"EntryPoint\",\"urlTemplate\":\"https:\\\/\\\/mimo.eus\\\/es\\\/?s={search_term_string}\"},\"query-input\":{\"@type\":\"PropertyValueSpecification\",\"valueRequired\":true,\"valueName\":\"search_term_string\"}}],\"inLanguage\":\"es\"},{\"@type\":\"Organization\",\"@id\":\"https:\\\/\\\/mimo.eus\\\/es\\\/#organization\",\"name\":\"MIMO Bite The Experience\",\"url\":\"https:\\\/\\\/mimo.eus\\\/es\\\/\",\"logo\":{\"@type\":\"ImageObject\",\"inLanguage\":\"es\",\"@id\":\"https:\\\/\\\/mimo.eus\\\/es\\\/#\\\/schema\\\/logo\\\/image\\\/\",\"url\":\"https:\\\/\\\/mimo.eus\\\/wp-content\\\/uploads\\\/2021\\\/03\\\/mimo-logo-footer.png\",\"contentUrl\":\"https:\\\/\\\/mimo.eus\\\/wp-content\\\/uploads\\\/2021\\\/03\\\/mimo-logo-footer.png\",\"width\":265,\"height\":124,\"caption\":\"MIMO Bite The Experience\"},\"image\":{\"@id\":\"https:\\\/\\\/mimo.eus\\\/es\\\/#\\\/schema\\\/logo\\\/image\\\/\"}}]}<\/script>\n<!-- \/ Yoast SEO plugin. -->","yoast_head_json":{"title":"Pol\u00edtica de Cambios y Devoluciones - Mimo Bite the Experience","robots":{"index":"noindex","follow":"follow"},"og_locale":"es_ES","og_type":"article","og_title":"Pol\u00edtica de Cambios y Devoluciones - Mimo Bite the Experience","og_description":"[vc_row][vc_column][vc_empty_space height=\u00bb50&#8243;][vc_column_text css=\u00bb.vc_custom_1736332348511{margin-bottom: 0px !important;}\u00bb] Experiencias regulares\/ en grupo: Las cancelaciones realizadas hasta 2 semanas antes del evento no tendr\u00e1n ninguna penalizaci\u00f3n y ofreceremos un reembolso completo. Adem\u00e1s, ofreceremos cambios de fecha si est\u00e1n disponibles o vales no expirables por el importe total pagado. Las cancelaciones realizadas hasta 48 horas antes del evento tendr\u00e1n una [&hellip;]","og_url":"https:\/\/mimo.eus\/es\/cambios-y-cancelaciones","og_site_name":"Mimo Bite the Experience - Cursos de cocina y tours en San Sebasti\u00e1n","article_modified_time":"2025-01-08T10:32:05+00:00","twitter_card":"summary_large_image","twitter_misc":{"Tiempo de lectura":"2 minutos"},"schema":{"@context":"https:\/\/schema.org","@graph":[{"@type":"WebPage","@id":"https:\/\/mimo.eus\/es\/cambios-y-cancelaciones","url":"https:\/\/mimo.eus\/es\/cambios-y-cancelaciones","name":"Pol\u00edtica de Cambios y Devoluciones - Mimo Bite the Experience","isPartOf":{"@id":"https:\/\/mimo.eus\/es\/#website"},"datePublished":"2022-02-08T09:05:17+00:00","dateModified":"2025-01-08T10:32:05+00:00","breadcrumb":{"@id":"https:\/\/mimo.eus\/es\/cambios-y-cancelaciones#breadcrumb"},"inLanguage":"es","potentialAction":[{"@type":"ReadAction","target":["https:\/\/mimo.eus\/es\/cambios-y-cancelaciones"]}]},{"@type":"BreadcrumbList","@id":"https:\/\/mimo.eus\/es\/cambios-y-cancelaciones#breadcrumb","itemListElement":[{"@type":"ListItem","position":1,"name":"Home","item":"https:\/\/mimo.eus\/es"},{"@type":"ListItem","position":2,"name":"Cambios y cancelaciones"}]},{"@type":"WebSite","@id":"https:\/\/mimo.eus\/es\/#website","url":"https:\/\/mimo.eus\/es\/","name":"Mimo Bite the Experience - Cursos de cocina y tours en San Sebasti\u00e1n","description":"Bite de Experience","publisher":{"@id":"https:\/\/mimo.eus\/es\/#organization"},"potentialAction":[{"@type":"SearchAction","target":{"@type":"EntryPoint","urlTemplate":"https:\/\/mimo.eus\/es\/?s={search_term_string}"},"query-input":{"@type":"PropertyValueSpecification","valueRequired":true,"valueName":"search_term_string"}}],"inLanguage":"es"},{"@type":"Organization","@id":"https:\/\/mimo.eus\/es\/#organization","name":"MIMO Bite The Experience","url":"https:\/\/mimo.eus\/es\/","logo":{"@type":"ImageObject","inLanguage":"es","@id":"https:\/\/mimo.eus\/es\/#\/schema\/logo\/image\/","url":"https:\/\/mimo.eus\/wp-content\/uploads\/2021\/03\/mimo-logo-footer.png","contentUrl":"https:\/\/mimo.eus\/wp-content\/uploads\/2021\/03\/mimo-logo-footer.png","width":265,"height":124,"caption":"MIMO Bite The Experience"},"image":{"@id":"https:\/\/mimo.eus\/es\/#\/schema\/logo\/image\/"}}]}},"_links":{"self":[{"href":"https:\/\/mimo.eus\/es\/wp-json\/wp\/v2\/pages\/3696","targetHints":{"allow":["GET"]}}],"collection":[{"href":"https:\/\/mimo.eus\/es\/wp-json\/wp\/v2\/pages"}],"about":[{"href":"https:\/\/mimo.eus\/es\/wp-json\/wp\/v2\/types\/page"}],"author":[{"embeddable":true,"href":"https:\/\/mimo.eus\/es\/wp-json\/wp\/v2\/users\/4"}],"replies":[{"embeddable":true,"href":"https:\/\/mimo.eus\/es\/wp-json\/wp\/v2\/comments?post=3696"}],"version-history":[{"count":0,"href":"https:\/\/mimo.eus\/es\/wp-json\/wp\/v2\/pages\/3696\/revisions"}],"wp:attachment":[{"href":"https:\/\/mimo.eus\/es\/wp-json\/wp\/v2\/media?parent=3696"}],"wp:term":[{"taxonomy":"category","embeddable":true,"href":"https:\/\/mimo.eus\/es\/wp-json\/wp\/v2\/categories?post=3696"},{"taxonomy":"post_tag","embeddable":true,"href":"https:\/\/mimo.eus\/es\/wp-json\/wp\/v2\/tags?post=3696"}],"curies":[{"name":"wp","href":"https:\/\/api.w.org\/{rel}","templated":true}]}}