{"id":27041,"date":"2024-04-19T13:41:53","date_gmt":"2024-04-19T11:41:53","guid":{"rendered":"https:\/\/mimo.eus\/?page_id=27041"},"modified":"2024-04-19T13:47:15","modified_gmt":"2024-04-19T11:47:15","slug":"new-home-2","status":"publish","type":"page","link":"https:\/\/mimo.eus\/es\/new-home-2","title":{"rendered":"New Home"},"content":{"rendered":"<div class=\"wpb-content-wrapper\">[vc_row fullwidth=\u00bbtrue\u00bb visibility=\u00bbhidden-sm\u00bb css=\u00bb.vc_custom_1698405195820{background-color: #000000 !important;}\u00bb][vc_column offset=\u00bbvc_hidden-xs\u00bb][vc_video host=\u00bbself_hosted\u00bb mp4=\u00bbhttps:\/\/mimo.eus\/wp-content\/uploads\/2024\/04\/video-web.mp4&#8243; autoplay=\u00bbtrue\u00bb loop=\u00bbtrue\u00bb muted=\u00bbtrue\u00bb hide_controls=\u00bbtrue\u00bb aspect_ratio=\u00bbtrue\u00bb][\/vc_column][\/vc_row][vc_row fullwidth=\u00bbtrue\u00bb css=\u00bb.vc_custom_1698405591696{background-color: #000000 !important;}\u00bb][vc_column offset=\u00bbvc_hidden-lg vc_hidden-md vc_hidden-sm\u00bb][vc_video host=\u00bbself_hosted\u00bb mp4=\u00bbhttps:\/\/mimo.eus\/wp-content\/uploads\/2024\/04\/video-web.mp4&#8243; autoplay=\u00bbtrue\u00bb loop=\u00bbtrue\u00bb muted=\u00bbtrue\u00bb hide_controls=\u00bbtrue\u00bb aspect_ratio=\u00bbtrue\u00bb][vc_column_text css=\u00bb.vc_custom_1710954106636{margin-bottom: 0px !important;padding-top: 10px !important;background-color: #000000 !important;}\u00bb]\n<p style=\"text-align: center;\"><strong><span style=\"color: #ffffff;\"> Featured on National Geographic as one of the 10 best cookery schools in the world.<\/span><\/strong><\/p>\n[\/vc_column_text][\/vc_column][\/vc_row][vc_row fullwidth=\u00bbtrue\u00bb equal_columns=\u00bbtrue\u00bb id=\u00bbfila_slider\u00bb][vc_column width=\u00bb1\/2&#8243;][vc_row_inner is_fullwidth_content=\u00bbfalse\u00bb][vc_column_inner][vc_column_text css=\u00bb.vc_custom_1708619539755{margin-bottom: 0px !important;padding-left: 30px !important;}\u00bb]\n<h1 style=\"text-align: left;\"><small>Mimo Bite the Experience<\/small><\/h1>\n<p style=\"text-align: left;\">Ongi etorri!<\/p>\n<p style=\"text-align: left;\">We provide a variety of gastronomic food experiences in San Sebasti\u00e1n including: <a href=\"https:\/\/mimo.eus\/cooking-classes\">cooking classes,<\/a> gastronomic tours, private dinners, team building workshops and conferences. Our school is over 400 metres squared and is equipped with everything you need to make you feel at home.<\/p>\n<p style=\"text-align: left;\">Try mimo food in San Sebasti\u00e1n. We\u2019re situated in the building of the Maria Cristina Hotel, a Luxury Collection Hotel, right in the heart of the city and just a short walk from the iconic Old Town.<\/p>\n[\/vc_column_text][mk_custom_sidebar sidebar=\u00bbsidebar-1&#8243;][\/vc_column_inner][\/vc_row_inner][\/vc_column][vc_column width=\u00bb1\/2&#8243;][vc_raw_html]JTNDZGl2JTIwc3R5bGUlM0QlMjJwb3NpdGlvbiUzQSUyMHJlbGF0aXZlJTNCJTIwd2lkdGglM0ElMjAxMDAlMjUlM0IlMjBoZWlnaHQlM0ElMjAwJTNCJTIwcGFkZGluZy10b3AlM0ElMjAxNDEuNDI4NiUyNSUzQiUwQSUyMHBhZGRpbmctYm90dG9tJTNBJTIwMCUzQiUyMGJveC1zaGFkb3clM0ElMjAwJTIwMnB4JTIwOHB4JTIwMCUyMHJnYmElMjg2MyUyQzY5JTJDODElMkMwLjE2JTI5JTNCJTIwbWFyZ2luLXRvcCUzQSUyMDEuNmVtJTNCJTIwbWFyZ2luLWJvdHRvbSUzQSUyMDAuOWVtJTNCJTIwb3ZlcmZsb3clM0ElMjBoaWRkZW4lM0IlMEElMjBib3JkZXItcmFkaXVzJTNBJTIwOHB4JTNCJTIwd2lsbC1jaGFuZ2UlM0ElMjB0cmFuc2Zvcm0lM0IlMjIlM0UlMEElMjAlMjAlM0NpZnJhbWUlMjBsb2FkaW5nJTNEJTIybGF6eSUyMiUyMHN0eWxlJTNEJTIycG9zaXRpb24lM0ElMjBhYnNvbHV0ZSUzQiUyMHdpZHRoJTNBJTIwMTAwJTI1JTNCJTIwaGVpZ2h0JTNBJTIwMTAwJTI1JTNCJTIwdG9wJTNBJTIwMCUzQiUyMGxlZnQlM0ElMjAwJTNCJTIwYm9yZGVyJTNBJTIwbm9uZSUzQiUyMHBhZGRpbmclM0ElMjAwJTNCbWFyZ2luJTNBJTIwMCUzQiUyMiUwQSUyMCUyMCUyMCUyMHNyYyUzRCUyMmh0dHBzJTNBJTI2JTIzeDJGJTNCJTI2JTIzeDJGJTNCd3d3LmNhbnZhLmNvbSUyNiUyM3gyRiUzQmRlc2lnbiUyNiUyM3gyRiUzQkRBRi0wbS1LUEF3JTI2JTIzeDJGJTNCVWdlanlFcXR3cE9hUV9lamU2WFZFdyUyNiUyM3gyRiUzQnZpZXclM0ZlbWJlZCUyMiUyMGFsbG93ZnVsbHNjcmVlbiUzRCUyMmFsbG93ZnVsbHNjcmVlbiUyMiUyMGFsbG93JTNEJTIyZnVsbHNjcmVlbiUyMiUzRSUwQSUyMCUyMCUzQyUyRmlmcmFtZSUzRSUwQSUzQyUyRmRpdiUzRSUwQSUzQ2ElMjBocmVmJTNEJTIyaHR0cHMlM0ElMjYlMjN4MkYlM0IlMjYlMjN4MkYlM0J3d3cuY2FudmEuY29tJTI2JTIzeDJGJTNCZGVzaWduJTI2JTIzeDJGJTNCREFGLTBtLUtQQXclMjYlMjN4MkYlM0JVZ2VqeUVxdHdwT2FRX2VqZTZYVkV3JTI2JTIzeDJGJTNCdmlldyUzRnV0bV9jb250ZW50JTNEREFGLTBtLUtQQXclMjZhbXAlM0J1dG1fY2FtcGFpZ24lM0RkZXNpZ25zaGFyZSUyNmFtcCUzQnV0bV9tZWRpdW0lM0RlbWJlZHMlMjZhbXAlM0J1dG1fc291cmNlJTNEbGluayUyMiUyMHRhcmdldCUzRCUyMl9ibGFuayUyMiUyMHJlbCUzRCUyMm5vb3BlbmVyJTIyJTNF[\/vc_raw_html][\/vc_column][\/vc_row][vc_row css=\u00bb.vc_custom_1689080689048{margin-top: 40px !important;margin-bottom: 40px !important;}\u00bb][vc_column width=\u00bb3\/4&#8243;][vc_separator color=\u00bbblack\u00bb][vc_column_text css=\u00bb.vc_custom_1670925904391{margin-bottom: 0px !important;}\u00bb]\n<h2 style=\"text-align: left;\">All our bookable experiences at a glance<\/h2>\n[\/vc_column_text][\/vc_column][vc_column width=\u00bb1\/4&#8243;][vc_btn title=\u00bbCheck availability by date\u00bb style=\u00bboutline\u00bb shape=\u00bbsquare\u00bb color=\u00bbblack\u00bb size=\u00bblg\u00bb align=\u00bbright\u00bb i_icon_fontawesome=\u00bbfas fa-calendar-alt\u00bb add_icon=\u00bbtrue\u00bb link=\u00bburl:https%3A%2F%2Fmimo.eus%2Fes%2Fselecciona-tu-fecha|title:Cursos%20de%20cocina%20espa%C3%B1ola|\u00bb css=\u00bb.vc_custom_1705925218554{padding-left: 30px !important;}\u00bb][\/vc_column][\/vc_row][vc_row css=\u00bb.vc_custom_1689080689048{margin-top: 40px !important;margin-bottom: 40px !important;}\u00bb][vc_column][vc_empty_space][vc_basic_grid post_type=\u00bbproduct\u00bb max_items=\u00bb12&#8243; element_width=\u00bb3&#8243; orderby=\u00bbmenu_order\u00bb order=\u00bbASC\u00bb item=\u00bb13230&#8243; grid_id=\u00bbvc_gid:1713527264896-ad2b36cf-8ee2-2&#8243; taxonomies=\u00bb15, 114, 28, 131&#8243; exclude=\u00bb18267, 18799, 18420, 25892&#8243;][vc_separator color=\u00bbblack\u00bb][\/vc_column][\/vc_row][vc_row css=\u00bb.vc_custom_1689080700795{margin-top: 40px !important;margin-bottom: 40px !important;}\u00bb][vc_column][vc_column_text css=\u00bb.vc_custom_1689080674148{margin-bottom: 0px !important;}\u00bb]\n<h2 style=\"text-align: left;\">Cooking courses, learn by doing<\/h2>\n[\/vc_column_text][vc_empty_space][vc_row_inner is_fullwidth_content=\u00bbfalse\u00bb][vc_column_inner width=\u00bb1\/3&#8243;][vc_single_image image=\u00bb6392&#8243; img_size=\u00bbfull\u00bb][vc_column_text css=\u00bb.vc_custom_1657191466679{margin-bottom: 0px !important;}\u00bb]\n<h3><small><small><small>Basque Cooking Classes<\/small><\/small><\/small><\/h3>\n[\/vc_column_text][vc_column_text css=\u00bb.vc_custom_1657706439163{margin-bottom: 0px !important;}\u00bb]Discover basque cuisine and learn recipes that has been passed down through generations.[\/vc_column_text][vc_btn title=\u00bbRead more\u00bb style=\u00bboutline-custom\u00bb outline_custom_color=\u00bb#000000&#8243; outline_custom_hover_background=\u00bb#000000&#8243; outline_custom_hover_text=\u00bb#ffffff\u00bb shape=\u00bbsquare\u00bb align=\u00bbleft\u00bb i_align=\u00bbright\u00bb i_icon_fontawesome=\u00bbfas fa-long-arrow-alt-right\u00bb add_icon=\u00bbtrue\u00bb link=\u00bburl:https%3A%2F%2Fmimo.eus%2Fes%2Fcursos-cocina%2Fpais-vasco|\u00bb][\/vc_column_inner][vc_column_inner width=\u00bb1\/3&#8243;][vc_single_image image=\u00bb4783&#8243; img_size=\u00bbfull\u00bb][vc_column_text css=\u00bb.vc_custom_1657191479251{margin-bottom: 0px !important;}\u00bb]\n<h3><small><small><small>Spanish Cooking Classes<\/small><\/small><\/small><\/h3>\n[\/vc_column_text][vc_column_text css=\u00bb.vc_custom_1657192345512{margin-bottom: 0px !important;}\u00bb]From paella to tapas, get to know the diverse and rich spanish cuisine through mimo food.[\/vc_column_text][vc_btn title=\u00bbRead more\u00bb style=\u00bboutline-custom\u00bb outline_custom_color=\u00bb#000000&#8243; outline_custom_hover_background=\u00bb#000000&#8243; outline_custom_hover_text=\u00bb#ffffff\u00bb shape=\u00bbsquare\u00bb align=\u00bbleft\u00bb i_align=\u00bbright\u00bb i_icon_fontawesome=\u00bbfas fa-long-arrow-alt-right\u00bb add_icon=\u00bbtrue\u00bb link=\u00bburl:https%3A%2F%2Fmimo.eus%2Fes%2Fcursos-cocina%2Fespanola|\u00bb][\/vc_column_inner][vc_column_inner width=\u00bb1\/3&#8243;][vc_single_image image=\u00bb6308&#8243; img_size=\u00bbfull\u00bb][vc_column_text css=\u00bb.vc_custom_1657191569455{margin-bottom: 0px !important;}\u00bb]\n<h3><small><small><small>Market Cooking Classes<\/small><\/small><\/small><\/h3>\n[\/vc_column_text][vc_column_text css=\u00bb.vc_custom_1657712467015{margin-bottom: 0px !important;}\u00bb]We have three goals: seasonality, freshness and proximity. Discover them in our market classes.[\/vc_column_text][vc_btn title=\u00bbRead more\u00bb style=\u00bboutline-custom\u00bb outline_custom_color=\u00bb#000000&#8243; outline_custom_hover_background=\u00bb#000000&#8243; outline_custom_hover_text=\u00bb#ffffff\u00bb shape=\u00bbsquare\u00bb align=\u00bbleft\u00bb i_align=\u00bbright\u00bb i_icon_fontawesome=\u00bbfas fa-long-arrow-alt-right\u00bb add_icon=\u00bbtrue\u00bb link=\u00bburl:https%3A%2F%2Fmimo.eus%2Fes%2Fcursos-cocina%2Fmercado|\u00bb][\/vc_column_inner][\/vc_row_inner][\/vc_column][\/vc_row][vc_row css=\u00bb.vc_custom_1689080709234{margin-top: 40px !important;margin-bottom: 40px !important;}\u00bb][vc_column offset=\u00bbvc_hidden-xs\u00bb][vc_separator color=\u00bbblack\u00bb][vc_empty_space][vc_column_text css=\u00bb.vc_custom_1689080133709{margin-bottom: 0px !important;}\u00bb]\n<h2 style=\"text-align: left;\">Best gastronomic experiences in San Sebasti\u00e1n<\/h2>\n[\/vc_column_text][vc_empty_space][vc_row_inner is_fullwidth_content=\u00bbfalse\u00bb][vc_column_inner width=\u00bb1\/2&#8243;][vc_single_image image=\u00bb6447&#8243; img_size=\u00bbfull\u00bb][vc_column_text css=\u00bb.vc_custom_1657115432307{margin-bottom: 0px !important;}\u00bb]\n<h3><strong>Cooking activities<\/strong><\/h3>\n[\/vc_column_text][vc_btn title=\u00bbRead more\u00bb style=\u00bboutline-custom\u00bb outline_custom_color=\u00bb#000000&#8243; outline_custom_hover_background=\u00bb#000000&#8243; outline_custom_hover_text=\u00bb#ffffff\u00bb shape=\u00bbsquare\u00bb align=\u00bbleft\u00bb i_align=\u00bbright\u00bb i_icon_fontawesome=\u00bbfas fa-long-arrow-alt-right\u00bb add_icon=\u00bbtrue\u00bb link=\u00bburl:https%3A%2F%2Fmimo.eus%2Fes%2Factividades-cocina|\u00bb][\/vc_column_inner][vc_column_inner width=\u00bb1\/2&#8243;][vc_single_image image=\u00bb15572&#8243; img_size=\u00bbfull\u00bb][vc_column_text css=\u00bb.vc_custom_1657115437434{margin-bottom: 0px !important;}\u00bb]\n<h3><strong>Gastronomic tours<\/strong><\/h3>\n[\/vc_column_text][vc_btn title=\u00bbRead more\u00bb style=\u00bboutline-custom\u00bb outline_custom_color=\u00bb#000000&#8243; outline_custom_hover_background=\u00bb#000000&#8243; outline_custom_hover_text=\u00bb#ffffff\u00bb shape=\u00bbsquare\u00bb align=\u00bbleft\u00bb i_align=\u00bbright\u00bb i_icon_fontawesome=\u00bbfas fa-long-arrow-alt-right\u00bb add_icon=\u00bbtrue\u00bb link=\u00bburl:https%3A%2F%2Fmimo.eus%2Fes%2Ftour-gastronomico|\u00bb][\/vc_column_inner][\/vc_row_inner][vc_empty_space][\/vc_column][\/vc_row][vc_row css=\u00bb.vc_custom_1689080709234{margin-top: 40px !important;margin-bottom: 40px !important;}\u00bb][vc_column offset=\u00bbvc_hidden-xs\u00bb][vc_separator color=\u00bbblack\u00bb][vc_empty_space][vc_column_text css=\u00bb.vc_custom_1689081052716{margin-bottom: 0px !important;}\u00bb]\n<h2 style=\"text-align: left;\">What our clients say about us<\/h2>\n[\/vc_column_text][vc_empty_space][vc_row_inner is_fullwidth_content=\u00bbfalse\u00bb][vc_column_inner width=\u00bb1\/4&#8243;][mk_blockquote font_family=\u00bbnone\u00bb]<strong>Maeve, 22.<\/strong><br \/>\n<em>United States<\/em><\/p>\n<p>Mimo was exactly what we were looking for! I was in San Sebasti\u00e1n with my dad and my little brother and we wanted to take a cooking class together and this was amazing. The chefs were funny, patient, educational, and very skilled. It was wonderful to watch their techniques. The food was SO GOOD!! Highly recommend to anyone visiting San Sebasti\u00e1n.[\/mk_blockquote][\/vc_column_inner][vc_column_inner width=\u00bb1\/4&#8243;][mk_blockquote font_family=\u00bbnone\u00bb]<strong>Sayaka Iijima, 39.<\/strong><br \/>\n<em>Japan<\/em><\/p>\n<p>We are not fluent in English, but the chef made sure we understood. The chef is hilarious and fun and we really enjoyed it. I remember that my mother, who participated with me, had a very nice smile. Thank you for the best experience.[\/mk_blockquote][\/vc_column_inner][vc_column_inner width=\u00bb1\/4&#8243;][mk_blockquote font_family=\u00bbnone\u00bb]<strong><span data-sheets-value=\"{&quot;1&quot;:2,&quot;2&quot;:&quot;Toni&quot;}\" data-sheets-userformat=\"{&quot;2&quot;:513,&quot;3&quot;:{&quot;1&quot;:0},&quot;12&quot;:0}\">Toni, 54<\/span>.<\/strong><br \/>\n<em>Australia<\/em><\/p>\n<p>This is more than a cooking class it is opportunity to hear, see and feel the passion of the Basque Country and its food culture. The chef&#8217;s leading the experience have enthusiasm and energy that penetrates the group and brings this experience to life. I learnt so much not just about Basque cooking but cooking basics, I will never make salad, slice onions or cook steak the same again. Would do it again in a heart beat. Worth evert cent.[\/mk_blockquote][\/vc_column_inner][vc_column_inner width=\u00bb1\/4&#8243;][mk_blockquote font_family=\u00bbnone\u00bb]<strong>Sue Aran, 39.<\/strong><br \/>\n<em>France<\/em><\/p>\n<p>We met our guide, Edurne who was wonderful. We learned the history of San Sebastian and tasted pintxos at 5 bars, ending with Burnt Basque Cheesecake. I am a tour guide and this tour is always on my list of favorites for my clients. I would highly recommend it.[\/mk_blockquote][\/vc_column_inner][\/vc_row_inner][vc_empty_space][\/vc_column][\/vc_row][vc_row el_class=\u00bbfila_encabezado\u00bb id=\u00bbfila_newsletter\u00bb][vc_column][vc_empty_space][vc_separator color=\u00bbblack\u00bb el_class=\u00bbseparador_encabezado\u00bb][vc_row_inner css=\u00bb.vc_custom_1615888784967{padding-top: 30px !important;padding-bottom: 0px !important;}\u00bb el_class=\u00bbfila_separadores\u00bb][vc_column_inner][vc_column_text align=\u00bbcenter\u00bb css=\u00bb.vc_custom_1700651014894{margin-bottom: 0px !important;}\u00bb][\/vc_column_text][\/vc_column_inner][\/vc_row_inner][\/vc_column][\/vc_row]\n<\/div>","protected":false},"excerpt":{"rendered":"<p>[vc_row fullwidth=\u00bbtrue\u00bb visibility=\u00bbhidden-sm\u00bb css=\u00bb.vc_custom_1698405195820{background-color: #000000 !important;}\u00bb][vc_column offset=\u00bbvc_hidden-xs\u00bb][vc_video host=\u00bbself_hosted\u00bb mp4=\u00bbhttps:\/\/mimo.eus\/wp-content\/uploads\/2024\/04\/video-web.mp4&#8243; autoplay=\u00bbtrue\u00bb loop=\u00bbtrue\u00bb muted=\u00bbtrue\u00bb hide_controls=\u00bbtrue\u00bb aspect_ratio=\u00bbtrue\u00bb][\/vc_column][\/vc_row][vc_row fullwidth=\u00bbtrue\u00bb css=\u00bb.vc_custom_1698405591696{background-color: #000000 !important;}\u00bb][vc_column offset=\u00bbvc_hidden-lg vc_hidden-md vc_hidden-sm\u00bb][vc_video host=\u00bbself_hosted\u00bb mp4=\u00bbhttps:\/\/mimo.eus\/wp-content\/uploads\/2024\/04\/video-web.mp4&#8243; autoplay=\u00bbtrue\u00bb loop=\u00bbtrue\u00bb muted=\u00bbtrue\u00bb hide_controls=\u00bbtrue\u00bb aspect_ratio=\u00bbtrue\u00bb][vc_column_text css=\u00bb.vc_custom_1710954106636{margin-bottom: 0px !important;padding-top: 10px !important;background-color: #000000 !important;}\u00bb] Featured on National Geographic as one of the 10 best cookery schools in the world. [\/vc_column_text][\/vc_column][\/vc_row][vc_row fullwidth=\u00bbtrue\u00bb equal_columns=\u00bbtrue\u00bb id=\u00bbfila_slider\u00bb][vc_column width=\u00bb1\/2&#8243;][vc_row_inner [&hellip;]<\/p>\n","protected":false},"author":4,"featured_media":0,"parent":0,"menu_order":0,"comment_status":"closed","ping_status":"closed","template":"","meta":{"_acf_changed":false,"recipe_title_en":"","recipe_ingredients_es":"","recipe_method_es":"","recipe_ingredients_en":"","recipe_method_en":"","recipe_chef_notes_es":"","recipe_variations_es":"","chefnotes_en":"","variations_en":"","recipe_vimeo_link":"","recipe_families":"","recipe_techniques":"","footnotes":""},"categories":[],"tags":[],"class_list":["post-27041","page","type-page","status-publish","hentry"],"acf":[],"yoast_head":"<!-- This site is optimized with the Yoast SEO plugin v27.4 - https:\/\/yoast.com\/product\/yoast-seo-wordpress\/ -->\n<title>Cursos de cocina y tours gastron\u00f3micos en San Sebasti\u00e1n - Mimo<\/title>\n<meta name=\"description\" content=\"Descubre la cocina vasca y espa\u00f1ola en nuestros cursos de cocina y visita los mejores bares de San Sebasti\u00e1n en nuestros tours.\" \/>\n<meta name=\"robots\" content=\"index, follow, max-snippet:-1, max-image-preview:large, max-video-preview:-1\" \/>\n<link rel=\"canonical\" href=\"https:\/\/mimo.eus\/es\/new-home-2\" \/>\n<meta property=\"og:locale\" content=\"es_ES\" \/>\n<meta property=\"og:type\" content=\"article\" \/>\n<meta property=\"og:title\" content=\"Cursos de cocina y tours gastron\u00f3micos en San Sebasti\u00e1n - Mimo\" \/>\n<meta property=\"og:description\" content=\"Descubre la cocina vasca y espa\u00f1ola en nuestros cursos de cocina y visita los mejores bares de San Sebasti\u00e1n en nuestros tours.\" \/>\n<meta property=\"og:url\" content=\"https:\/\/mimo.eus\/es\/new-home-2\" \/>\n<meta property=\"og:site_name\" content=\"Mimo Bite the Experience - Cursos de cocina y tours en San Sebasti\u00e1n\" \/>\n<meta property=\"article:modified_time\" content=\"2024-04-19T11:47:15+00:00\" \/>\n<meta name=\"twitter:card\" content=\"summary_large_image\" \/>\n<meta name=\"twitter:label1\" content=\"Tiempo de lectura\" \/>\n\t<meta name=\"twitter:data1\" content=\"3 minutos\" \/>\n<script type=\"application\/ld+json\" class=\"yoast-schema-graph\">{\"@context\":\"https:\\\/\\\/schema.org\",\"@graph\":[{\"@type\":\"WebPage\",\"@id\":\"https:\\\/\\\/mimo.eus\\\/es\\\/new-home-2\",\"url\":\"https:\\\/\\\/mimo.eus\\\/es\\\/new-home-2\",\"name\":\"Cursos de cocina y tours gastron\u00f3micos en San Sebasti\u00e1n - Mimo\",\"isPartOf\":{\"@id\":\"https:\\\/\\\/mimo.eus\\\/es\\\/#website\"},\"datePublished\":\"2024-04-19T11:41:53+00:00\",\"dateModified\":\"2024-04-19T11:47:15+00:00\",\"description\":\"Descubre la cocina vasca y espa\u00f1ola en nuestros cursos de cocina y visita los mejores bares de San Sebasti\u00e1n en nuestros tours.\",\"breadcrumb\":{\"@id\":\"https:\\\/\\\/mimo.eus\\\/es\\\/new-home-2#breadcrumb\"},\"inLanguage\":\"es\",\"potentialAction\":[{\"@type\":\"ReadAction\",\"target\":[\"https:\\\/\\\/mimo.eus\\\/es\\\/new-home-2\"]}]},{\"@type\":\"BreadcrumbList\",\"@id\":\"https:\\\/\\\/mimo.eus\\\/es\\\/new-home-2#breadcrumb\",\"itemListElement\":[{\"@type\":\"ListItem\",\"position\":1,\"name\":\"Home\",\"item\":\"https:\\\/\\\/mimo.eus\\\/es\"},{\"@type\":\"ListItem\",\"position\":2,\"name\":\"New Home\"}]},{\"@type\":\"WebSite\",\"@id\":\"https:\\\/\\\/mimo.eus\\\/es\\\/#website\",\"url\":\"https:\\\/\\\/mimo.eus\\\/es\\\/\",\"name\":\"Mimo Bite the Experience - Cursos de cocina y tours en San Sebasti\u00e1n\",\"description\":\"Bite de Experience\",\"publisher\":{\"@id\":\"https:\\\/\\\/mimo.eus\\\/es\\\/#organization\"},\"potentialAction\":[{\"@type\":\"SearchAction\",\"target\":{\"@type\":\"EntryPoint\",\"urlTemplate\":\"https:\\\/\\\/mimo.eus\\\/es\\\/?s={search_term_string}\"},\"query-input\":{\"@type\":\"PropertyValueSpecification\",\"valueRequired\":true,\"valueName\":\"search_term_string\"}}],\"inLanguage\":\"es\"},{\"@type\":\"Organization\",\"@id\":\"https:\\\/\\\/mimo.eus\\\/es\\\/#organization\",\"name\":\"MIMO Bite The Experience\",\"url\":\"https:\\\/\\\/mimo.eus\\\/es\\\/\",\"logo\":{\"@type\":\"ImageObject\",\"inLanguage\":\"es\",\"@id\":\"https:\\\/\\\/mimo.eus\\\/es\\\/#\\\/schema\\\/logo\\\/image\\\/\",\"url\":\"https:\\\/\\\/mimo.eus\\\/wp-content\\\/uploads\\\/2021\\\/03\\\/mimo-logo-footer.png\",\"contentUrl\":\"https:\\\/\\\/mimo.eus\\\/wp-content\\\/uploads\\\/2021\\\/03\\\/mimo-logo-footer.png\",\"width\":265,\"height\":124,\"caption\":\"MIMO Bite The Experience\"},\"image\":{\"@id\":\"https:\\\/\\\/mimo.eus\\\/es\\\/#\\\/schema\\\/logo\\\/image\\\/\"}}]}<\/script>\n<!-- \/ Yoast SEO plugin. -->","yoast_head_json":{"title":"Cursos de cocina y tours gastron\u00f3micos en San Sebasti\u00e1n - Mimo","description":"Descubre la cocina vasca y espa\u00f1ola en nuestros cursos de cocina y visita los mejores bares de San Sebasti\u00e1n en nuestros tours.","robots":{"index":"index","follow":"follow","max-snippet":"max-snippet:-1","max-image-preview":"max-image-preview:large","max-video-preview":"max-video-preview:-1"},"canonical":"https:\/\/mimo.eus\/es\/new-home-2","og_locale":"es_ES","og_type":"article","og_title":"Cursos de cocina y tours gastron\u00f3micos en San Sebasti\u00e1n - Mimo","og_description":"Descubre la cocina vasca y espa\u00f1ola en nuestros cursos de cocina y visita los mejores bares de San Sebasti\u00e1n en nuestros tours.","og_url":"https:\/\/mimo.eus\/es\/new-home-2","og_site_name":"Mimo Bite the Experience - Cursos de cocina y tours en San Sebasti\u00e1n","article_modified_time":"2024-04-19T11:47:15+00:00","twitter_card":"summary_large_image","twitter_misc":{"Tiempo de lectura":"3 minutos"},"schema":{"@context":"https:\/\/schema.org","@graph":[{"@type":"WebPage","@id":"https:\/\/mimo.eus\/es\/new-home-2","url":"https:\/\/mimo.eus\/es\/new-home-2","name":"Cursos de cocina y tours gastron\u00f3micos en San Sebasti\u00e1n - Mimo","isPartOf":{"@id":"https:\/\/mimo.eus\/es\/#website"},"datePublished":"2024-04-19T11:41:53+00:00","dateModified":"2024-04-19T11:47:15+00:00","description":"Descubre la cocina vasca y espa\u00f1ola en nuestros cursos de cocina y visita los mejores bares de San Sebasti\u00e1n en nuestros tours.","breadcrumb":{"@id":"https:\/\/mimo.eus\/es\/new-home-2#breadcrumb"},"inLanguage":"es","potentialAction":[{"@type":"ReadAction","target":["https:\/\/mimo.eus\/es\/new-home-2"]}]},{"@type":"BreadcrumbList","@id":"https:\/\/mimo.eus\/es\/new-home-2#breadcrumb","itemListElement":[{"@type":"ListItem","position":1,"name":"Home","item":"https:\/\/mimo.eus\/es"},{"@type":"ListItem","position":2,"name":"New Home"}]},{"@type":"WebSite","@id":"https:\/\/mimo.eus\/es\/#website","url":"https:\/\/mimo.eus\/es\/","name":"Mimo Bite the Experience - Cursos de cocina y tours en San Sebasti\u00e1n","description":"Bite de Experience","publisher":{"@id":"https:\/\/mimo.eus\/es\/#organization"},"potentialAction":[{"@type":"SearchAction","target":{"@type":"EntryPoint","urlTemplate":"https:\/\/mimo.eus\/es\/?s={search_term_string}"},"query-input":{"@type":"PropertyValueSpecification","valueRequired":true,"valueName":"search_term_string"}}],"inLanguage":"es"},{"@type":"Organization","@id":"https:\/\/mimo.eus\/es\/#organization","name":"MIMO Bite The Experience","url":"https:\/\/mimo.eus\/es\/","logo":{"@type":"ImageObject","inLanguage":"es","@id":"https:\/\/mimo.eus\/es\/#\/schema\/logo\/image\/","url":"https:\/\/mimo.eus\/wp-content\/uploads\/2021\/03\/mimo-logo-footer.png","contentUrl":"https:\/\/mimo.eus\/wp-content\/uploads\/2021\/03\/mimo-logo-footer.png","width":265,"height":124,"caption":"MIMO Bite The Experience"},"image":{"@id":"https:\/\/mimo.eus\/es\/#\/schema\/logo\/image\/"}}]}},"_links":{"self":[{"href":"https:\/\/mimo.eus\/es\/wp-json\/wp\/v2\/pages\/27041","targetHints":{"allow":["GET"]}}],"collection":[{"href":"https:\/\/mimo.eus\/es\/wp-json\/wp\/v2\/pages"}],"about":[{"href":"https:\/\/mimo.eus\/es\/wp-json\/wp\/v2\/types\/page"}],"author":[{"embeddable":true,"href":"https:\/\/mimo.eus\/es\/wp-json\/wp\/v2\/users\/4"}],"replies":[{"embeddable":true,"href":"https:\/\/mimo.eus\/es\/wp-json\/wp\/v2\/comments?post=27041"}],"version-history":[{"count":0,"href":"https:\/\/mimo.eus\/es\/wp-json\/wp\/v2\/pages\/27041\/revisions"}],"wp:attachment":[{"href":"https:\/\/mimo.eus\/es\/wp-json\/wp\/v2\/media?parent=27041"}],"wp:term":[{"taxonomy":"category","embeddable":true,"href":"https:\/\/mimo.eus\/es\/wp-json\/wp\/v2\/categories?post=27041"},{"taxonomy":"post_tag","embeddable":true,"href":"https:\/\/mimo.eus\/es\/wp-json\/wp\/v2\/tags?post=27041"}],"curies":[{"name":"wp","href":"https:\/\/api.w.org\/{rel}","templated":true}]}}