{"id":26054,"date":"2024-02-23T10:01:16","date_gmt":"2024-02-23T09:01:16","guid":{"rendered":"https:\/\/mimo.eus\/?page_id=26054"},"modified":"2024-10-18T13:31:28","modified_gmt":"2024-10-18T11:31:28","slug":"sostenibleyresponsable","status":"publish","type":"page","link":"https:\/\/mimo.eus\/es\/sostenibleyresponsable","title":{"rendered":"Sustainable and Conscious"},"content":{"rendered":"<div class=\"wpb-content-wrapper\">[vc_row][vc_column width=\u00bb1\/2&#8243;][vc_column_text css=\u00bb.vc_custom_1708677811074{margin-bottom: 0px !important;}\u00bb]\n<h1>Sostenible<\/h1>\n[\/vc_column_text][vc_empty_space][vc_single_image image=\u00bb26056&#8243;][vc_column_text css=\u00bb.vc_custom_1708677943296{margin-bottom: 0px !important;}\u00bb]<strong>Temporada<\/strong> es nuestra palabra clave m\u00e1s importante. Trabajamos con productos de temporada, por eso no podemos garantizar un plato espec\u00edfico en nuestras clases de cocina. Trabajamos con lo que obtenemos de la tierra en cada momento[\/vc_column_text][vc_empty_space][vc_single_image image=\u00bb26060&#8243;][vc_column_text css=\u00bb.vc_custom_1708678046760{margin-bottom: 0px !important;}\u00bb]Productos KmO el mejor pescado\u00a0 y los incre\u00edbles productos de nuestras baserris (granjas en el Pa\u00eds Vasco). Todo siempre de cercan\u00eda.[\/vc_column_text][vc_empty_space][vc_single_image image=\u00bb26068&#8243;][vc_column_text css=\u00bb.vc_custom_1708678109222{margin-bottom: 0px !important;}\u00bb]Practicamos un\u00a0 consumo responsable de recursos evitando compras exceivas y el exceso de comida. Es por eso que trabajamos con reservas anticipadas, lo que nos permite planificar nuestras compras, especialmente de productos perecederos.[\/vc_column_text][vc_empty_space][vc_single_image image=\u00bb26076&#8243;][vc_column_text css=\u00bb.vc_custom_1708678154215{margin-bottom: 0px !important;}\u00bb]Hacemos <strong>compostaje<\/strong> y utilizamos el compost resultante para fertilizar las plantas que adornan la entrada de nuestra escuela. A su vez utilizamos estas plantas en nuestros platos.[\/vc_column_text][vc_empty_space][vc_single_image image=\u00bb26072&#8243;][vc_column_text css=\u00bb.vc_custom_1708678175572{margin-bottom: 0px !important;}\u00bb]Separamos y<strong> reciclamos<\/strong> todos los desechos en nuestra escuela, y evitamos activamente el uso de envases y utensilios de un solo uso.[\/vc_column_text][\/vc_column][vc_column width=\u00bb1\/2&#8243;][vc_column_text css=\u00bb.vc_custom_1708679288324{margin-bottom: 0px !important;}\u00bb]\n<h1>Responsable<\/h1>\n[\/vc_column_text][vc_empty_space][vc_single_image image=\u00bb26064&#8243;][vc_column_text css=\u00bb.vc_custom_1708678288841{margin-bottom: 0px !important;}\u00bb]Compramos en el mercado local: directamente de los productores para obtener los mejores productos disponibles para nuestros clientes y promover las peque\u00f1os negocios locales, que son una parte crucial de nuestra sociedad y forma de vida.[\/vc_column_text][vc_empty_space][vc_single_image image=\u00bb26080&#8243;][vc_column_text css=\u00bb.vc_custom_1729251126428{margin-bottom: 0px !important;}\u00bb]\n<ul>\n<li>Preferimos <strong>grupos peque\u00f1os<\/strong> para garantizar una experiencia m\u00e1s agradable para nuestros clientes y\u00a0 para mantener el ambiente\u00a0 de San Sebasti\u00e1n sin causar ninguna interrupci\u00f3n ni promover la masificaci\u00f3n de la ciudad<strong>. NOVEDAD 2025!<\/strong>\u00a0reducimos el n\u00famero m\u00e1ximo de participantes en nuestras experiencias en grupo: de 10 a 8 personas en tour de pintxos, de 16\u00a0 a 10 en grupos de clases de cocina.<\/li>\n<\/ul>\n[\/vc_column_text][vc_empty_space][vc_single_image image=\u00bb26084&#8243;][vc_column_text css=\u00bb.vc_custom_1708678968496{margin-bottom: 0px !important;}\u00bb]Practicamos el<strong> turismo responsable<\/strong>, sin explotar nuestra cultura o historia, sino involucrando a todos los que nos visitan en nuestro ambiente y constumbres. Nos apasiona la gastronom\u00eda vasca y queremos compartir el amor y el respeto que sentimos por ella con todos los visitantes.[\/vc_column_text][\/vc_column][vc_column][\/vc_column][\/vc_row]\n<\/div>","protected":false},"excerpt":{"rendered":"<p>[vc_row][vc_column width=\u00bb1\/2&#8243;][vc_column_text css=\u00bb.vc_custom_1708677811074{margin-bottom: 0px !important;}\u00bb] Sostenible [\/vc_column_text][vc_empty_space][vc_single_image image=\u00bb26056&#8243;][vc_column_text css=\u00bb.vc_custom_1708677943296{margin-bottom: 0px !important;}\u00bb]Temporada es nuestra palabra clave m\u00e1s importante. Trabajamos con productos de temporada, por eso no podemos garantizar un plato espec\u00edfico en nuestras clases de cocina. Trabajamos con lo que obtenemos de la tierra en cada momento[\/vc_column_text][vc_empty_space][vc_single_image image=\u00bb26060&#8243;][vc_column_text css=\u00bb.vc_custom_1708678046760{margin-bottom: 0px !important;}\u00bb]Productos KmO el mejor pescado\u00a0 y [&hellip;]<\/p>\n","protected":false},"author":4,"featured_media":0,"parent":0,"menu_order":0,"comment_status":"closed","ping_status":"closed","template":"","meta":{"_acf_changed":false,"recipe_title_en":"","recipe_ingredients_es":"","recipe_method_es":"","recipe_ingredients_en":"","recipe_method_en":"","recipe_chef_notes_es":"","recipe_variations_es":"","chefnotes_en":"","variations_en":"","recipe_vimeo_link":"","recipe_families":"","recipe_techniques":"","footnotes":""},"categories":[],"tags":[],"class_list":["post-26054","page","type-page","status-publish","hentry"],"acf":[],"yoast_head":"<!-- This site is optimized with the Yoast SEO plugin v27.5 - https:\/\/yoast.com\/product\/yoast-seo-wordpress\/ -->\n<title>Sustainable and Conscious - Mimo Bite the Experience - Cursos de cocina y tours en San Sebasti\u00e1n<\/title>\n<meta name=\"robots\" content=\"index, nofollow, max-snippet:-1, max-image-preview:large, max-video-preview:-1\" \/>\n<link rel=\"canonical\" href=\"https:\/\/mimo.eus\/es\/sostenibleyresponsable\" \/>\n<meta property=\"og:locale\" content=\"es_ES\" \/>\n<meta property=\"og:type\" content=\"article\" \/>\n<meta property=\"og:title\" content=\"Sustainable and Conscious - Mimo Bite the Experience - Cursos de cocina y tours en San Sebasti\u00e1n\" \/>\n<meta property=\"og:description\" content=\"[vc_row][vc_column width=\u00bb1\/2&#8243;][vc_column_text css=\u00bb.vc_custom_1708677811074{margin-bottom: 0px !important;}\u00bb] Sostenible [\/vc_column_text][vc_empty_space][vc_single_image image=\u00bb26056&#8243;][vc_column_text css=\u00bb.vc_custom_1708677943296{margin-bottom: 0px !important;}\u00bb]Temporada es nuestra palabra clave m\u00e1s importante. Trabajamos con productos de temporada, por eso no podemos garantizar un plato espec\u00edfico en nuestras clases de cocina. Trabajamos con lo que obtenemos de la tierra en cada momento[\/vc_column_text][vc_empty_space][vc_single_image image=\u00bb26060&#8243;][vc_column_text css=\u00bb.vc_custom_1708678046760{margin-bottom: 0px !important;}\u00bb]Productos KmO el mejor pescado\u00a0 y [&hellip;]\" \/>\n<meta property=\"og:url\" content=\"https:\/\/mimo.eus\/es\/sostenibleyresponsable\" \/>\n<meta property=\"og:site_name\" content=\"Mimo Bite the Experience - Cursos de cocina y tours en San Sebasti\u00e1n\" \/>\n<meta property=\"article:modified_time\" content=\"2024-10-18T11:31:28+00:00\" \/>\n<meta name=\"twitter:card\" content=\"summary_large_image\" \/>\n<meta name=\"twitter:label1\" content=\"Tiempo de lectura\" \/>\n\t<meta name=\"twitter:data1\" content=\"1 minuto\" \/>\n<script type=\"application\/ld+json\" class=\"yoast-schema-graph\">{\"@context\":\"https:\\\/\\\/schema.org\",\"@graph\":[{\"@type\":\"WebPage\",\"@id\":\"https:\\\/\\\/mimo.eus\\\/es\\\/sostenibleyresponsable\",\"url\":\"https:\\\/\\\/mimo.eus\\\/es\\\/sostenibleyresponsable\",\"name\":\"Sustainable and Conscious - Mimo Bite the Experience - Cursos de cocina y tours en San Sebasti\u00e1n\",\"isPartOf\":{\"@id\":\"https:\\\/\\\/mimo.eus\\\/es\\\/#website\"},\"datePublished\":\"2024-02-23T09:01:16+00:00\",\"dateModified\":\"2024-10-18T11:31:28+00:00\",\"breadcrumb\":{\"@id\":\"https:\\\/\\\/mimo.eus\\\/es\\\/sostenibleyresponsable#breadcrumb\"},\"inLanguage\":\"es\",\"potentialAction\":[{\"@type\":\"ReadAction\",\"target\":[\"https:\\\/\\\/mimo.eus\\\/es\\\/sostenibleyresponsable\"]}]},{\"@type\":\"BreadcrumbList\",\"@id\":\"https:\\\/\\\/mimo.eus\\\/es\\\/sostenibleyresponsable#breadcrumb\",\"itemListElement\":[{\"@type\":\"ListItem\",\"position\":1,\"name\":\"Home\",\"item\":\"https:\\\/\\\/mimo.eus\\\/es\"},{\"@type\":\"ListItem\",\"position\":2,\"name\":\"Sustainable and Conscious\"}]},{\"@type\":\"WebSite\",\"@id\":\"https:\\\/\\\/mimo.eus\\\/es\\\/#website\",\"url\":\"https:\\\/\\\/mimo.eus\\\/es\\\/\",\"name\":\"Mimo Bite the Experience - Cursos de cocina y tours en San Sebasti\u00e1n\",\"description\":\"Bite de Experience\",\"publisher\":{\"@id\":\"https:\\\/\\\/mimo.eus\\\/es\\\/#organization\"},\"potentialAction\":[{\"@type\":\"SearchAction\",\"target\":{\"@type\":\"EntryPoint\",\"urlTemplate\":\"https:\\\/\\\/mimo.eus\\\/es\\\/?s={search_term_string}\"},\"query-input\":{\"@type\":\"PropertyValueSpecification\",\"valueRequired\":true,\"valueName\":\"search_term_string\"}}],\"inLanguage\":\"es\"},{\"@type\":\"Organization\",\"@id\":\"https:\\\/\\\/mimo.eus\\\/es\\\/#organization\",\"name\":\"MIMO Bite The Experience\",\"url\":\"https:\\\/\\\/mimo.eus\\\/es\\\/\",\"logo\":{\"@type\":\"ImageObject\",\"inLanguage\":\"es\",\"@id\":\"https:\\\/\\\/mimo.eus\\\/es\\\/#\\\/schema\\\/logo\\\/image\\\/\",\"url\":\"https:\\\/\\\/mimo.eus\\\/wp-content\\\/uploads\\\/2021\\\/03\\\/mimo-logo-footer.png\",\"contentUrl\":\"https:\\\/\\\/mimo.eus\\\/wp-content\\\/uploads\\\/2021\\\/03\\\/mimo-logo-footer.png\",\"width\":265,\"height\":124,\"caption\":\"MIMO Bite The Experience\"},\"image\":{\"@id\":\"https:\\\/\\\/mimo.eus\\\/es\\\/#\\\/schema\\\/logo\\\/image\\\/\"}}]}<\/script>\n<!-- \/ Yoast SEO plugin. -->","yoast_head_json":{"title":"Sustainable and Conscious - Mimo Bite the Experience - Cursos de cocina y tours en San Sebasti\u00e1n","robots":{"index":"index","follow":"nofollow","max-snippet":"max-snippet:-1","max-image-preview":"max-image-preview:large","max-video-preview":"max-video-preview:-1"},"canonical":"https:\/\/mimo.eus\/es\/sostenibleyresponsable","og_locale":"es_ES","og_type":"article","og_title":"Sustainable and Conscious - Mimo Bite the Experience - Cursos de cocina y tours en San Sebasti\u00e1n","og_description":"[vc_row][vc_column width=\u00bb1\/2&#8243;][vc_column_text css=\u00bb.vc_custom_1708677811074{margin-bottom: 0px !important;}\u00bb] Sostenible [\/vc_column_text][vc_empty_space][vc_single_image image=\u00bb26056&#8243;][vc_column_text css=\u00bb.vc_custom_1708677943296{margin-bottom: 0px !important;}\u00bb]Temporada es nuestra palabra clave m\u00e1s importante. Trabajamos con productos de temporada, por eso no podemos garantizar un plato espec\u00edfico en nuestras clases de cocina. Trabajamos con lo que obtenemos de la tierra en cada momento[\/vc_column_text][vc_empty_space][vc_single_image image=\u00bb26060&#8243;][vc_column_text css=\u00bb.vc_custom_1708678046760{margin-bottom: 0px !important;}\u00bb]Productos KmO el mejor pescado\u00a0 y [&hellip;]","og_url":"https:\/\/mimo.eus\/es\/sostenibleyresponsable","og_site_name":"Mimo Bite the Experience - Cursos de cocina y tours en San Sebasti\u00e1n","article_modified_time":"2024-10-18T11:31:28+00:00","twitter_card":"summary_large_image","twitter_misc":{"Tiempo de lectura":"1 minuto"},"schema":{"@context":"https:\/\/schema.org","@graph":[{"@type":"WebPage","@id":"https:\/\/mimo.eus\/es\/sostenibleyresponsable","url":"https:\/\/mimo.eus\/es\/sostenibleyresponsable","name":"Sustainable and Conscious - Mimo Bite the Experience - Cursos de cocina y tours en San Sebasti\u00e1n","isPartOf":{"@id":"https:\/\/mimo.eus\/es\/#website"},"datePublished":"2024-02-23T09:01:16+00:00","dateModified":"2024-10-18T11:31:28+00:00","breadcrumb":{"@id":"https:\/\/mimo.eus\/es\/sostenibleyresponsable#breadcrumb"},"inLanguage":"es","potentialAction":[{"@type":"ReadAction","target":["https:\/\/mimo.eus\/es\/sostenibleyresponsable"]}]},{"@type":"BreadcrumbList","@id":"https:\/\/mimo.eus\/es\/sostenibleyresponsable#breadcrumb","itemListElement":[{"@type":"ListItem","position":1,"name":"Home","item":"https:\/\/mimo.eus\/es"},{"@type":"ListItem","position":2,"name":"Sustainable and Conscious"}]},{"@type":"WebSite","@id":"https:\/\/mimo.eus\/es\/#website","url":"https:\/\/mimo.eus\/es\/","name":"Mimo Bite the Experience - Cursos de cocina y tours en San Sebasti\u00e1n","description":"Bite de Experience","publisher":{"@id":"https:\/\/mimo.eus\/es\/#organization"},"potentialAction":[{"@type":"SearchAction","target":{"@type":"EntryPoint","urlTemplate":"https:\/\/mimo.eus\/es\/?s={search_term_string}"},"query-input":{"@type":"PropertyValueSpecification","valueRequired":true,"valueName":"search_term_string"}}],"inLanguage":"es"},{"@type":"Organization","@id":"https:\/\/mimo.eus\/es\/#organization","name":"MIMO Bite The Experience","url":"https:\/\/mimo.eus\/es\/","logo":{"@type":"ImageObject","inLanguage":"es","@id":"https:\/\/mimo.eus\/es\/#\/schema\/logo\/image\/","url":"https:\/\/mimo.eus\/wp-content\/uploads\/2021\/03\/mimo-logo-footer.png","contentUrl":"https:\/\/mimo.eus\/wp-content\/uploads\/2021\/03\/mimo-logo-footer.png","width":265,"height":124,"caption":"MIMO Bite The Experience"},"image":{"@id":"https:\/\/mimo.eus\/es\/#\/schema\/logo\/image\/"}}]}},"_links":{"self":[{"href":"https:\/\/mimo.eus\/es\/wp-json\/wp\/v2\/pages\/26054","targetHints":{"allow":["GET"]}}],"collection":[{"href":"https:\/\/mimo.eus\/es\/wp-json\/wp\/v2\/pages"}],"about":[{"href":"https:\/\/mimo.eus\/es\/wp-json\/wp\/v2\/types\/page"}],"author":[{"embeddable":true,"href":"https:\/\/mimo.eus\/es\/wp-json\/wp\/v2\/users\/4"}],"replies":[{"embeddable":true,"href":"https:\/\/mimo.eus\/es\/wp-json\/wp\/v2\/comments?post=26054"}],"version-history":[{"count":0,"href":"https:\/\/mimo.eus\/es\/wp-json\/wp\/v2\/pages\/26054\/revisions"}],"wp:attachment":[{"href":"https:\/\/mimo.eus\/es\/wp-json\/wp\/v2\/media?parent=26054"}],"wp:term":[{"taxonomy":"category","embeddable":true,"href":"https:\/\/mimo.eus\/es\/wp-json\/wp\/v2\/categories?post=26054"},{"taxonomy":"post_tag","embeddable":true,"href":"https:\/\/mimo.eus\/es\/wp-json\/wp\/v2\/tags?post=26054"}],"curies":[{"name":"wp","href":"https:\/\/api.w.org\/{rel}","templated":true}]}}