{"id":19477,"date":"2023-06-09T10:43:18","date_gmt":"2023-06-09T08:43:18","guid":{"rendered":"https:\/\/mimo.eus\/?page_id=19477"},"modified":"2023-06-09T10:46:52","modified_gmt":"2023-06-09T08:46:52","slug":"agencias","status":"publish","type":"page","link":"https:\/\/mimo.eus\/es\/agencias","title":{"rendered":"Agencias"},"content":{"rendered":"<div class=\"wpb-content-wrapper\">[vc_row fullwidth=\u00bbtrue\u00bb visibility=\u00bbhidden-sm\u00bb][vc_column offset=\u00bbvc_hidden-xs\u00bb][vc_single_image image=\u00bb17533&#8243; img_size=\u00bbfull\u00bb alignment=\u00bbcenter\u00bb onclick=\u00bbcustom_link\u00bb link=\u00bbhttps:\/\/mimo.eus\/special-prices\u00bb css=\u00bb.vc_custom_1679991799528{margin: 0px !important;padding: 0px !important;border: 0px initial !important;}\u00bb][vc_column_text css=\u00bb.vc_custom_1684846960323{margin-bottom: 0px !important;padding-top: 10px !important;background-color: #000000 !important;}\u00bb]\n<p style=\"text-align: center; font-size: 20px;\"><strong><span style=\"color: #ffffff;\"> Featured on National Geographic as one of the 10 best cookery schools in the world.<\/span><\/strong><\/p>\n[\/vc_column_text][\/vc_column][\/vc_row][vc_row fullwidth=\u00bbtrue\u00bb][vc_column offset=\u00bbvc_hidden-lg vc_hidden-md vc_hidden-sm\u00bb][vc_single_image image=\u00bb17533&#8243; img_size=\u00bbfull\u00bb alignment=\u00bbcenter\u00bb onclick=\u00bbcustom_link\u00bb link=\u00bbhttps:\/\/mimo.eus\/special-prices\u00bb css=\u00bb.vc_custom_1679991799528{margin: 0px !important;padding: 0px !important;border: 0px initial !important;}\u00bb][vc_column_text css=\u00bb.vc_custom_1684847038753{margin-bottom: 0px !important;padding-top: 10px !important;background-color: #000000 !important;}\u00bb]\n<p style=\"text-align: center;\"><strong><span style=\"color: #ffffff;\"> Featured on National Geographic as one of the 10 best cookery schools in the world.<\/span><\/strong><\/p>\n[\/vc_column_text][\/vc_column][\/vc_row][vc_row id=\u00bbfila_slider\u00bb][vc_column css=\u00bb.vc_custom_1652344492692{padding-right: 0px !important;padding-left: 0px !important;}\u00bb][vc_row_inner is_fullwidth_content=\u00bbfalse\u00bb el_class=\u00bbfila_post\u00bb css=\u00bb.vc_custom_1671113018399{border-radius: 1px !important;}\u00bb][vc_column_inner width=\u00bb1\/2&#8243;][mk_padding_divider size=\u00bb10&#8243;][vc_column_text css=\u00bb.vc_custom_1686299552670{margin-bottom: 50px !important;}\u00bb]\n<h1 style=\"text-align: left;\"><small>Mimo Bite the Experience<\/small><\/h1>\n<p>&nbsp;<\/p>\n<p style=\"text-align: left;\">Reservar m\u00e1s f\u00e1cil que nunca. Inicie sesi\u00f3n como agencia a trav\u00e9s de mi cuenta y se aplicar\u00e1n autom\u00e1ticamente precios netos especiales. Puede bloquear espacios para sus clientes sin pagar inmediatamente, puede hacerlo dos semanas antes de la fecha de la experiencia. Descarga las condiciones de pago y cancelaci\u00f3n aqu\u00ed.<\/p>\n[\/vc_column_text][vc_btn title=\u00bbPrecios, condiciones de pago y cancelaci\u00f3n para agencias\u00bb style=\u00bboutline\u00bb shape=\u00bbsquare\u00bb color=\u00bbblack\u00bb link=\u00bburl:https%3A%2F%2Fdrive.google.com%2Ffile%2Fd%2F1HBFQ5MrP6-7ItMTO-0K13NrPbDFFLR14%2Fview%3Fusp%3Dsharing|title:Cursos%20de%20cocina%20espa%C3%B1ola\u00bb][\/vc_column_inner][vc_column_inner width=\u00bb1\/2&#8243;][vc_empty_space height=\u00bb30px\u00bb][vc_column_text css=\u00bb.vc_custom_1686299566609{margin-bottom: 0px !important;}\u00bb]\n<h2>Disponibilidad en directo<\/h2>\n[\/vc_column_text][vc_column_text css=\u00bb.vc_custom_1676622931227{margin-bottom: 0px !important;}\u00bb][calenderdisplay][\/vc_column_text][\/vc_column_inner][\/vc_row_inner][vc_row_inner is_fullwidth_content=\u00bbfalse\u00bb][vc_column_inner][vc_separator color=\u00bbblack\u00bb][\/vc_column_inner][\/vc_row_inner][\/vc_column][\/vc_row][vc_row][vc_column][vc_column_text css=\u00bb.vc_custom_1686299578159{margin-bottom: 0px !important;}\u00bb]\n<h2 style=\"text-align: left;\">Experiencias en grupo<\/h2>\n[\/vc_column_text][vc_empty_space][vc_basic_grid post_type=\u00bbproduct\u00bb max_items=\u00bb14&#8243; element_width=\u00bb3&#8243; orderby=\u00bbmenu_order\u00bb order=\u00bbASC\u00bb item=\u00bb13230&#8243; grid_id=\u00bbvc_gid:1686300165709-c58a6836-2417-7&#8243; taxonomies=\u00bb15, 114, 28&#8243; exclude=\u00bb12337, 16896, 3436, 18799, 5011&#8243;][\/vc_column][\/vc_row][vc_row][vc_column][vc_separator color=\u00bbblack\u00bb][vc_empty_space][vc_column_text css=\u00bb.vc_custom_1686299702955{margin-bottom: 0px !important;}\u00bb]\n<h2 style=\"text-align: left;\">Experiencias privadas<\/h2>\n[\/vc_column_text][vc_empty_space][vc_row_inner is_fullwidth_content=\u00bbfalse\u00bb][vc_column_inner][vc_basic_grid post_type=\u00bbproduct\u00bb max_items=\u00bb6&#8243; element_width=\u00bb3&#8243; order=\u00bbASC\u00bb item=\u00bb13230&#8243; grid_id=\u00bbvc_gid:1686300165711-fc114e4b-7f21-3&#8243; taxonomies=\u00bb42, 32, 138, 45&#8243; exclude=\u00bb14915, 5011&#8243;][\/vc_column_inner][\/vc_row_inner][vc_separator color=\u00bbblack\u00bb][vc_empty_space][\/vc_column][\/vc_row]\n<\/div>","protected":false},"excerpt":{"rendered":"<p>[vc_row fullwidth=\u00bbtrue\u00bb visibility=\u00bbhidden-sm\u00bb][vc_column offset=\u00bbvc_hidden-xs\u00bb][vc_single_image image=\u00bb17533&#8243; img_size=\u00bbfull\u00bb alignment=\u00bbcenter\u00bb onclick=\u00bbcustom_link\u00bb link=\u00bbhttps:\/\/mimo.eus\/special-prices\u00bb css=\u00bb.vc_custom_1679991799528{margin: 0px !important;padding: 0px !important;border: 0px initial !important;}\u00bb][vc_column_text css=\u00bb.vc_custom_1684846960323{margin-bottom: 0px !important;padding-top: 10px !important;background-color: #000000 !important;}\u00bb] Featured on National Geographic as one of the 10 best cookery schools in the world. [\/vc_column_text][\/vc_column][\/vc_row][vc_row fullwidth=\u00bbtrue\u00bb][vc_column offset=\u00bbvc_hidden-lg vc_hidden-md vc_hidden-sm\u00bb][vc_single_image image=\u00bb17533&#8243; img_size=\u00bbfull\u00bb alignment=\u00bbcenter\u00bb onclick=\u00bbcustom_link\u00bb link=\u00bbhttps:\/\/mimo.eus\/special-prices\u00bb css=\u00bb.vc_custom_1679991799528{margin: 0px !important;padding: 0px !important;border: 0px [&hellip;]<\/p>\n","protected":false},"author":30,"featured_media":0,"parent":0,"menu_order":0,"comment_status":"closed","ping_status":"closed","template":"","meta":{"_acf_changed":false,"recipe_title_en":"","recipe_ingredients_es":"","recipe_method_es":"","recipe_ingredients_en":"","recipe_method_en":"","recipe_chef_notes_es":"","recipe_variations_es":"","chefnotes_en":"","variations_en":"","recipe_vimeo_link":"","recipe_families":"","recipe_techniques":"","footnotes":""},"categories":[],"tags":[],"class_list":["post-19477","page","type-page","status-publish","hentry"],"acf":[],"yoast_head":"<!-- This site is optimized with the Yoast SEO plugin v27.4 - https:\/\/yoast.com\/product\/yoast-seo-wordpress\/ -->\n<title>Mimo - Cooking Classes and Food Tours in San Sebastian<\/title>\n<meta name=\"description\" content=\"Learn how to prepare the most typical San Sebastian and Spanish dishes in our cooking classes and discover best locals in one of our tours\" \/>\n<meta name=\"robots\" content=\"index, follow, max-snippet:-1, max-image-preview:large, max-video-preview:-1\" \/>\n<link rel=\"canonical\" href=\"https:\/\/mimo.eus\/es\/agencias\" \/>\n<meta property=\"og:locale\" content=\"es_ES\" \/>\n<meta property=\"og:type\" content=\"article\" \/>\n<meta property=\"og:title\" content=\"Mimo - Cooking Classes and Food Tours in San Sebastian\" \/>\n<meta property=\"og:description\" content=\"Learn how to prepare the most typical San Sebastian and Spanish dishes in our cooking classes and discover best locals in one of our tours\" \/>\n<meta property=\"og:url\" content=\"https:\/\/mimo.eus\/es\/agencias\" \/>\n<meta property=\"og:site_name\" content=\"Mimo Bite the Experience - Cursos de cocina y tours en San Sebasti\u00e1n\" \/>\n<meta property=\"article:modified_time\" content=\"2023-06-09T08:46:52+00:00\" \/>\n<meta name=\"twitter:card\" content=\"summary_large_image\" \/>\n<meta name=\"twitter:label1\" content=\"Tiempo de lectura\" \/>\n\t<meta name=\"twitter:data1\" content=\"3 minutos\" \/>\n<script type=\"application\/ld+json\" class=\"yoast-schema-graph\">{\"@context\":\"https:\\\/\\\/schema.org\",\"@graph\":[{\"@type\":\"WebPage\",\"@id\":\"https:\\\/\\\/mimo.eus\\\/es\\\/agencias\",\"url\":\"https:\\\/\\\/mimo.eus\\\/es\\\/agencias\",\"name\":\"Mimo - Cooking Classes and Food Tours in San Sebastian\",\"isPartOf\":{\"@id\":\"https:\\\/\\\/mimo.eus\\\/es\\\/#website\"},\"datePublished\":\"2023-06-09T08:43:18+00:00\",\"dateModified\":\"2023-06-09T08:46:52+00:00\",\"description\":\"Learn how to prepare the most typical San Sebastian and Spanish dishes in our cooking classes and discover best locals in one of our tours\",\"breadcrumb\":{\"@id\":\"https:\\\/\\\/mimo.eus\\\/es\\\/agencias#breadcrumb\"},\"inLanguage\":\"es\",\"potentialAction\":[{\"@type\":\"ReadAction\",\"target\":[\"https:\\\/\\\/mimo.eus\\\/es\\\/agencias\"]}]},{\"@type\":\"BreadcrumbList\",\"@id\":\"https:\\\/\\\/mimo.eus\\\/es\\\/agencias#breadcrumb\",\"itemListElement\":[{\"@type\":\"ListItem\",\"position\":1,\"name\":\"Home\",\"item\":\"https:\\\/\\\/mimo.eus\\\/es\"},{\"@type\":\"ListItem\",\"position\":2,\"name\":\"Agencias\"}]},{\"@type\":\"WebSite\",\"@id\":\"https:\\\/\\\/mimo.eus\\\/es\\\/#website\",\"url\":\"https:\\\/\\\/mimo.eus\\\/es\\\/\",\"name\":\"Mimo Bite the Experience - Cursos de cocina y tours en San Sebasti\u00e1n\",\"description\":\"Bite de Experience\",\"publisher\":{\"@id\":\"https:\\\/\\\/mimo.eus\\\/es\\\/#organization\"},\"potentialAction\":[{\"@type\":\"SearchAction\",\"target\":{\"@type\":\"EntryPoint\",\"urlTemplate\":\"https:\\\/\\\/mimo.eus\\\/es\\\/?s={search_term_string}\"},\"query-input\":{\"@type\":\"PropertyValueSpecification\",\"valueRequired\":true,\"valueName\":\"search_term_string\"}}],\"inLanguage\":\"es\"},{\"@type\":\"Organization\",\"@id\":\"https:\\\/\\\/mimo.eus\\\/es\\\/#organization\",\"name\":\"MIMO Bite The Experience\",\"url\":\"https:\\\/\\\/mimo.eus\\\/es\\\/\",\"logo\":{\"@type\":\"ImageObject\",\"inLanguage\":\"es\",\"@id\":\"https:\\\/\\\/mimo.eus\\\/es\\\/#\\\/schema\\\/logo\\\/image\\\/\",\"url\":\"https:\\\/\\\/mimo.eus\\\/wp-content\\\/uploads\\\/2021\\\/03\\\/mimo-logo-footer.png\",\"contentUrl\":\"https:\\\/\\\/mimo.eus\\\/wp-content\\\/uploads\\\/2021\\\/03\\\/mimo-logo-footer.png\",\"width\":265,\"height\":124,\"caption\":\"MIMO Bite The Experience\"},\"image\":{\"@id\":\"https:\\\/\\\/mimo.eus\\\/es\\\/#\\\/schema\\\/logo\\\/image\\\/\"}}]}<\/script>\n<!-- \/ Yoast SEO plugin. -->","yoast_head_json":{"title":"Mimo - Cooking Classes and Food Tours in San Sebastian","description":"Learn how to prepare the most typical San Sebastian and Spanish dishes in our cooking classes and discover best locals in one of our tours","robots":{"index":"index","follow":"follow","max-snippet":"max-snippet:-1","max-image-preview":"max-image-preview:large","max-video-preview":"max-video-preview:-1"},"canonical":"https:\/\/mimo.eus\/es\/agencias","og_locale":"es_ES","og_type":"article","og_title":"Mimo - Cooking Classes and Food Tours in San Sebastian","og_description":"Learn how to prepare the most typical San Sebastian and Spanish dishes in our cooking classes and discover best locals in one of our tours","og_url":"https:\/\/mimo.eus\/es\/agencias","og_site_name":"Mimo Bite the Experience - Cursos de cocina y tours en San Sebasti\u00e1n","article_modified_time":"2023-06-09T08:46:52+00:00","twitter_card":"summary_large_image","twitter_misc":{"Tiempo de lectura":"3 minutos"},"schema":{"@context":"https:\/\/schema.org","@graph":[{"@type":"WebPage","@id":"https:\/\/mimo.eus\/es\/agencias","url":"https:\/\/mimo.eus\/es\/agencias","name":"Mimo - Cooking Classes and Food Tours in San Sebastian","isPartOf":{"@id":"https:\/\/mimo.eus\/es\/#website"},"datePublished":"2023-06-09T08:43:18+00:00","dateModified":"2023-06-09T08:46:52+00:00","description":"Learn how to prepare the most typical San Sebastian and Spanish dishes in our cooking classes and discover best locals in one of our tours","breadcrumb":{"@id":"https:\/\/mimo.eus\/es\/agencias#breadcrumb"},"inLanguage":"es","potentialAction":[{"@type":"ReadAction","target":["https:\/\/mimo.eus\/es\/agencias"]}]},{"@type":"BreadcrumbList","@id":"https:\/\/mimo.eus\/es\/agencias#breadcrumb","itemListElement":[{"@type":"ListItem","position":1,"name":"Home","item":"https:\/\/mimo.eus\/es"},{"@type":"ListItem","position":2,"name":"Agencias"}]},{"@type":"WebSite","@id":"https:\/\/mimo.eus\/es\/#website","url":"https:\/\/mimo.eus\/es\/","name":"Mimo Bite the Experience - Cursos de cocina y tours en San Sebasti\u00e1n","description":"Bite de Experience","publisher":{"@id":"https:\/\/mimo.eus\/es\/#organization"},"potentialAction":[{"@type":"SearchAction","target":{"@type":"EntryPoint","urlTemplate":"https:\/\/mimo.eus\/es\/?s={search_term_string}"},"query-input":{"@type":"PropertyValueSpecification","valueRequired":true,"valueName":"search_term_string"}}],"inLanguage":"es"},{"@type":"Organization","@id":"https:\/\/mimo.eus\/es\/#organization","name":"MIMO Bite The Experience","url":"https:\/\/mimo.eus\/es\/","logo":{"@type":"ImageObject","inLanguage":"es","@id":"https:\/\/mimo.eus\/es\/#\/schema\/logo\/image\/","url":"https:\/\/mimo.eus\/wp-content\/uploads\/2021\/03\/mimo-logo-footer.png","contentUrl":"https:\/\/mimo.eus\/wp-content\/uploads\/2021\/03\/mimo-logo-footer.png","width":265,"height":124,"caption":"MIMO Bite The Experience"},"image":{"@id":"https:\/\/mimo.eus\/es\/#\/schema\/logo\/image\/"}}]}},"_links":{"self":[{"href":"https:\/\/mimo.eus\/es\/wp-json\/wp\/v2\/pages\/19477","targetHints":{"allow":["GET"]}}],"collection":[{"href":"https:\/\/mimo.eus\/es\/wp-json\/wp\/v2\/pages"}],"about":[{"href":"https:\/\/mimo.eus\/es\/wp-json\/wp\/v2\/types\/page"}],"author":[{"embeddable":true,"href":"https:\/\/mimo.eus\/es\/wp-json\/wp\/v2\/users\/30"}],"replies":[{"embeddable":true,"href":"https:\/\/mimo.eus\/es\/wp-json\/wp\/v2\/comments?post=19477"}],"version-history":[{"count":0,"href":"https:\/\/mimo.eus\/es\/wp-json\/wp\/v2\/pages\/19477\/revisions"}],"wp:attachment":[{"href":"https:\/\/mimo.eus\/es\/wp-json\/wp\/v2\/media?parent=19477"}],"wp:term":[{"taxonomy":"category","embeddable":true,"href":"https:\/\/mimo.eus\/es\/wp-json\/wp\/v2\/categories?post=19477"},{"taxonomy":"post_tag","embeddable":true,"href":"https:\/\/mimo.eus\/es\/wp-json\/wp\/v2\/tags?post=19477"}],"curies":[{"name":"wp","href":"https:\/\/api.w.org\/{rel}","templated":true}]}}