{"id":11605,"date":"2022-07-29T13:37:11","date_gmt":"2022-07-29T11:37:11","guid":{"rendered":"https:\/\/mimo.eus\/?page_id=11605"},"modified":"2022-12-16T14:12:16","modified_gmt":"2022-12-16T13:12:16","slug":"sidreria-san-sebastian","status":"publish","type":"page","link":"https:\/\/mimo.eus\/es\/tour-gastronomico\/sidreria-san-sebastian","title":{"rendered":"Visita Sidrer\u00eda  en San Sebasti\u00e1n"},"content":{"rendered":"<div class=\"wpb-content-wrapper\">[vc_row fullwidth=\u00bbtrue\u00bb el_class=\u00bbfila_encabezado padding_40&#8243; css=\u00bb.vc_custom_1658990510980{margin-top: 100px !important;margin-bottom: 70px !important;}\u00bb][vc_column][vc_row_inner css=\u00bb.vc_custom_1658990518494{padding-bottom: 40px !important;}\u00bb el_class=\u00bbfila_separadores\u00bb][vc_column_inner width=\u00bb1\/2&#8243;][vc_empty_space height=\u00bb24px\u00bb][vc_column_text css=\u00bb.vc_custom_1663062739244{margin-bottom: 0px !important;}\u00bb]\n<h1><small>Visita Sidrer\u00eda<br \/>\nen San Sebasti\u00e1n<small><\/small><\/small><\/h1>\n[\/vc_column_text][\/vc_column_inner][vc_column_inner width=\u00bb1\/2&#8243;][vc_column_text disable_pattern=\u00bbfalse\u00bb css=\u00bb.vc_custom_1663063831610{margin-bottom: 0px !important;padding-top: 50px !important;}\u00bb]En tu visita a San Sebasti\u00e1n y Pa\u00eds Vasco no puedes dejar de probar la Sidra. Este producto esta fuertemente relacionado con la historia y cultura vasca.<\/p>\n<p>Hoy en d\u00eda, en las sidrer\u00edas vascas se come un men\u00fa cerrado mientras se cata la sidra de las diferentes kupelas (barriles). El origen de esta tradici\u00f3n se remonta a los compradores de sidra que visitaban los pueblos cada a\u00f1o probando las sidras de los caser\u00edos.<\/p>\n<p>\u00danete a nuestra visita a una sidrer\u00eda y deja que nuestro gu\u00eda te muestre esta tradici\u00f3n centenaria.[\/vc_column_text][\/vc_column_inner][\/vc_row_inner][vc_empty_space][vc_row_inner el_id=\u00bbfila_post\u00bb][vc_column_inner width=\u00bb1\/4&#8243;][\/vc_column_inner][vc_column_inner width=\u00bb1\/2&#8243;][vc_basic_grid post_type=\u00bbproduct\u00bb max_items=\u00bb1&#8243; element_width=\u00bb12&#8243; item=\u00bb9975&#8243; grid_id=\u00bbvc_gid:1671196400140-58662406-6a6e-5&#8243; taxonomies=\u00bb98&#8243; exclude=\u00bb358, 72, 344, 340, 359, 70&#8243;][vc_empty_space][vc_separator color=\u00bbblack\u00bb][vc_column_text css=\u00bb.vc_custom_1663062747083{margin-bottom: 0px !important;}\u00bb]\n<h2 style=\"text-align: center;\">M\u00e1s tours para descubrir la cultura y productos locales<\/h2>\n<p style=\"text-align: center;\">Pa\u00eds Vasco es una regi\u00f3n con una fuerte cultura que preserva su identidad y protege a sus productores. Con\u00f3celes en estas visitas especiales<\/p>\n[\/vc_column_text][\/vc_column_inner][vc_column_inner width=\u00bb1\/4&#8243;][\/vc_column_inner][\/vc_row_inner][\/vc_column][\/vc_row][vc_row][vc_column offset=\u00bbvc_hidden-xs\u00bb][vc_row_inner][vc_column_inner width=\u00bb1\/2&#8243;][vc_single_image image=\u00bb10257&#8243; img_size=\u00bbfull\u00bb onclick=\u00bbcustom_link\u00bb link=\u00bbhttps:\/\/mimo.eus\/es\/tour-gastronomico\/mercados-tradicionales\u00bb][\/vc_column_inner][vc_column_inner width=\u00bb1\/2&#8243;][vc_single_image image=\u00bb11527&#8243; img_size=\u00bbfull\u00bb onclick=\u00bbcustom_link\u00bb link=\u00bbhttps:\/\/mimo.eus\/es\/tour-gastronomico\/pintxo-san-sebastian\/\u00bb][\/vc_column_inner][\/vc_row_inner][vc_row_inner][vc_column_inner width=\u00bb1\/4&#8243;][vc_column_text css=\u00bb.vc_custom_1659093168779{margin-bottom: 0px !important;}\u00bb]\n<h3><small>Tour de mercados tradicionales<\/small><\/h3>\n[\/vc_column_text][\/vc_column_inner][vc_column_inner width=\u00bb1\/4&#8243;][vc_btn title=\u00bbReserva\u00bb style=\u00bboutline-custom\u00bb outline_custom_color=\u00bb#000000&#8243; outline_custom_hover_background=\u00bb#000000&#8243; outline_custom_hover_text=\u00bb#ffffff\u00bb shape=\u00bbsquare\u00bb align=\u00bbright\u00bb i_align=\u00bbright\u00bb i_icon_fontawesome=\u00bbfas fa-long-arrow-alt-right\u00bb add_icon=\u00bbtrue\u00bb link=\u00bburl:https%3A%2F%2Fmimo.eus%2Fes%2Ftour-gastronomico%2Fmercados-tradicionales|title:Tours%20gastronomicos\u00bb][\/vc_column_inner][vc_column_inner width=\u00bb1\/4&#8243;][vc_column_text css=\u00bb.vc_custom_1659093187299{margin-bottom: 0px !important;}\u00bb]\n<h3><small>Tour de pintxos<\/small><\/h3>\n[\/vc_column_text][\/vc_column_inner][vc_column_inner width=\u00bb1\/4&#8243;][vc_btn title=\u00bbReserva\u00bb style=\u00bboutline-custom\u00bb outline_custom_color=\u00bb#000000&#8243; outline_custom_hover_background=\u00bb#000000&#8243; outline_custom_hover_text=\u00bb#ffffff\u00bb shape=\u00bbsquare\u00bb align=\u00bbright\u00bb i_align=\u00bbright\u00bb i_icon_fontawesome=\u00bbfas fa-long-arrow-alt-right\u00bb add_icon=\u00bbtrue\u00bb link=\u00bburl:https%3A%2F%2Fmimo.eus%2Fes%2Ftour-gastronomico%2Fpintxo-san-sebastian|title:Tours%20gastronomicos\u00bb][\/vc_column_inner][\/vc_row_inner][\/vc_column][\/vc_row][vc_row][vc_column offset=\u00bbvc_hidden-lg vc_hidden-md vc_hidden-sm\u00bb][vc_row_inner][vc_column_inner width=\u00bb1\/2&#8243;][vc_single_image image=\u00bb10257&#8243; img_size=\u00bbfull\u00bb onclick=\u00bbcustom_link\u00bb link=\u00bbhttps:\/\/mimo.eus\/es\/tour-gastronomico\/mercados-tradicionales\u00bb][vc_column_text css=\u00bb.vc_custom_1659093168779{margin-bottom: 0px !important;}\u00bb]\n<h3><small>Tour de mercados tradicionales<\/small><\/h3>\n[\/vc_column_text][vc_btn title=\u00bbReserva\u00bb style=\u00bboutline-custom\u00bb outline_custom_color=\u00bb#000000&#8243; outline_custom_hover_background=\u00bb#000000&#8243; outline_custom_hover_text=\u00bb#ffffff\u00bb shape=\u00bbsquare\u00bb align=\u00bbright\u00bb i_align=\u00bbright\u00bb i_icon_fontawesome=\u00bbfas fa-long-arrow-alt-right\u00bb add_icon=\u00bbtrue\u00bb link=\u00bburl:https%3A%2F%2Fmimo.eus%2Fes%2Ftour-gastronomico%2Fmercados-tradicionales|title:Tours%20gastronomicos\u00bb][\/vc_column_inner][vc_column_inner width=\u00bb1\/2&#8243;][vc_single_image image=\u00bb11527&#8243; img_size=\u00bbfull\u00bb onclick=\u00bbcustom_link\u00bb link=\u00bbhttps:\/\/mimo.eus\/es\/tour-gastronomico\/pintxo-san-sebastian\/\u00bb][vc_column_text css=\u00bb.vc_custom_1659093187299{margin-bottom: 0px !important;}\u00bb]\n<h3><small>Tour de pintxos<\/small><\/h3>\n[\/vc_column_text][vc_btn title=\u00bbReserva\u00bb style=\u00bboutline-custom\u00bb outline_custom_color=\u00bb#000000&#8243; outline_custom_hover_background=\u00bb#000000&#8243; outline_custom_hover_text=\u00bb#ffffff\u00bb shape=\u00bbsquare\u00bb align=\u00bbright\u00bb i_align=\u00bbright\u00bb i_icon_fontawesome=\u00bbfas fa-long-arrow-alt-right\u00bb add_icon=\u00bbtrue\u00bb link=\u00bburl:https%3A%2F%2Fmimo.eus%2Fes%2Ftour-gastronomico%2Fpintxo-san-sebastian|title:Tours%20gastronomicos\u00bb][\/vc_column_inner][\/vc_row_inner][\/vc_column][\/vc_row][vc_row el_class=\u00bbfila_encabezado\u00bb][vc_column offset=\u00bbvc_hidden-xs\u00bb][vc_empty_space][vc_empty_space][vc_row_inner][vc_column_inner width=\u00bb1\/6&#8243;][\/vc_column_inner][vc_column_inner width=\u00bb2\/3&#8243;][vc_column_text css=\u00bb.vc_custom_1663062753909{margin-bottom: 0px !important;}\u00bb]\n<h2 style=\"text-align: center;\">Echa un vistazo a estas fotos de nuestro proveedor de sidra, Saizar<\/h2>\n[\/vc_column_text][vc_images_carousel images=\u00bb15409,15407,15405,15401&#8243; img_size=\u00bbfull\u00bb onclick=\u00bblink_no\u00bb speed=\u00bb1500&#8243; autoplay=\u00bbyes\u00bb][\/vc_column_inner][vc_column_inner width=\u00bb1\/6&#8243;][\/vc_column_inner][\/vc_row_inner][\/vc_column][\/vc_row][vc_section full_width=\u00bbstretch_row_content\u00bb full_height=\u00bbyes\u00bb content_placement=\u00bbbottom\u00bb disable_element=\u00bbyes\u00bb el_id=\u00bbfila_slider\u00bb css=\u00bb.vc_custom_1618920503846{background-image: url(https:\/\/mimo.eus\/wp-content\/uploads\/2021\/03\/mimo-cursos-de-cocina-header.jpg?id=229) !important;background-position: center !important;background-repeat: no-repeat !important;background-size: cover !important;}\u00bb][vc_row id=\u00bbfila_flecha\u00bb][vc_column][vc_column_text el_class=\u00bbmore_info\u00bb css=\u00bb.vc_custom_1616597675521{margin-bottom: 0px !important;}\u00bb]\n<p style=\"text-align: center; color: white;\">m\u00e1s info<\/p>\n[\/vc_column_text][vc_raw_html]JTNDYSUyMGhyZWYlM0QlMjIlMjNpbmZvJTIyJTIwY2xhc3MlM0QlMjJqcy1zbW9vdGgtc2Nyb2xsJTIwaW1hZ2VuX2ZsZWNoYSUyMiUzRSUzQ2ltZyUyMHNyYyUzRCUyMi4lMkZ3cC1jb250ZW50JTJGdXBsb2FkcyUyRjIwMjElMkYwMyUyRm1vcmVfaW5mby5wbmclMjIlM0UlM0MlMkZhJTNF[\/vc_raw_html][\/vc_column][\/vc_row][\/vc_section]\n<\/div>","protected":false},"excerpt":{"rendered":"<p>[vc_row fullwidth=\u00bbtrue\u00bb el_class=\u00bbfila_encabezado padding_40&#8243; css=\u00bb.vc_custom_1658990510980{margin-top: 100px !important;margin-bottom: 70px !important;}\u00bb][vc_column][vc_row_inner css=\u00bb.vc_custom_1658990518494{padding-bottom: 40px !important;}\u00bb el_class=\u00bbfila_separadores\u00bb][vc_column_inner width=\u00bb1\/2&#8243;][vc_empty_space height=\u00bb24px\u00bb][vc_column_text css=\u00bb.vc_custom_1663062739244{margin-bottom: 0px !important;}\u00bb] Visita Sidrer\u00eda en San Sebasti\u00e1n [\/vc_column_text][\/vc_column_inner][vc_column_inner width=\u00bb1\/2&#8243;][vc_column_text disable_pattern=\u00bbfalse\u00bb css=\u00bb.vc_custom_1663063831610{margin-bottom: 0px !important;padding-top: 50px !important;}\u00bb]En tu visita a San Sebasti\u00e1n y Pa\u00eds Vasco no puedes dejar de probar la Sidra. Este producto esta fuertemente relacionado con la historia y [&hellip;]<\/p>\n","protected":false},"author":4,"featured_media":0,"parent":11330,"menu_order":0,"comment_status":"closed","ping_status":"closed","template":"","meta":{"_acf_changed":false,"recipe_title_en":"","recipe_ingredients_es":"","recipe_method_es":"","recipe_ingredients_en":"","recipe_method_en":"","recipe_chef_notes_es":"","recipe_variations_es":"","chefnotes_en":"","variations_en":"","recipe_vimeo_link":"","recipe_families":"","recipe_techniques":"","footnotes":""},"categories":[],"tags":[],"class_list":["post-11605","page","type-page","status-publish","hentry"],"acf":[],"yoast_head":"<!-- This site is optimized with the Yoast SEO plugin v27.6 - https:\/\/yoast.com\/product\/yoast-seo-wordpress\/ -->\n<title>Visita Sidrer\u00eda en San Sebasti\u00e1n - Mimo Bite the Experience<\/title>\n<meta name=\"description\" content=\"\u00danete a nuestra visita a una sidrer\u00eda y deja que nuestro gu\u00eda te muestre esta tradici\u00f3n centenaria.\" \/>\n<meta name=\"robots\" content=\"index, follow, max-snippet:-1, max-image-preview:large, max-video-preview:-1\" \/>\n<link rel=\"canonical\" href=\"https:\/\/mimo.eus\/es\/tour-gastronomico\/sidreria-san-sebastian\" \/>\n<meta property=\"og:locale\" content=\"es_ES\" \/>\n<meta property=\"og:type\" content=\"article\" \/>\n<meta property=\"og:title\" content=\"Visita Sidrer\u00eda en San Sebasti\u00e1n - Mimo Bite the Experience\" \/>\n<meta property=\"og:description\" content=\"\u00danete a nuestra visita a una sidrer\u00eda y deja que nuestro gu\u00eda te muestre esta tradici\u00f3n centenaria.\" \/>\n<meta property=\"og:url\" content=\"https:\/\/mimo.eus\/es\/tour-gastronomico\/sidreria-san-sebastian\" \/>\n<meta property=\"og:site_name\" content=\"Mimo Bite the Experience - Cursos de cocina y tours en San Sebasti\u00e1n\" \/>\n<meta property=\"article:modified_time\" content=\"2022-12-16T13:12:16+00:00\" \/>\n<meta name=\"twitter:card\" content=\"summary_large_image\" \/>\n<meta name=\"twitter:label1\" content=\"Tiempo de lectura\" \/>\n\t<meta name=\"twitter:data1\" content=\"2 minutos\" \/>\n<script type=\"application\/ld+json\" class=\"yoast-schema-graph\">{\"@context\":\"https:\\\/\\\/schema.org\",\"@graph\":[{\"@type\":\"WebPage\",\"@id\":\"https:\\\/\\\/mimo.eus\\\/es\\\/tour-gastronomico\\\/sidreria-san-sebastian\",\"url\":\"https:\\\/\\\/mimo.eus\\\/es\\\/tour-gastronomico\\\/sidreria-san-sebastian\",\"name\":\"Visita Sidrer\u00eda en San Sebasti\u00e1n - Mimo Bite the Experience\",\"isPartOf\":{\"@id\":\"https:\\\/\\\/mimo.eus\\\/es\\\/#website\"},\"datePublished\":\"2022-07-29T11:37:11+00:00\",\"dateModified\":\"2022-12-16T13:12:16+00:00\",\"description\":\"\u00danete a nuestra visita a una sidrer\u00eda y deja que nuestro gu\u00eda te muestre esta tradici\u00f3n centenaria.\",\"breadcrumb\":{\"@id\":\"https:\\\/\\\/mimo.eus\\\/es\\\/tour-gastronomico\\\/sidreria-san-sebastian#breadcrumb\"},\"inLanguage\":\"es\",\"potentialAction\":[{\"@type\":\"ReadAction\",\"target\":[\"https:\\\/\\\/mimo.eus\\\/es\\\/tour-gastronomico\\\/sidreria-san-sebastian\"]}]},{\"@type\":\"BreadcrumbList\",\"@id\":\"https:\\\/\\\/mimo.eus\\\/es\\\/tour-gastronomico\\\/sidreria-san-sebastian#breadcrumb\",\"itemListElement\":[{\"@type\":\"ListItem\",\"position\":1,\"name\":\"Home\",\"item\":\"https:\\\/\\\/mimo.eus\\\/es\"},{\"@type\":\"ListItem\",\"position\":2,\"name\":\"Tours gastronomicos\",\"item\":\"https:\\\/\\\/mimo.eus\\\/es\\\/tour-gastronomico\"},{\"@type\":\"ListItem\",\"position\":3,\"name\":\"Visita Sidrer\u00eda en San Sebasti\u00e1n\"}]},{\"@type\":\"WebSite\",\"@id\":\"https:\\\/\\\/mimo.eus\\\/es\\\/#website\",\"url\":\"https:\\\/\\\/mimo.eus\\\/es\\\/\",\"name\":\"Mimo Bite the Experience - Cursos de cocina y tours en San Sebasti\u00e1n\",\"description\":\"Bite de Experience\",\"publisher\":{\"@id\":\"https:\\\/\\\/mimo.eus\\\/es\\\/#organization\"},\"potentialAction\":[{\"@type\":\"SearchAction\",\"target\":{\"@type\":\"EntryPoint\",\"urlTemplate\":\"https:\\\/\\\/mimo.eus\\\/es\\\/?s={search_term_string}\"},\"query-input\":{\"@type\":\"PropertyValueSpecification\",\"valueRequired\":true,\"valueName\":\"search_term_string\"}}],\"inLanguage\":\"es\"},{\"@type\":\"Organization\",\"@id\":\"https:\\\/\\\/mimo.eus\\\/es\\\/#organization\",\"name\":\"MIMO Bite The Experience\",\"url\":\"https:\\\/\\\/mimo.eus\\\/es\\\/\",\"logo\":{\"@type\":\"ImageObject\",\"inLanguage\":\"es\",\"@id\":\"https:\\\/\\\/mimo.eus\\\/es\\\/#\\\/schema\\\/logo\\\/image\\\/\",\"url\":\"https:\\\/\\\/mimo.eus\\\/wp-content\\\/uploads\\\/2021\\\/03\\\/mimo-logo-footer.png\",\"contentUrl\":\"https:\\\/\\\/mimo.eus\\\/wp-content\\\/uploads\\\/2021\\\/03\\\/mimo-logo-footer.png\",\"width\":265,\"height\":124,\"caption\":\"MIMO Bite The Experience\"},\"image\":{\"@id\":\"https:\\\/\\\/mimo.eus\\\/es\\\/#\\\/schema\\\/logo\\\/image\\\/\"}}]}<\/script>\n<!-- \/ Yoast SEO plugin. -->","yoast_head_json":{"title":"Visita Sidrer\u00eda en San Sebasti\u00e1n - Mimo Bite the Experience","description":"\u00danete a nuestra visita a una sidrer\u00eda y deja que nuestro gu\u00eda te muestre esta tradici\u00f3n centenaria.","robots":{"index":"index","follow":"follow","max-snippet":"max-snippet:-1","max-image-preview":"max-image-preview:large","max-video-preview":"max-video-preview:-1"},"canonical":"https:\/\/mimo.eus\/es\/tour-gastronomico\/sidreria-san-sebastian","og_locale":"es_ES","og_type":"article","og_title":"Visita Sidrer\u00eda en San Sebasti\u00e1n - Mimo Bite the Experience","og_description":"\u00danete a nuestra visita a una sidrer\u00eda y deja que nuestro gu\u00eda te muestre esta tradici\u00f3n centenaria.","og_url":"https:\/\/mimo.eus\/es\/tour-gastronomico\/sidreria-san-sebastian","og_site_name":"Mimo Bite the Experience - Cursos de cocina y tours en San Sebasti\u00e1n","article_modified_time":"2022-12-16T13:12:16+00:00","twitter_card":"summary_large_image","twitter_misc":{"Tiempo de lectura":"2 minutos"},"schema":{"@context":"https:\/\/schema.org","@graph":[{"@type":"WebPage","@id":"https:\/\/mimo.eus\/es\/tour-gastronomico\/sidreria-san-sebastian","url":"https:\/\/mimo.eus\/es\/tour-gastronomico\/sidreria-san-sebastian","name":"Visita Sidrer\u00eda en San Sebasti\u00e1n - Mimo Bite the Experience","isPartOf":{"@id":"https:\/\/mimo.eus\/es\/#website"},"datePublished":"2022-07-29T11:37:11+00:00","dateModified":"2022-12-16T13:12:16+00:00","description":"\u00danete a nuestra visita a una sidrer\u00eda y deja que nuestro gu\u00eda te muestre esta tradici\u00f3n centenaria.","breadcrumb":{"@id":"https:\/\/mimo.eus\/es\/tour-gastronomico\/sidreria-san-sebastian#breadcrumb"},"inLanguage":"es","potentialAction":[{"@type":"ReadAction","target":["https:\/\/mimo.eus\/es\/tour-gastronomico\/sidreria-san-sebastian"]}]},{"@type":"BreadcrumbList","@id":"https:\/\/mimo.eus\/es\/tour-gastronomico\/sidreria-san-sebastian#breadcrumb","itemListElement":[{"@type":"ListItem","position":1,"name":"Home","item":"https:\/\/mimo.eus\/es"},{"@type":"ListItem","position":2,"name":"Tours gastronomicos","item":"https:\/\/mimo.eus\/es\/tour-gastronomico"},{"@type":"ListItem","position":3,"name":"Visita Sidrer\u00eda en San Sebasti\u00e1n"}]},{"@type":"WebSite","@id":"https:\/\/mimo.eus\/es\/#website","url":"https:\/\/mimo.eus\/es\/","name":"Mimo Bite the Experience - Cursos de cocina y tours en San Sebasti\u00e1n","description":"Bite de Experience","publisher":{"@id":"https:\/\/mimo.eus\/es\/#organization"},"potentialAction":[{"@type":"SearchAction","target":{"@type":"EntryPoint","urlTemplate":"https:\/\/mimo.eus\/es\/?s={search_term_string}"},"query-input":{"@type":"PropertyValueSpecification","valueRequired":true,"valueName":"search_term_string"}}],"inLanguage":"es"},{"@type":"Organization","@id":"https:\/\/mimo.eus\/es\/#organization","name":"MIMO Bite The Experience","url":"https:\/\/mimo.eus\/es\/","logo":{"@type":"ImageObject","inLanguage":"es","@id":"https:\/\/mimo.eus\/es\/#\/schema\/logo\/image\/","url":"https:\/\/mimo.eus\/wp-content\/uploads\/2021\/03\/mimo-logo-footer.png","contentUrl":"https:\/\/mimo.eus\/wp-content\/uploads\/2021\/03\/mimo-logo-footer.png","width":265,"height":124,"caption":"MIMO Bite The Experience"},"image":{"@id":"https:\/\/mimo.eus\/es\/#\/schema\/logo\/image\/"}}]}},"_links":{"self":[{"href":"https:\/\/mimo.eus\/es\/wp-json\/wp\/v2\/pages\/11605","targetHints":{"allow":["GET"]}}],"collection":[{"href":"https:\/\/mimo.eus\/es\/wp-json\/wp\/v2\/pages"}],"about":[{"href":"https:\/\/mimo.eus\/es\/wp-json\/wp\/v2\/types\/page"}],"author":[{"embeddable":true,"href":"https:\/\/mimo.eus\/es\/wp-json\/wp\/v2\/users\/4"}],"replies":[{"embeddable":true,"href":"https:\/\/mimo.eus\/es\/wp-json\/wp\/v2\/comments?post=11605"}],"version-history":[{"count":0,"href":"https:\/\/mimo.eus\/es\/wp-json\/wp\/v2\/pages\/11605\/revisions"}],"up":[{"embeddable":true,"href":"https:\/\/mimo.eus\/es\/wp-json\/wp\/v2\/pages\/11330"}],"wp:attachment":[{"href":"https:\/\/mimo.eus\/es\/wp-json\/wp\/v2\/media?parent=11605"}],"wp:term":[{"taxonomy":"category","embeddable":true,"href":"https:\/\/mimo.eus\/es\/wp-json\/wp\/v2\/categories?post=11605"},{"taxonomy":"post_tag","embeddable":true,"href":"https:\/\/mimo.eus\/es\/wp-json\/wp\/v2\/tags?post=11605"}],"curies":[{"name":"wp","href":"https:\/\/api.w.org\/{rel}","templated":true}]}}