{"id":11330,"date":"2022-07-28T09:50:48","date_gmt":"2022-07-28T07:50:48","guid":{"rendered":"https:\/\/mimo.eus\/?page_id=11330"},"modified":"2024-10-21T10:36:21","modified_gmt":"2024-10-21T08:36:21","slug":"tour-gastronomico","status":"publish","type":"page","link":"https:\/\/mimo.eus\/es\/tour-gastronomico","title":{"rendered":"Tours gastronomicos"},"content":{"rendered":"<div class=\"wpb-content-wrapper\">[vc_row fullwidth=\u00bbtrue\u00bb el_class=\u00bbfila_encabezado padding_40&#8243; css=\u00bb.vc_custom_1675698241875{margin-top: 0px !important;margin-bottom: 70px !important;}\u00bb][vc_column][vc_single_image image=\u00bb15625&#8243; img_size=\u00bbfull\u00bb alignment=\u00bbcenter\u00bb][vc_row_inner is_fullwidth_content=\u00bbfalse\u00bb css=\u00bb.vc_custom_1670930080888{padding-bottom: 40px !important;}\u00bb el_class=\u00bbfila_separadores\u00bb][vc_column_inner width=\u00bb1\/3&#8243;][vc_empty_space height=\u00bb24px\u00bb][vc_column_text css=\u00bb.vc_custom_1663229288748{margin-bottom: 0px !important;}\u00bb]\n<h1><small>TOURS GASTRONOMICOS<\/small><\/h1>\n[\/vc_column_text][\/vc_column_inner][vc_column_inner width=\u00bb2\/3&#8243;][vc_column_text disable_pattern=\u00bbfalse\u00bb css=\u00bb.vc_custom_1658994045946{margin-bottom: 0px !important;padding-top: 50px !important;}\u00bb]La gastronom\u00eda forma parte del encanto de la ciudad de San Sebasti\u00e1n, y en Mimo tenemos la misi\u00f3n de que todo el que viste la ciudad se enamore tanto de ella como lo estamos nosotros. Por eso, nuestros gu\u00edas llevan a\u00f1os compartiendo su pasi\u00f3n por San Sebasti\u00e1n y su panorama culinario, convirtiendo nuestros tours en aut\u00e9nticas experiencias gastron\u00f3micas.<\/p>\n<p>Mimo cuenta con el mejor tour en San Sebasti\u00e1n, nombrado entre los 10 mejores tours gastron\u00f3micos del mundo por Trip Advisor.[\/vc_column_text][\/vc_column_inner][\/vc_row_inner][vc_empty_space][vc_row_inner is_fullwidth_content=\u00bbfalse\u00bb][vc_column_inner width=\u00bb1\/3&#8243;][vc_single_image image=\u00bb11338&#8243; img_size=\u00bbfull\u00bb onclick=\u00bbcustom_link\u00bb css=\u00bb\u00bb link=\u00bbhttps:\/\/mimo.eus\/food-tours\u00bb][vc_column_text css=\u00bb.vc_custom_1675699249264{margin-bottom: 0px !important;}\u00bb]\n<h3>Tour de pintxos y vinos en San Sebasti\u00e1n (Cena)<\/h3>\n<p>Los\u00a0<strong>Pintxos<\/strong>, llenan de aroma y color la afamada parte vieja donostiarra, sin embargo, dar con los mejores Pintxos requiere del conocimiento y la experiencia local. Vive el mejor tour de Pintxos como lo hace un aut\u00e9ntico Donostiarra <strong>guiado por nuestros gu\u00edas locales<\/strong>.[\/vc_column_text][vc_btn title=\u00bbReservar\u00bb style=\u00bbclassic\u00bb shape=\u00bbsquare\u00bb color=\u00bbblack\u00bb i_icon_fontawesome=\u00bbfas fa-long-arrow-alt-right\u00bb css=\u00bb\u00bb add_icon=\u00bbtrue\u00bb link=\u00bburl:https%3A%2F%2Fmimo.eus%2Ffood-tours|title:Tour%20de%20tapas%20en%20Donostia\u00bb][\/vc_column_inner][vc_column_inner width=\u00bb1\/3&#8243;][vc_single_image image=\u00bb15968&#8243; img_size=\u00bbfull\u00bb onclick=\u00bbcustom_link\u00bb link=\u00bbhttps:\/\/mimo.eus\/es\/tour-gastronomico\/tapas-san-sebastian\u00bb][vc_column_text css=\u00bb.vc_custom_1675699323628{margin-bottom: 0px !important;}\u00bb]\n<h3>Tour de pintxos y vinos en San Sebasti\u00e1n (Comida)<\/h3>\n<p>Nuestro tour de \u00abtapas\u00bb ha sido <strong>recomendado por autoridades mundiales en viajes como<\/strong>: Conde Nast, Traveller, Easy Jet, Vogue, Financial Times y otros muchos. La revista Stylists dice de nosotros: \u201c<strong>No hay mejor manera de conocer el panorama culinario de la ciudad<\/strong>\u201d.[\/vc_column_text][vc_btn title=\u00bbReservar\u00bb style=\u00bbclassic\u00bb shape=\u00bbsquare\u00bb color=\u00bbblack\u00bb i_icon_fontawesome=\u00bbfas fa-long-arrow-alt-right\u00bb css=\u00bb\u00bb add_icon=\u00bbtrue\u00bb link=\u00bburl:https%3A%2F%2Fmimo.eus%2Fes%2Ftour-gastronomico%2Ftapas-san-sebastian%2Fcomida|title:Tour%20de%20pintxos%20en%20San%20Sebasti%C3%A1n\u00bb][\/vc_column_inner][vc_column_inner width=\u00bb1\/3&#8243;][vc_single_image image=\u00bb771&#8243; img_size=\u00bbfull\u00bb onclick=\u00bbcustom_link\u00bb link=\u00bbhttps:\/\/mimo.eus\/es\/tour-gastronomico\/pintxos-vino-privado\u00bb][vc_column_text css=\u00bb.vc_custom_1675699568754{margin-bottom: 0px !important;}\u00bb]\n<h3>Tour de pintxos y vinos en San Sebasti\u00e1n (Privado)<\/h3>\n<p>Ad\u00e9ntrate en el coraz\u00f3n gastron\u00f3mico <strong>para disfrutar comiendo y bebiendo como nunca<\/strong>. \u2018Txipirones\u2019 pescados uno a uno, gambas frescas reci\u00e9n cocinadas o un taco de Txuleta perfectamente asado a la parrilla&#8230; Tour de Pintxos diferente y personalizado, combina tradici\u00f3n y vanguardia.[\/vc_column_text][vc_btn title=\u00bbPedir presupuesto\u00bb style=\u00bbclassic\u00bb shape=\u00bbsquare\u00bb color=\u00bbblack\u00bb i_icon_fontawesome=\u00bbfab fa-get-pocket\u00bb add_icon=\u00bbtrue\u00bb link=\u00bburl:https%3A%2F%2Fmimo.eus%2Fes%2Ftour-gastronomico%2Fpintxos-vino-privado|title:Tour%20de%20pintxos%20privado\u00bb][\/vc_column_inner][\/vc_row_inner][\/vc_column][\/vc_row][vc_row el_class=\u00bbfila_encabezado\u00bb][vc_column offset=\u00bbvc_hidden-xs\u00bb][vc_empty_space][vc_separator][vc_empty_space][vc_column_text css=\u00bb.vc_custom_1675701350227{margin-bottom: 0px !important;}\u00bb]\n<h2>\u00bfQuieres descubrir m\u00e1s a fondo la cocina vasca? Nuestra escuela es el lugar perfecto.<\/h2>\n<p>En el coraz\u00f3n de San Sebasti\u00e1n, nuestra escuela de cocina, de 400m2, es el lugar id\u00f3neo para descubrir la cocina vasca de una forma mucho m\u00e1s pr\u00e1ctica.<\/p>\n<p>Contamos con dos aulas especialmente dise\u00f1adas para acoger distintas experiencias culinarias, totalmente equipadas y adaptables.<\/p>\n<p>Unete a nuestros cursos de cocina en grupo o disi\u00f1a tu actividad totalmente personalizada.[\/vc_column_text][vc_row_inner is_fullwidth_content=\u00bbfalse\u00bb][vc_column_inner width=\u00bb1\/2&#8243;][vc_single_image image=\u00bb6447&#8243; img_size=\u00bbfull\u00bb onclick=\u00bbcustom_link\u00bb link=\u00bbhttps:\/\/mimo.eus\/es\/actividades-cocina\u00bb][\/vc_column_inner][vc_column_inner width=\u00bb1\/2&#8243;][vc_single_image image=\u00bb6392&#8243; img_size=\u00bbfull\u00bb onclick=\u00bbcustom_link\u00bb css=\u00bb\u00bb link=\u00bbhttps:\/\/mimo.eus\/es\/cursos-cocina\u00bb][\/vc_column_inner][\/vc_row_inner][vc_row_inner is_fullwidth_content=\u00bbfalse\u00bb][vc_column_inner width=\u00bb1\/4&#8243;][vc_column_text css=\u00bb.vc_custom_1658994274588{margin-bottom: 0px !important;}\u00bb]\n<h3>Actividades de cocina<\/h3>\n[\/vc_column_text][\/vc_column_inner][vc_column_inner width=\u00bb1\/4&#8243;][vc_btn title=\u00bbLeer m\u00e1s\u00bb style=\u00bboutline\u00bb shape=\u00bbsquare\u00bb color=\u00bbblack\u00bb link=\u00bburl:https%3A%2F%2Fmimo.eus%2Fes%2Factividades-cocina|title:Cursos%20de%20cocina%20espa%C3%B1ola\u00bb][\/vc_column_inner][vc_column_inner width=\u00bb1\/4&#8243;][vc_column_text css=\u00bb.vc_custom_1658994298715{margin-bottom: 0px !important;}\u00bb]\n<h3>Cursos de cocina<\/h3>\n[\/vc_column_text][\/vc_column_inner][vc_column_inner width=\u00bb1\/4&#8243;][vc_btn title=\u00bbLeer m\u00e1s\u00bb style=\u00bboutline\u00bb shape=\u00bbsquare\u00bb color=\u00bbblack\u00bb css=\u00bb\u00bb link=\u00bburl:https%3A%2F%2Fmimo.eus%2Fes%2Fcursos-cocina|title:Cursos%20de%20cocina%20espa%C3%B1ola\u00bb][\/vc_column_inner][\/vc_row_inner][vc_empty_space][vc_empty_space][\/vc_column][\/vc_row][vc_section full_width=\u00bbstretch_row_content\u00bb full_height=\u00bbyes\u00bb content_placement=\u00bbbottom\u00bb disable_element=\u00bbyes\u00bb el_id=\u00bbfila_slider\u00bb css=\u00bb.vc_custom_1618920503846{background-image: url(https:\/\/mimo.eus\/wp-content\/uploads\/2021\/03\/mimo-cursos-de-cocina-header.jpg?id=229) !important;background-position: center !important;background-repeat: no-repeat !important;background-size: cover !important;}\u00bb][vc_row id=\u00bbfila_flecha\u00bb][vc_column][vc_column_text el_class=\u00bbmore_info\u00bb css=\u00bb.vc_custom_1616597675521{margin-bottom: 0px !important;}\u00bb]\n<p style=\"text-align: center; color: white;\">m\u00e1s info<\/p>\n[\/vc_column_text][vc_raw_html]JTNDYSUyMGhyZWYlM0QlMjIlMjNpbmZvJTIyJTIwY2xhc3MlM0QlMjJqcy1zbW9vdGgtc2Nyb2xsJTIwaW1hZ2VuX2ZsZWNoYSUyMiUzRSUzQ2ltZyUyMHNyYyUzRCUyMi4lMkZ3cC1jb250ZW50JTJGdXBsb2FkcyUyRjIwMjElMkYwMyUyRm1vcmVfaW5mby5wbmclMjIlM0UlM0MlMkZhJTNF[\/vc_raw_html][\/vc_column][\/vc_row][\/vc_section]\n<\/div>","protected":false},"excerpt":{"rendered":"<p>[vc_row fullwidth=\u00bbtrue\u00bb el_class=\u00bbfila_encabezado padding_40&#8243; css=\u00bb.vc_custom_1675698241875{margin-top: 0px !important;margin-bottom: 70px !important;}\u00bb][vc_column][vc_single_image image=\u00bb15625&#8243; img_size=\u00bbfull\u00bb alignment=\u00bbcenter\u00bb][vc_row_inner is_fullwidth_content=\u00bbfalse\u00bb css=\u00bb.vc_custom_1670930080888{padding-bottom: 40px !important;}\u00bb el_class=\u00bbfila_separadores\u00bb][vc_column_inner width=\u00bb1\/3&#8243;][vc_empty_space height=\u00bb24px\u00bb][vc_column_text css=\u00bb.vc_custom_1663229288748{margin-bottom: 0px !important;}\u00bb] TOURS GASTRONOMICOS [\/vc_column_text][\/vc_column_inner][vc_column_inner width=\u00bb2\/3&#8243;][vc_column_text disable_pattern=\u00bbfalse\u00bb css=\u00bb.vc_custom_1658994045946{margin-bottom: 0px !important;padding-top: 50px !important;}\u00bb]La gastronom\u00eda forma parte del encanto de la ciudad de San Sebasti\u00e1n, y en Mimo tenemos la misi\u00f3n de que todo el que viste [&hellip;]<\/p>\n","protected":false},"author":4,"featured_media":0,"parent":0,"menu_order":0,"comment_status":"closed","ping_status":"closed","template":"","meta":{"_acf_changed":false,"recipe_title_en":"","recipe_ingredients_es":"","recipe_method_es":"","recipe_ingredients_en":"","recipe_method_en":"","recipe_chef_notes_es":"","recipe_variations_es":"","chefnotes_en":"","variations_en":"","recipe_vimeo_link":"","recipe_families":"","recipe_techniques":"","footnotes":""},"categories":[],"tags":[],"class_list":["post-11330","page","type-page","status-publish","hentry"],"acf":[],"yoast_head":"<!-- This site is optimized with the Yoast SEO plugin v27.4 - https:\/\/yoast.com\/product\/yoast-seo-wordpress\/ -->\n<title>Tours Gastron\u00f3micos en San Sebastian - Mimo Bite the Experience<\/title>\n<meta name=\"robots\" content=\"index, follow, max-snippet:-1, max-image-preview:large, max-video-preview:-1\" \/>\n<link rel=\"canonical\" href=\"https:\/\/mimo.eus\/es\/tour-gastronomico\" \/>\n<meta property=\"og:locale\" content=\"es_ES\" \/>\n<meta property=\"og:type\" content=\"article\" \/>\n<meta property=\"og:title\" content=\"Tours Gastron\u00f3micos en San Sebastian - Mimo Bite the Experience\" \/>\n<meta property=\"og:description\" content=\"[vc_row fullwidth=\u00bbtrue\u00bb el_class=\u00bbfila_encabezado padding_40&#8243; css=\u00bb.vc_custom_1675698241875{margin-top: 0px !important;margin-bottom: 70px !important;}\u00bb][vc_column][vc_single_image image=\u00bb15625&#8243; img_size=\u00bbfull\u00bb alignment=\u00bbcenter\u00bb][vc_row_inner is_fullwidth_content=\u00bbfalse\u00bb css=\u00bb.vc_custom_1670930080888{padding-bottom: 40px !important;}\u00bb el_class=\u00bbfila_separadores\u00bb][vc_column_inner width=\u00bb1\/3&#8243;][vc_empty_space height=\u00bb24px\u00bb][vc_column_text css=\u00bb.vc_custom_1663229288748{margin-bottom: 0px !important;}\u00bb] TOURS GASTRONOMICOS [\/vc_column_text][\/vc_column_inner][vc_column_inner width=\u00bb2\/3&#8243;][vc_column_text disable_pattern=\u00bbfalse\u00bb css=\u00bb.vc_custom_1658994045946{margin-bottom: 0px !important;padding-top: 50px !important;}\u00bb]La gastronom\u00eda forma parte del encanto de la ciudad de San Sebasti\u00e1n, y en Mimo tenemos la misi\u00f3n de que todo el que viste [&hellip;]\" \/>\n<meta property=\"og:url\" content=\"https:\/\/mimo.eus\/es\/tour-gastronomico\" \/>\n<meta property=\"og:site_name\" content=\"Mimo Bite the Experience - Cursos de cocina y tours en San Sebasti\u00e1n\" \/>\n<meta property=\"article:modified_time\" content=\"2024-10-21T08:36:21+00:00\" \/>\n<meta name=\"twitter:card\" content=\"summary_large_image\" \/>\n<meta name=\"twitter:label1\" content=\"Tiempo de lectura\" \/>\n\t<meta name=\"twitter:data1\" content=\"3 minutos\" \/>\n<script type=\"application\/ld+json\" class=\"yoast-schema-graph\">{\"@context\":\"https:\\\/\\\/schema.org\",\"@graph\":[{\"@type\":\"WebPage\",\"@id\":\"https:\\\/\\\/mimo.eus\\\/es\\\/tour-gastronomico\",\"url\":\"https:\\\/\\\/mimo.eus\\\/es\\\/tour-gastronomico\",\"name\":\"Tours Gastron\u00f3micos en San Sebastian - Mimo Bite the Experience\",\"isPartOf\":{\"@id\":\"https:\\\/\\\/mimo.eus\\\/es\\\/#website\"},\"datePublished\":\"2022-07-28T07:50:48+00:00\",\"dateModified\":\"2024-10-21T08:36:21+00:00\",\"breadcrumb\":{\"@id\":\"https:\\\/\\\/mimo.eus\\\/es\\\/tour-gastronomico#breadcrumb\"},\"inLanguage\":\"es\",\"potentialAction\":[{\"@type\":\"ReadAction\",\"target\":[\"https:\\\/\\\/mimo.eus\\\/es\\\/tour-gastronomico\"]}]},{\"@type\":\"BreadcrumbList\",\"@id\":\"https:\\\/\\\/mimo.eus\\\/es\\\/tour-gastronomico#breadcrumb\",\"itemListElement\":[{\"@type\":\"ListItem\",\"position\":1,\"name\":\"Home\",\"item\":\"https:\\\/\\\/mimo.eus\\\/es\"},{\"@type\":\"ListItem\",\"position\":2,\"name\":\"Tours gastronomicos\"}]},{\"@type\":\"WebSite\",\"@id\":\"https:\\\/\\\/mimo.eus\\\/es\\\/#website\",\"url\":\"https:\\\/\\\/mimo.eus\\\/es\\\/\",\"name\":\"Mimo Bite the Experience - Cursos de cocina y tours en San Sebasti\u00e1n\",\"description\":\"Bite de Experience\",\"publisher\":{\"@id\":\"https:\\\/\\\/mimo.eus\\\/es\\\/#organization\"},\"potentialAction\":[{\"@type\":\"SearchAction\",\"target\":{\"@type\":\"EntryPoint\",\"urlTemplate\":\"https:\\\/\\\/mimo.eus\\\/es\\\/?s={search_term_string}\"},\"query-input\":{\"@type\":\"PropertyValueSpecification\",\"valueRequired\":true,\"valueName\":\"search_term_string\"}}],\"inLanguage\":\"es\"},{\"@type\":\"Organization\",\"@id\":\"https:\\\/\\\/mimo.eus\\\/es\\\/#organization\",\"name\":\"MIMO Bite The Experience\",\"url\":\"https:\\\/\\\/mimo.eus\\\/es\\\/\",\"logo\":{\"@type\":\"ImageObject\",\"inLanguage\":\"es\",\"@id\":\"https:\\\/\\\/mimo.eus\\\/es\\\/#\\\/schema\\\/logo\\\/image\\\/\",\"url\":\"https:\\\/\\\/mimo.eus\\\/wp-content\\\/uploads\\\/2021\\\/03\\\/mimo-logo-footer.png\",\"contentUrl\":\"https:\\\/\\\/mimo.eus\\\/wp-content\\\/uploads\\\/2021\\\/03\\\/mimo-logo-footer.png\",\"width\":265,\"height\":124,\"caption\":\"MIMO Bite The Experience\"},\"image\":{\"@id\":\"https:\\\/\\\/mimo.eus\\\/es\\\/#\\\/schema\\\/logo\\\/image\\\/\"}}]}<\/script>\n<!-- \/ Yoast SEO plugin. -->","yoast_head_json":{"title":"Tours Gastron\u00f3micos en San Sebastian - Mimo Bite the Experience","robots":{"index":"index","follow":"follow","max-snippet":"max-snippet:-1","max-image-preview":"max-image-preview:large","max-video-preview":"max-video-preview:-1"},"canonical":"https:\/\/mimo.eus\/es\/tour-gastronomico","og_locale":"es_ES","og_type":"article","og_title":"Tours Gastron\u00f3micos en San Sebastian - Mimo Bite the Experience","og_description":"[vc_row fullwidth=\u00bbtrue\u00bb el_class=\u00bbfila_encabezado padding_40&#8243; css=\u00bb.vc_custom_1675698241875{margin-top: 0px !important;margin-bottom: 70px !important;}\u00bb][vc_column][vc_single_image image=\u00bb15625&#8243; img_size=\u00bbfull\u00bb alignment=\u00bbcenter\u00bb][vc_row_inner is_fullwidth_content=\u00bbfalse\u00bb css=\u00bb.vc_custom_1670930080888{padding-bottom: 40px !important;}\u00bb el_class=\u00bbfila_separadores\u00bb][vc_column_inner width=\u00bb1\/3&#8243;][vc_empty_space height=\u00bb24px\u00bb][vc_column_text css=\u00bb.vc_custom_1663229288748{margin-bottom: 0px !important;}\u00bb] TOURS GASTRONOMICOS [\/vc_column_text][\/vc_column_inner][vc_column_inner width=\u00bb2\/3&#8243;][vc_column_text disable_pattern=\u00bbfalse\u00bb css=\u00bb.vc_custom_1658994045946{margin-bottom: 0px !important;padding-top: 50px !important;}\u00bb]La gastronom\u00eda forma parte del encanto de la ciudad de San Sebasti\u00e1n, y en Mimo tenemos la misi\u00f3n de que todo el que viste [&hellip;]","og_url":"https:\/\/mimo.eus\/es\/tour-gastronomico","og_site_name":"Mimo Bite the Experience - Cursos de cocina y tours en San Sebasti\u00e1n","article_modified_time":"2024-10-21T08:36:21+00:00","twitter_card":"summary_large_image","twitter_misc":{"Tiempo de lectura":"3 minutos"},"schema":{"@context":"https:\/\/schema.org","@graph":[{"@type":"WebPage","@id":"https:\/\/mimo.eus\/es\/tour-gastronomico","url":"https:\/\/mimo.eus\/es\/tour-gastronomico","name":"Tours Gastron\u00f3micos en San Sebastian - Mimo Bite the Experience","isPartOf":{"@id":"https:\/\/mimo.eus\/es\/#website"},"datePublished":"2022-07-28T07:50:48+00:00","dateModified":"2024-10-21T08:36:21+00:00","breadcrumb":{"@id":"https:\/\/mimo.eus\/es\/tour-gastronomico#breadcrumb"},"inLanguage":"es","potentialAction":[{"@type":"ReadAction","target":["https:\/\/mimo.eus\/es\/tour-gastronomico"]}]},{"@type":"BreadcrumbList","@id":"https:\/\/mimo.eus\/es\/tour-gastronomico#breadcrumb","itemListElement":[{"@type":"ListItem","position":1,"name":"Home","item":"https:\/\/mimo.eus\/es"},{"@type":"ListItem","position":2,"name":"Tours gastronomicos"}]},{"@type":"WebSite","@id":"https:\/\/mimo.eus\/es\/#website","url":"https:\/\/mimo.eus\/es\/","name":"Mimo Bite the Experience - Cursos de cocina y tours en San Sebasti\u00e1n","description":"Bite de Experience","publisher":{"@id":"https:\/\/mimo.eus\/es\/#organization"},"potentialAction":[{"@type":"SearchAction","target":{"@type":"EntryPoint","urlTemplate":"https:\/\/mimo.eus\/es\/?s={search_term_string}"},"query-input":{"@type":"PropertyValueSpecification","valueRequired":true,"valueName":"search_term_string"}}],"inLanguage":"es"},{"@type":"Organization","@id":"https:\/\/mimo.eus\/es\/#organization","name":"MIMO Bite The Experience","url":"https:\/\/mimo.eus\/es\/","logo":{"@type":"ImageObject","inLanguage":"es","@id":"https:\/\/mimo.eus\/es\/#\/schema\/logo\/image\/","url":"https:\/\/mimo.eus\/wp-content\/uploads\/2021\/03\/mimo-logo-footer.png","contentUrl":"https:\/\/mimo.eus\/wp-content\/uploads\/2021\/03\/mimo-logo-footer.png","width":265,"height":124,"caption":"MIMO Bite The Experience"},"image":{"@id":"https:\/\/mimo.eus\/es\/#\/schema\/logo\/image\/"}}]}},"_links":{"self":[{"href":"https:\/\/mimo.eus\/es\/wp-json\/wp\/v2\/pages\/11330","targetHints":{"allow":["GET"]}}],"collection":[{"href":"https:\/\/mimo.eus\/es\/wp-json\/wp\/v2\/pages"}],"about":[{"href":"https:\/\/mimo.eus\/es\/wp-json\/wp\/v2\/types\/page"}],"author":[{"embeddable":true,"href":"https:\/\/mimo.eus\/es\/wp-json\/wp\/v2\/users\/4"}],"replies":[{"embeddable":true,"href":"https:\/\/mimo.eus\/es\/wp-json\/wp\/v2\/comments?post=11330"}],"version-history":[{"count":0,"href":"https:\/\/mimo.eus\/es\/wp-json\/wp\/v2\/pages\/11330\/revisions"}],"wp:attachment":[{"href":"https:\/\/mimo.eus\/es\/wp-json\/wp\/v2\/media?parent=11330"}],"wp:term":[{"taxonomy":"category","embeddable":true,"href":"https:\/\/mimo.eus\/es\/wp-json\/wp\/v2\/categories?post=11330"},{"taxonomy":"post_tag","embeddable":true,"href":"https:\/\/mimo.eus\/es\/wp-json\/wp\/v2\/tags?post=11330"}],"curies":[{"name":"wp","href":"https:\/\/api.w.org\/{rel}","templated":true}]}}