{"id":10915,"date":"2022-07-26T13:30:25","date_gmt":"2022-07-26T11:30:25","guid":{"rendered":"https:\/\/mimo.eus\/?page_id=10915"},"modified":"2024-10-21T09:52:14","modified_gmt":"2024-10-21T07:52:14","slug":"mejores-pintxos","status":"publish","type":"page","link":"https:\/\/mimo.eus\/es\/actividades-cocina\/mejores-pintxos","title":{"rendered":"Los 8 mejores"},"content":{"rendered":"<div class=\"wpb-content-wrapper\">[vc_section full_width=\u00bbstretch_row_content\u00bb full_height=\u00bbyes\u00bb content_placement=\u00bbbottom\u00bb disable_element=\u00bbyes\u00bb el_id=\u00bbfila_slider\u00bb css=\u00bb.vc_custom_1618920503846{background-image: url(https:\/\/mimo.eus\/wp-content\/uploads\/2021\/03\/mimo-cursos-de-cocina-header.jpg?id=229) !important;background-position: center !important;background-repeat: no-repeat !important;background-size: cover !important;}\u00bb][vc_row id=\u00bbfila_flecha\u00bb][vc_column][vc_column_text el_class=\u00bbmore_info\u00bb css=\u00bb.vc_custom_1616597675521{margin-bottom: 0px !important;}\u00bb]\n<p style=\"text-align: center; color: white;\">m\u00e1s info<\/p>\n[\/vc_column_text][vc_raw_html]JTNDYSUyMGhyZWYlM0QlMjIlMjNpbmZvJTIyJTIwY2xhc3MlM0QlMjJqcy1zbW9vdGgtc2Nyb2xsJTIwaW1hZ2VuX2ZsZWNoYSUyMiUzRSUzQ2ltZyUyMHNyYyUzRCUyMi4lMkZ3cC1jb250ZW50JTJGdXBsb2FkcyUyRjIwMjElMkYwMyUyRm1vcmVfaW5mby5wbmclMjIlM0UlM0MlMkZhJTNF[\/vc_raw_html][\/vc_column][\/vc_row][\/vc_section][vc_row][vc_column width=\u00bb2\/3&#8243; offset=\u00bbvc_hidden-xs\u00bb][vc_empty_space][vc_column_text css=\u00bb.vc_custom_1663061606003{margin-bottom: 0px !important;}\u00bb]\n<h1>Los 8 mejores pintxos de San Sebasti\u00e1n<\/h1>\n[\/vc_column_text][vc_empty_space][vc_column_text css=\u00bb.vc_custom_1658833745191{margin-bottom: 0px !important;}\u00bb]En San Sebasti\u00e1n nos encanta &#8216;potear&#8217;, que significa ir de bar en bar probando sus especialidades y los mejores pintxos de San Sebasti\u00e1n.<\/p>\n<p>No obstante, los mejores bares de tapas de San Sebasti\u00e1n no son muy grandes suelen estar llenos e ir con grupos grandes es muy dif\u00edcil. Por eso hemos creado \u2018los 8 mejores\u2019.<\/p>\n<p>En Mimo hemos hecho la selecci\u00f3n de los mejores pintxos de Donostia y los hemos recreado. Evita tener que dividir a tu grupo es peque\u00f1as partidas y esperar colas, y disfruta las mejores tapas de san sebastian con todas las facilidades de nuestra escuela.<\/p>\n<p>Tu escoges el formato de la actividad: una clase de cocina donde aprender a elaborarlos, un showcooking Enel que nuestros chefs te explicar\u00e1n todo o una competici\u00f3n de cocina donde cada equipo prepar\u00e1 uno o varios pintxos. Da igual cual escojas, descubrir\u00e1s los mejores pintxos en la comodidad de nuestra escuela.[\/vc_column_text][vc_empty_space][vc_row_inner][vc_column_inner width=\u00bb1\/2&#8243;][vc_single_image image=\u00bb15418&#8243; img_size=\u00bbfull\u00bb][\/vc_column_inner][vc_column_inner width=\u00bb1\/2&#8243;][vc_single_image image=\u00bb15414&#8243; img_size=\u00bbfull\u00bb][\/vc_column_inner][\/vc_row_inner][vc_separator color=\u00bbblack\u00bb][vc_column_text css=\u00bb.vc_custom_1663061623522{margin-bottom: 0px !important;}\u00bb]\n<h2 style=\"text-align: center;\">\u00bfQuieres aprender m\u00e1s sobre los Pintxos de San Sebasti\u00e1n?<\/h2>\n<p style=\"text-align: center;\">Entonces tenemos la clase perfecta para ti. Incluye visita al mercado, donde se hace la compra y se prueba un pintxo. A continuaci\u00f3n, se toma un pintxo y vino de camino a la escuela, donde finalmente se cocinan los mejores pintxos de la ciudad.<\/p>\n[\/vc_column_text][vc_row_inner el_id=\u00bbfila_post\u00bb][vc_column_inner width=\u00bb1\/6&#8243;][\/vc_column_inner][vc_column_inner width=\u00bb2\/3&#8243;][vc_btn title=\u00bbLeer m\u00e1s\u00bb style=\u00bboutline\u00bb shape=\u00bbsquare\u00bb color=\u00bbblack\u00bb align=\u00bbcenter\u00bb css=\u00bb\u00bb link=\u00bburl:https%3A%2F%2Fmimo.eus%2Fes%2Fcursos-cocina%2Ftapas-pintxos\u00bb][vc_empty_space][\/vc_column_inner][vc_column_inner width=\u00bb1\/6&#8243;][\/vc_column_inner][\/vc_row_inner][vc_row_inner][vc_column_inner width=\u00bb1\/2&#8243;][vc_single_image image=\u00bb15416&#8243; img_size=\u00bbfull\u00bb][\/vc_column_inner][vc_column_inner width=\u00bb1\/2&#8243;][vc_single_image image=\u00bb15412&#8243; img_size=\u00bbfull\u00bb][\/vc_column_inner][\/vc_row_inner][\/vc_column][vc_column width=\u00bb1\/3&#8243; offset=\u00bbvc_hidden-xs\u00bb][vc_row_inner el_id=\u00bbformulario_private\u00bb][vc_column_inner]\n<div class=\"wpcf7 no-js\" id=\"wpcf7-f11036-o1\" lang=\"en-US\" dir=\"ltr\" data-wpcf7-id=\"11036\">\n<div class=\"screen-reader-response\"><p role=\"status\" aria-live=\"polite\" aria-atomic=\"true\"><\/p> <ul><\/ul><\/div>\n<form action=\"\/es\/wp-json\/wp\/v2\/pages\/10915#wpcf7-f11036-o1\" method=\"post\" class=\"wpcf7-form init\" aria-label=\"Contact form\" novalidate=\"novalidate\" data-status=\"init\">\n<fieldset class=\"hidden-fields-container\"><input type=\"hidden\" name=\"_wpcf7\" value=\"11036\" \/><input type=\"hidden\" name=\"_wpcf7_version\" value=\"6.1.5\" \/><input type=\"hidden\" name=\"_wpcf7_locale\" value=\"en_US\" \/><input type=\"hidden\" name=\"_wpcf7_unit_tag\" value=\"wpcf7-f11036-o1\" \/><input type=\"hidden\" name=\"_wpcf7_container_post\" value=\"0\" \/><input type=\"hidden\" name=\"_wpcf7_posted_data_hash\" value=\"\" \/>\n<\/fieldset>\n<p><label class=\"titulo_private\">Descubre los mejores pintxos de San Sebasti\u00e1n<\/label>\n<\/p>\n<p><label><span class=\"wpcf7-form-control-wrap\" data-name=\"nombre\"><input size=\"40\" maxlength=\"400\" class=\"wpcf7-form-control wpcf7-text wpcf7-validates-as-required\" aria-required=\"true\" aria-invalid=\"false\" placeholder=\"Nombre y apellidos\" value=\"\" type=\"text\" name=\"nombre\" \/><\/span> <\/label>\n<\/p>\n<p><label><span class=\"wpcf7-form-control-wrap\" data-name=\"fecha\"><input size=\"40\" maxlength=\"400\" class=\"wpcf7-form-control wpcf7-text walcf7-datepicker\" aria-invalid=\"false\" placeholder=\"Fecha deseada\" value=\"\" type=\"text\" name=\"fecha\" \/><\/span><\/label>\n<\/p>\n<p><label><span class=\"wpcf7-form-control-wrap\" data-name=\"your-email\"><input size=\"40\" maxlength=\"400\" class=\"wpcf7-form-control wpcf7-email wpcf7-validates-as-required wpcf7-text wpcf7-validates-as-email\" aria-required=\"true\" aria-invalid=\"false\" placeholder=\"Email\" value=\"\" type=\"email\" name=\"your-email\" \/><\/span><\/label>\n<\/p>\n<p><label><span class=\"wpcf7-form-control-wrap\" data-name=\"telefono\"><input size=\"40\" maxlength=\"400\" class=\"wpcf7-form-control wpcf7-tel wpcf7-validates-as-required wpcf7-text wpcf7-validates-as-tel\" aria-required=\"true\" aria-invalid=\"false\" placeholder=\"Tel\u00e9fono\" value=\"\" type=\"tel\" name=\"telefono\" \/><\/span><\/label>\n<\/p>\n<p><label><span class=\"wpcf7-form-control-wrap\" data-name=\"personas\"><input size=\"40\" maxlength=\"400\" class=\"wpcf7-form-control wpcf7-text wpcf7-validates-as-required\" aria-required=\"true\" aria-invalid=\"false\" placeholder=\"N\u00famero de personas\" value=\"\" type=\"text\" name=\"personas\" \/><\/span><\/label>\n<\/p>\n<p><label><span class=\"wpcf7-form-control-wrap\" data-name=\"mensaje\"><textarea cols=\"40\" rows=\"10\" maxlength=\"2000\" class=\"wpcf7-form-control wpcf7-textarea wpcf7-validates-as-required\" aria-required=\"true\" aria-invalid=\"false\" placeholder=\"\u00bfQu\u00e9 formato te gusta m\u00e1s? Showcooking, clase, competici\u00f3n...\" name=\"mensaje\"><\/textarea><\/span><\/label>\n<\/p>\n<p><input class=\"wpcf7-form-control wpcf7-submit has-spinner\" type=\"submit\" value=\"CONTACTADME\" \/>\n<\/p><div class=\"wpcf7-response-output\" aria-hidden=\"true\"><\/div>\n<\/form>\n<\/div>\n[vc_separator][\/vc_column_inner][\/vc_row_inner][vc_row_inner][vc_column_inner][vc_column_text css=\u00bb.vc_custom_1645782515903{margin-bottom: 0px !important;}\u00bb]\n<h4 style=\"text-align: center;\">Already placed their trust in us:<\/h4>\n[\/vc_column_text][vc_single_image image=\u00bb5781&#8243; img_size=\u00bbfull\u00bb][vc_single_image image=\u00bb6734&#8243; img_size=\u00bbfull\u00bb][\/vc_column_inner][\/vc_row_inner][\/vc_column][\/vc_row][vc_row][vc_column offset=\u00bbvc_hidden-lg vc_hidden-md vc_hidden-sm\u00bb][vc_empty_space][vc_column_text css=\u00bb.vc_custom_1663061630802{margin-bottom: 0px !important;}\u00bb]\n<h1>Los 8 mejores pintxos de San Sebasti\u00e1n<\/h1>\n[\/vc_column_text][vc_empty_space][vc_column_text css=\u00bb.vc_custom_1658833745191{margin-bottom: 0px !important;}\u00bb]En San Sebasti\u00e1n nos encanta &#8216;potear&#8217;, que significa ir de bar en bar probando sus especialidades y los mejores pintxos de San Sebasti\u00e1n.<\/p>\n<p>No obstante, los mejores bares de tapas de San Sebasti\u00e1n no son muy grandes suelen estar llenos e ir con grupos grandes es muy dif\u00edcil. Por eso hemos creado \u2018los 8 mejores\u2019.<\/p>\n<p>En Mimo hemos hecho la selecci\u00f3n de los mejores pintxos de Donostia y los hemos recreado. Evita tener que dividir a tu grupo es peque\u00f1as partidas y esperar colas, y disfruta las mejores tapas de san sebastian con todas las facilidades de nuestra escuela.<\/p>\n<p>Tu escoges el formato de la actividad: una clase de cocina donde aprender a elaborarlos, un showcooking Enel que nuestros chefs te explicar\u00e1n todo o una competici\u00f3n de cocina donde cada equipo prepar\u00e1 uno o varios pintxos. Da igual cual escojas, descubrir\u00e1s los mejores pintxos en la comodidad de nuestra escuela.[\/vc_column_text][vc_empty_space][vc_row_inner][vc_column_inner width=\u00bb1\/2&#8243;][vc_single_image image=\u00bb10921&#8243; img_size=\u00bbfull\u00bb][vc_single_image image=\u00bb11268&#8243; img_size=\u00bbfull\u00bb][\/vc_column_inner][vc_column_inner width=\u00bb1\/2&#8243;][vc_single_image image=\u00bb10924&#8243; img_size=\u00bbfull\u00bb][vc_single_image image=\u00bb11262&#8243; img_size=\u00bbfull\u00bb][\/vc_column_inner][\/vc_row_inner][vc_separator color=\u00bbblack\u00bb][vc_column_text css=\u00bb.vc_custom_1663061648476{margin-bottom: 0px !important;}\u00bb]\n<h2 style=\"text-align: center;\">\u00bfQuieres aprender m\u00e1s sobre los Pintxos de San Sebasti\u00e1n?<\/h2>\n<p style=\"text-align: center;\">Entonces tenemos la clase perfecta para ti. Incluye visita al mercado, donde se hace la compra y se prueba un pintxo. A continuaci\u00f3n, se toma un pintxo y vino de camino a la escuela, donde finalmente se cocinan los mejores pintxos de la ciudad.<\/p>\n[\/vc_column_text][vc_row_inner][vc_column_inner width=\u00bb1\/6&#8243;][\/vc_column_inner][vc_column_inner width=\u00bb2\/3&#8243;][vc_btn title=\u00bbLeer m\u00e1s\u00bb style=\u00bboutline\u00bb shape=\u00bbsquare\u00bb color=\u00bbblack\u00bb align=\u00bbcenter\u00bb css=\u00bb\u00bb link=\u00bburl:https%3A%2F%2Fmimo.eus%2Fes%2Fcursos-cocina%2Ftapas-pintxos\u00bb][vc_empty_space][\/vc_column_inner][vc_column_inner width=\u00bb1\/6&#8243;][\/vc_column_inner][\/vc_row_inner][vc_row_inner][vc_column_inner width=\u00bb1\/2&#8243;][vc_single_image image=\u00bb11265&#8243; img_size=\u00bbfull\u00bb][\/vc_column_inner][vc_column_inner width=\u00bb1\/2&#8243;][vc_single_image image=\u00bb11271&#8243; img_size=\u00bbfull\u00bb][\/vc_column_inner][\/vc_row_inner][vc_row_inner][vc_column_inner]\n<div class=\"wpcf7 no-js\" id=\"wpcf7-f11036-o2\" lang=\"en-US\" dir=\"ltr\" data-wpcf7-id=\"11036\">\n<div class=\"screen-reader-response\"><p role=\"status\" aria-live=\"polite\" aria-atomic=\"true\"><\/p> <ul><\/ul><\/div>\n<form action=\"\/es\/wp-json\/wp\/v2\/pages\/10915#wpcf7-f11036-o2\" method=\"post\" class=\"wpcf7-form init\" aria-label=\"Contact form\" novalidate=\"novalidate\" data-status=\"init\">\n<fieldset class=\"hidden-fields-container\"><input type=\"hidden\" name=\"_wpcf7\" value=\"11036\" \/><input type=\"hidden\" name=\"_wpcf7_version\" value=\"6.1.5\" \/><input type=\"hidden\" name=\"_wpcf7_locale\" value=\"en_US\" \/><input type=\"hidden\" name=\"_wpcf7_unit_tag\" value=\"wpcf7-f11036-o2\" \/><input type=\"hidden\" name=\"_wpcf7_container_post\" value=\"0\" \/><input type=\"hidden\" name=\"_wpcf7_posted_data_hash\" value=\"\" \/>\n<\/fieldset>\n<p><label class=\"titulo_private\">Descubre los mejores pintxos de San Sebasti\u00e1n<\/label>\n<\/p>\n<p><label><span class=\"wpcf7-form-control-wrap\" data-name=\"nombre\"><input size=\"40\" maxlength=\"400\" class=\"wpcf7-form-control wpcf7-text wpcf7-validates-as-required\" aria-required=\"true\" aria-invalid=\"false\" placeholder=\"Nombre y apellidos\" value=\"\" type=\"text\" name=\"nombre\" \/><\/span> <\/label>\n<\/p>\n<p><label><span class=\"wpcf7-form-control-wrap\" data-name=\"fecha\"><input size=\"40\" maxlength=\"400\" class=\"wpcf7-form-control wpcf7-text walcf7-datepicker\" aria-invalid=\"false\" placeholder=\"Fecha deseada\" value=\"\" type=\"text\" name=\"fecha\" \/><\/span><\/label>\n<\/p>\n<p><label><span class=\"wpcf7-form-control-wrap\" data-name=\"your-email\"><input size=\"40\" maxlength=\"400\" class=\"wpcf7-form-control wpcf7-email wpcf7-validates-as-required wpcf7-text wpcf7-validates-as-email\" aria-required=\"true\" aria-invalid=\"false\" placeholder=\"Email\" value=\"\" type=\"email\" name=\"your-email\" \/><\/span><\/label>\n<\/p>\n<p><label><span class=\"wpcf7-form-control-wrap\" data-name=\"telefono\"><input size=\"40\" maxlength=\"400\" class=\"wpcf7-form-control wpcf7-tel wpcf7-validates-as-required wpcf7-text wpcf7-validates-as-tel\" aria-required=\"true\" aria-invalid=\"false\" placeholder=\"Tel\u00e9fono\" value=\"\" type=\"tel\" name=\"telefono\" \/><\/span><\/label>\n<\/p>\n<p><label><span class=\"wpcf7-form-control-wrap\" data-name=\"personas\"><input size=\"40\" maxlength=\"400\" class=\"wpcf7-form-control wpcf7-text wpcf7-validates-as-required\" aria-required=\"true\" aria-invalid=\"false\" placeholder=\"N\u00famero de personas\" value=\"\" type=\"text\" name=\"personas\" \/><\/span><\/label>\n<\/p>\n<p><label><span class=\"wpcf7-form-control-wrap\" data-name=\"mensaje\"><textarea cols=\"40\" rows=\"10\" maxlength=\"2000\" class=\"wpcf7-form-control wpcf7-textarea wpcf7-validates-as-required\" aria-required=\"true\" aria-invalid=\"false\" placeholder=\"\u00bfQu\u00e9 formato te gusta m\u00e1s? Showcooking, clase, competici\u00f3n...\" name=\"mensaje\"><\/textarea><\/span><\/label>\n<\/p>\n<p><input class=\"wpcf7-form-control wpcf7-submit has-spinner\" type=\"submit\" value=\"CONTACTADME\" \/>\n<\/p><div class=\"wpcf7-response-output\" aria-hidden=\"true\"><\/div>\n<\/form>\n<\/div>\n[vc_separator][\/vc_column_inner][\/vc_row_inner][vc_row_inner][vc_column_inner][vc_column_text css=\u00bb.vc_custom_1645782515903{margin-bottom: 0px !important;}\u00bb]\n<h4 style=\"text-align: center;\">Already placed their trust in us:<\/h4>\n[\/vc_column_text][vc_single_image image=\u00bb5781&#8243; img_size=\u00bbfull\u00bb][vc_single_image image=\u00bb6734&#8243; img_size=\u00bbfull\u00bb][\/vc_column_inner][\/vc_row_inner][\/vc_column][\/vc_row][vc_column width=\u00bb1\/2&#8243;][\/vc_column][vc_column width=\u00bb1\/2&#8243;][\/vc_column]\n<\/div>","protected":false},"excerpt":{"rendered":"<p>[vc_section full_width=\u00bbstretch_row_content\u00bb full_height=\u00bbyes\u00bb content_placement=\u00bbbottom\u00bb disable_element=\u00bbyes\u00bb el_id=\u00bbfila_slider\u00bb css=\u00bb.vc_custom_1618920503846{background-image: url(https:\/\/mimo.eus\/wp-content\/uploads\/2021\/03\/mimo-cursos-de-cocina-header.jpg?id=229) !important;background-position: center !important;background-repeat: no-repeat !important;background-size: cover !important;}\u00bb][vc_row id=\u00bbfila_flecha\u00bb][vc_column][vc_column_text el_class=\u00bbmore_info\u00bb css=\u00bb.vc_custom_1616597675521{margin-bottom: 0px !important;}\u00bb] m\u00e1s info [\/vc_column_text][vc_raw_html]JTNDYSUyMGhyZWYlM0QlMjIlMjNpbmZvJTIyJTIwY2xhc3MlM0QlMjJqcy1zbW9vdGgtc2Nyb2xsJTIwaW1hZ2VuX2ZsZWNoYSUyMiUzRSUzQ2ltZyUyMHNyYyUzRCUyMi4lMkZ3cC1jb250ZW50JTJGdXBsb2FkcyUyRjIwMjElMkYwMyUyRm1vcmVfaW5mby5wbmclMjIlM0UlM0MlMkZhJTNF[\/vc_raw_html][\/vc_column][\/vc_row][\/vc_section][vc_row][vc_column width=\u00bb2\/3&#8243; offset=\u00bbvc_hidden-xs\u00bb][vc_empty_space][vc_column_text css=\u00bb.vc_custom_1663061606003{margin-bottom: 0px !important;}\u00bb] Los 8 mejores pintxos de San Sebasti\u00e1n [\/vc_column_text][vc_empty_space][vc_column_text css=\u00bb.vc_custom_1658833745191{margin-bottom: 0px !important;}\u00bb]En San Sebasti\u00e1n nos encanta &#8216;potear&#8217;, que significa ir de bar en bar probando sus especialidades y [&hellip;]<\/p>\n","protected":false},"author":4,"featured_media":0,"parent":10659,"menu_order":0,"comment_status":"closed","ping_status":"closed","template":"","meta":{"_acf_changed":false,"recipe_title_en":"","recipe_ingredients_es":"","recipe_method_es":"","recipe_ingredients_en":"","recipe_method_en":"","recipe_chef_notes_es":"","recipe_variations_es":"","chefnotes_en":"","variations_en":"","recipe_vimeo_link":"","recipe_families":"","recipe_techniques":"","footnotes":""},"class_list":["post-10915","page","type-page","status-publish","hentry"],"acf":[],"yoast_head":"<!-- This site is optimized with the Yoast SEO plugin v27.4 - https:\/\/yoast.com\/product\/yoast-seo-wordpress\/ -->\n<title>Los 8 mejores - Mimo Bite the Experience - Cursos de cocina y tours en San Sebasti\u00e1n<\/title>\n<meta name=\"robots\" content=\"index, follow, max-snippet:-1, max-image-preview:large, max-video-preview:-1\" \/>\n<link rel=\"canonical\" href=\"https:\/\/mimo.eus\/es\/actividades-cocina\/mejores-pintxos\" \/>\n<meta property=\"og:locale\" content=\"es_ES\" \/>\n<meta property=\"og:type\" content=\"article\" \/>\n<meta property=\"og:title\" content=\"Los 8 mejores - Mimo Bite the Experience - Cursos de cocina y tours en San Sebasti\u00e1n\" \/>\n<meta property=\"og:description\" content=\"[vc_section full_width=\u00bbstretch_row_content\u00bb full_height=\u00bbyes\u00bb content_placement=\u00bbbottom\u00bb disable_element=\u00bbyes\u00bb el_id=\u00bbfila_slider\u00bb css=\u00bb.vc_custom_1618920503846{background-image: url(https:\/\/mimo.eus\/wp-content\/uploads\/2021\/03\/mimo-cursos-de-cocina-header.jpg?id=229) !important;background-position: center !important;background-repeat: no-repeat !important;background-size: cover !important;}\u00bb][vc_row id=\u00bbfila_flecha\u00bb][vc_column][vc_column_text el_class=\u00bbmore_info\u00bb css=\u00bb.vc_custom_1616597675521{margin-bottom: 0px !important;}\u00bb] m\u00e1s info [\/vc_column_text][vc_raw_html]JTNDYSUyMGhyZWYlM0QlMjIlMjNpbmZvJTIyJTIwY2xhc3MlM0QlMjJqcy1zbW9vdGgtc2Nyb2xsJTIwaW1hZ2VuX2ZsZWNoYSUyMiUzRSUzQ2ltZyUyMHNyYyUzRCUyMi4lMkZ3cC1jb250ZW50JTJGdXBsb2FkcyUyRjIwMjElMkYwMyUyRm1vcmVfaW5mby5wbmclMjIlM0UlM0MlMkZhJTNF[\/vc_raw_html][\/vc_column][\/vc_row][\/vc_section][vc_row][vc_column width=\u00bb2\/3&#8243; offset=\u00bbvc_hidden-xs\u00bb][vc_empty_space][vc_column_text css=\u00bb.vc_custom_1663061606003{margin-bottom: 0px !important;}\u00bb] Los 8 mejores pintxos de San Sebasti\u00e1n [\/vc_column_text][vc_empty_space][vc_column_text css=\u00bb.vc_custom_1658833745191{margin-bottom: 0px !important;}\u00bb]En San Sebasti\u00e1n nos encanta &#8216;potear&#8217;, que significa ir de bar en bar probando sus especialidades y [&hellip;]\" \/>\n<meta property=\"og:url\" content=\"https:\/\/mimo.eus\/es\/actividades-cocina\/mejores-pintxos\" \/>\n<meta property=\"og:site_name\" content=\"Mimo Bite the Experience - Cursos de cocina y tours en San Sebasti\u00e1n\" \/>\n<meta property=\"article:modified_time\" content=\"2024-10-21T07:52:14+00:00\" \/>\n<meta name=\"twitter:card\" content=\"summary_large_image\" \/>\n<meta name=\"twitter:label1\" content=\"Tiempo de lectura\" \/>\n\t<meta name=\"twitter:data1\" content=\"3 minutos\" \/>\n<script type=\"application\/ld+json\" class=\"yoast-schema-graph\">{\"@context\":\"https:\\\/\\\/schema.org\",\"@graph\":[{\"@type\":\"WebPage\",\"@id\":\"https:\\\/\\\/mimo.eus\\\/es\\\/actividades-cocina\\\/mejores-pintxos\",\"url\":\"https:\\\/\\\/mimo.eus\\\/es\\\/actividades-cocina\\\/mejores-pintxos\",\"name\":\"Los 8 mejores - Mimo Bite the Experience - Cursos de cocina y tours en San Sebasti\u00e1n\",\"isPartOf\":{\"@id\":\"https:\\\/\\\/mimo.eus\\\/es\\\/#website\"},\"datePublished\":\"2022-07-26T11:30:25+00:00\",\"dateModified\":\"2024-10-21T07:52:14+00:00\",\"breadcrumb\":{\"@id\":\"https:\\\/\\\/mimo.eus\\\/es\\\/actividades-cocina\\\/mejores-pintxos#breadcrumb\"},\"inLanguage\":\"es\",\"potentialAction\":[{\"@type\":\"ReadAction\",\"target\":[\"https:\\\/\\\/mimo.eus\\\/es\\\/actividades-cocina\\\/mejores-pintxos\"]}]},{\"@type\":\"BreadcrumbList\",\"@id\":\"https:\\\/\\\/mimo.eus\\\/es\\\/actividades-cocina\\\/mejores-pintxos#breadcrumb\",\"itemListElement\":[{\"@type\":\"ListItem\",\"position\":1,\"name\":\"Home\",\"item\":\"https:\\\/\\\/mimo.eus\\\/es\"},{\"@type\":\"ListItem\",\"position\":2,\"name\":\"Actividades de cocina\",\"item\":\"https:\\\/\\\/mimo.eus\\\/es\\\/actividades-cocina\"},{\"@type\":\"ListItem\",\"position\":3,\"name\":\"Los 8 mejores\"}]},{\"@type\":\"WebSite\",\"@id\":\"https:\\\/\\\/mimo.eus\\\/es\\\/#website\",\"url\":\"https:\\\/\\\/mimo.eus\\\/es\\\/\",\"name\":\"Mimo Bite the Experience - Cursos de cocina y tours en San Sebasti\u00e1n\",\"description\":\"Bite de Experience\",\"publisher\":{\"@id\":\"https:\\\/\\\/mimo.eus\\\/es\\\/#organization\"},\"potentialAction\":[{\"@type\":\"SearchAction\",\"target\":{\"@type\":\"EntryPoint\",\"urlTemplate\":\"https:\\\/\\\/mimo.eus\\\/es\\\/?s={search_term_string}\"},\"query-input\":{\"@type\":\"PropertyValueSpecification\",\"valueRequired\":true,\"valueName\":\"search_term_string\"}}],\"inLanguage\":\"es\"},{\"@type\":\"Organization\",\"@id\":\"https:\\\/\\\/mimo.eus\\\/es\\\/#organization\",\"name\":\"MIMO Bite The Experience\",\"url\":\"https:\\\/\\\/mimo.eus\\\/es\\\/\",\"logo\":{\"@type\":\"ImageObject\",\"inLanguage\":\"es\",\"@id\":\"https:\\\/\\\/mimo.eus\\\/es\\\/#\\\/schema\\\/logo\\\/image\\\/\",\"url\":\"https:\\\/\\\/mimo.eus\\\/wp-content\\\/uploads\\\/2021\\\/03\\\/mimo-logo-footer.png\",\"contentUrl\":\"https:\\\/\\\/mimo.eus\\\/wp-content\\\/uploads\\\/2021\\\/03\\\/mimo-logo-footer.png\",\"width\":265,\"height\":124,\"caption\":\"MIMO Bite The Experience\"},\"image\":{\"@id\":\"https:\\\/\\\/mimo.eus\\\/es\\\/#\\\/schema\\\/logo\\\/image\\\/\"}}]}<\/script>\n<!-- \/ Yoast SEO plugin. -->","yoast_head_json":{"title":"Los 8 mejores - Mimo Bite the Experience - Cursos de cocina y tours en San Sebasti\u00e1n","robots":{"index":"index","follow":"follow","max-snippet":"max-snippet:-1","max-image-preview":"max-image-preview:large","max-video-preview":"max-video-preview:-1"},"canonical":"https:\/\/mimo.eus\/es\/actividades-cocina\/mejores-pintxos","og_locale":"es_ES","og_type":"article","og_title":"Los 8 mejores - Mimo Bite the Experience - Cursos de cocina y tours en San Sebasti\u00e1n","og_description":"[vc_section full_width=\u00bbstretch_row_content\u00bb full_height=\u00bbyes\u00bb content_placement=\u00bbbottom\u00bb disable_element=\u00bbyes\u00bb el_id=\u00bbfila_slider\u00bb css=\u00bb.vc_custom_1618920503846{background-image: url(https:\/\/mimo.eus\/wp-content\/uploads\/2021\/03\/mimo-cursos-de-cocina-header.jpg?id=229) !important;background-position: center !important;background-repeat: no-repeat !important;background-size: cover !important;}\u00bb][vc_row id=\u00bbfila_flecha\u00bb][vc_column][vc_column_text el_class=\u00bbmore_info\u00bb css=\u00bb.vc_custom_1616597675521{margin-bottom: 0px !important;}\u00bb] m\u00e1s info [\/vc_column_text][vc_raw_html]JTNDYSUyMGhyZWYlM0QlMjIlMjNpbmZvJTIyJTIwY2xhc3MlM0QlMjJqcy1zbW9vdGgtc2Nyb2xsJTIwaW1hZ2VuX2ZsZWNoYSUyMiUzRSUzQ2ltZyUyMHNyYyUzRCUyMi4lMkZ3cC1jb250ZW50JTJGdXBsb2FkcyUyRjIwMjElMkYwMyUyRm1vcmVfaW5mby5wbmclMjIlM0UlM0MlMkZhJTNF[\/vc_raw_html][\/vc_column][\/vc_row][\/vc_section][vc_row][vc_column width=\u00bb2\/3&#8243; offset=\u00bbvc_hidden-xs\u00bb][vc_empty_space][vc_column_text css=\u00bb.vc_custom_1663061606003{margin-bottom: 0px !important;}\u00bb] Los 8 mejores pintxos de San Sebasti\u00e1n [\/vc_column_text][vc_empty_space][vc_column_text css=\u00bb.vc_custom_1658833745191{margin-bottom: 0px !important;}\u00bb]En San Sebasti\u00e1n nos encanta &#8216;potear&#8217;, que significa ir de bar en bar probando sus especialidades y [&hellip;]","og_url":"https:\/\/mimo.eus\/es\/actividades-cocina\/mejores-pintxos","og_site_name":"Mimo Bite the Experience - Cursos de cocina y tours en San Sebasti\u00e1n","article_modified_time":"2024-10-21T07:52:14+00:00","twitter_card":"summary_large_image","twitter_misc":{"Tiempo de lectura":"3 minutos"},"schema":{"@context":"https:\/\/schema.org","@graph":[{"@type":"WebPage","@id":"https:\/\/mimo.eus\/es\/actividades-cocina\/mejores-pintxos","url":"https:\/\/mimo.eus\/es\/actividades-cocina\/mejores-pintxos","name":"Los 8 mejores - Mimo Bite the Experience - Cursos de cocina y tours en San Sebasti\u00e1n","isPartOf":{"@id":"https:\/\/mimo.eus\/es\/#website"},"datePublished":"2022-07-26T11:30:25+00:00","dateModified":"2024-10-21T07:52:14+00:00","breadcrumb":{"@id":"https:\/\/mimo.eus\/es\/actividades-cocina\/mejores-pintxos#breadcrumb"},"inLanguage":"es","potentialAction":[{"@type":"ReadAction","target":["https:\/\/mimo.eus\/es\/actividades-cocina\/mejores-pintxos"]}]},{"@type":"BreadcrumbList","@id":"https:\/\/mimo.eus\/es\/actividades-cocina\/mejores-pintxos#breadcrumb","itemListElement":[{"@type":"ListItem","position":1,"name":"Home","item":"https:\/\/mimo.eus\/es"},{"@type":"ListItem","position":2,"name":"Actividades de cocina","item":"https:\/\/mimo.eus\/es\/actividades-cocina"},{"@type":"ListItem","position":3,"name":"Los 8 mejores"}]},{"@type":"WebSite","@id":"https:\/\/mimo.eus\/es\/#website","url":"https:\/\/mimo.eus\/es\/","name":"Mimo Bite the Experience - Cursos de cocina y tours en San Sebasti\u00e1n","description":"Bite de Experience","publisher":{"@id":"https:\/\/mimo.eus\/es\/#organization"},"potentialAction":[{"@type":"SearchAction","target":{"@type":"EntryPoint","urlTemplate":"https:\/\/mimo.eus\/es\/?s={search_term_string}"},"query-input":{"@type":"PropertyValueSpecification","valueRequired":true,"valueName":"search_term_string"}}],"inLanguage":"es"},{"@type":"Organization","@id":"https:\/\/mimo.eus\/es\/#organization","name":"MIMO Bite The Experience","url":"https:\/\/mimo.eus\/es\/","logo":{"@type":"ImageObject","inLanguage":"es","@id":"https:\/\/mimo.eus\/es\/#\/schema\/logo\/image\/","url":"https:\/\/mimo.eus\/wp-content\/uploads\/2021\/03\/mimo-logo-footer.png","contentUrl":"https:\/\/mimo.eus\/wp-content\/uploads\/2021\/03\/mimo-logo-footer.png","width":265,"height":124,"caption":"MIMO Bite The Experience"},"image":{"@id":"https:\/\/mimo.eus\/es\/#\/schema\/logo\/image\/"}}]}},"_links":{"self":[{"href":"https:\/\/mimo.eus\/es\/wp-json\/wp\/v2\/pages\/10915","targetHints":{"allow":["GET"]}}],"collection":[{"href":"https:\/\/mimo.eus\/es\/wp-json\/wp\/v2\/pages"}],"about":[{"href":"https:\/\/mimo.eus\/es\/wp-json\/wp\/v2\/types\/page"}],"author":[{"embeddable":true,"href":"https:\/\/mimo.eus\/es\/wp-json\/wp\/v2\/users\/4"}],"replies":[{"embeddable":true,"href":"https:\/\/mimo.eus\/es\/wp-json\/wp\/v2\/comments?post=10915"}],"version-history":[{"count":0,"href":"https:\/\/mimo.eus\/es\/wp-json\/wp\/v2\/pages\/10915\/revisions"}],"up":[{"embeddable":true,"href":"https:\/\/mimo.eus\/es\/wp-json\/wp\/v2\/pages\/10659"}],"wp:attachment":[{"href":"https:\/\/mimo.eus\/es\/wp-json\/wp\/v2\/media?parent=10915"}],"curies":[{"name":"wp","href":"https:\/\/api.w.org\/{rel}","templated":true}]}}