{"id":10700,"date":"2022-07-21T10:04:14","date_gmt":"2022-07-21T08:04:14","guid":{"rendered":"https:\/\/mimo.eus\/?page_id=10700"},"modified":"2022-09-15T13:03:02","modified_gmt":"2022-09-15T11:03:02","slug":"cooking-party","status":"publish","type":"page","link":"https:\/\/mimo.eus\/es\/actividades-cocina\/cooking-party","title":{"rendered":"Cooking party"},"content":{"rendered":"<div class=\"wpb-content-wrapper\">[vc_section full_width=\u00bbstretch_row_content\u00bb full_height=\u00bbyes\u00bb content_placement=\u00bbbottom\u00bb disable_element=\u00bbyes\u00bb el_id=\u00bbfila_slider\u00bb css=\u00bb.vc_custom_1618920503846{background-image: url(https:\/\/mimo.eus\/wp-content\/uploads\/2021\/03\/mimo-cursos-de-cocina-header.jpg?id=229) !important;background-position: center !important;background-repeat: no-repeat !important;background-size: cover !important;}\u00bb][vc_row id=\u00bbfila_flecha\u00bb][vc_column][vc_column_text el_class=\u00bbmore_info\u00bb css=\u00bb.vc_custom_1616597675521{margin-bottom: 0px !important;}\u00bb]\n<p style=\"text-align: center; color: white;\">m\u00e1s info<\/p>\n[\/vc_column_text][vc_raw_html]JTNDYSUyMGhyZWYlM0QlMjIlMjNpbmZvJTIyJTIwY2xhc3MlM0QlMjJqcy1zbW9vdGgtc2Nyb2xsJTIwaW1hZ2VuX2ZsZWNoYSUyMiUzRSUzQ2ltZyUyMHNyYyUzRCUyMi4lMkZ3cC1jb250ZW50JTJGdXBsb2FkcyUyRjIwMjElMkYwMyUyRm1vcmVfaW5mby5wbmclMjIlM0UlM0MlMkZhJTNF[\/vc_raw_html][\/vc_column][\/vc_row][\/vc_section][vc_row visibility=\u00bbhidden-sm\u00bb][vc_column width=\u00bb2\/3&#8243; offset=\u00bbvc_hidden-xs\u00bb css=\u00bb.vc_custom_1662627849708{padding-top: 50px !important;}\u00bb][vc_column_text css=\u00bb.vc_custom_1662627816838{margin-bottom: 0px !important;}\u00bb]\n<h1>COOKING PARTY<\/h1>\n[\/vc_column_text][vc_empty_space][vc_column_text css=\u00bb.vc_custom_1658390628981{margin-bottom: 0px !important;}\u00bb]Queremos formar parte de tus d\u00edas m\u00e1s especiales. Con tu idea y nuestro espacio y amor por los detalles, organizaremos la fiesta de tus sue\u00f1os.[\/vc_column_text][vc_empty_space][vc_column_text el_class=\u00bbh2_small\u00bb css=\u00bb.vc_custom_1663061327751{margin-bottom: 0px !important;}\u00bb]\n<h2 style=\"text-align: center;\">\u00bfQu\u00e9 es una cooking party?<\/h2>\n[\/vc_column_text][vc_column_text css=\u00bb.vc_custom_1663061435313{margin-bottom: 0px !important;}\u00bb]Una cooking party es una celebraci\u00f3n donde la comida es el elemento diferenciador, aquello que aporta un valor extra y hace que tu fiesta sea diferente a las dem\u00e1s.<\/p>\n<p>Hay varias opciones para conseguirlo, desde showcookings hasta cupcake partys. Somos expertos en dise\u00f1ar eventos a medida, \u00a1as\u00ed que deja volar tu imaginaci\u00f3n![\/vc_column_text][vc_empty_space][vc_column_text el_class=\u00bbh2_small\u00bb css=\u00bb.vc_custom_1663061306929{margin-bottom: 0px !important;}\u00bb]\n<h2 style=\"text-align: center;\">Echa un vistazo a nuestras actividades para inspirarte<\/h2>\n[\/vc_column_text][vc_row_inner][vc_column_inner width=\u00bb1\/2&#8243;][vc_single_image image=\u00bb10663&#8243; img_size=\u00bbfull\u00bb][\/vc_column_inner][vc_column_inner width=\u00bb1\/2&#8243;][vc_single_image image=\u00bb11278&#8243; img_size=\u00bbfull\u00bb][\/vc_column_inner][\/vc_row_inner][vc_row_inner][vc_column_inner width=\u00bb1\/2&#8243;][vc_column_text css=\u00bb.vc_custom_1658840278542{margin-bottom: 0px !important;}\u00bb]\n<h3><small><small><small>Competici\u00f3n<\/small><\/small><\/small><\/h3>\n[\/vc_column_text][vc_btn title=\u00bbLeer m\u00e1s\u00bb style=\u00bboutline\u00bb shape=\u00bbsquare\u00bb color=\u00bbblack\u00bb link=\u00bburl:https%3A%2F%2Fmimo.eus%2Fes%2Factividades-cocina%2Fconcurso|title:Cursos%20de%20cocina%20espa%C3%B1ola\u00bb][\/vc_column_inner][vc_column_inner width=\u00bb1\/2&#8243;][vc_column_text css=\u00bb.vc_custom_1658840305920{margin-bottom: 0px !important;}\u00bb]\n<h3><small><small><small>Eventos corporativos<\/small><\/small><\/small><\/h3>\n[\/vc_column_text][vc_btn title=\u00bbLeer m\u00e1s\u00bb style=\u00bboutline\u00bb shape=\u00bbsquare\u00bb color=\u00bbblack\u00bb link=\u00bburl:https%3A%2F%2Fmimo.eus%2Fes%2Factividades-cocina%2Feventos-corporativos|title:Cursos%20de%20cocina%20espa%C3%B1ola\u00bb][\/vc_column_inner][\/vc_row_inner][\/vc_column][vc_column width=\u00bb1\/3&#8243; offset=\u00bbvc_hidden-xs\u00bb][vc_row_inner el_id=\u00bbformulario_private\u00bb][vc_column_inner]\n<div class=\"wpcf7 no-js\" id=\"wpcf7-f11032-o1\" lang=\"en-US\" dir=\"ltr\" data-wpcf7-id=\"11032\">\n<div class=\"screen-reader-response\"><p role=\"status\" aria-live=\"polite\" aria-atomic=\"true\"><\/p> <ul><\/ul><\/div>\n<form action=\"\/es\/wp-json\/wp\/v2\/pages\/10700#wpcf7-f11032-o1\" method=\"post\" class=\"wpcf7-form init\" aria-label=\"Contact form\" novalidate=\"novalidate\" data-status=\"init\">\n<fieldset class=\"hidden-fields-container\"><input type=\"hidden\" name=\"_wpcf7\" value=\"11032\" \/><input type=\"hidden\" name=\"_wpcf7_version\" value=\"6.1.5\" \/><input type=\"hidden\" name=\"_wpcf7_locale\" value=\"en_US\" \/><input type=\"hidden\" name=\"_wpcf7_unit_tag\" value=\"wpcf7-f11032-o1\" \/><input type=\"hidden\" name=\"_wpcf7_container_post\" value=\"0\" \/><input type=\"hidden\" name=\"_wpcf7_posted_data_hash\" value=\"\" \/>\n<\/fieldset>\n<p><label class=\"titulo_private\">Celebra con nosotros.<\/label>\n<\/p>\n<p><label><span class=\"wpcf7-form-control-wrap\" data-name=\"nombre\"><input size=\"40\" maxlength=\"400\" class=\"wpcf7-form-control wpcf7-text wpcf7-validates-as-required\" aria-required=\"true\" aria-invalid=\"false\" placeholder=\"Nombre y apellidos\" value=\"\" type=\"text\" name=\"nombre\" \/><\/span> <\/label>\n<\/p>\n<p><label><span class=\"wpcf7-form-control-wrap\" data-name=\"fecha\"><input size=\"40\" maxlength=\"400\" class=\"wpcf7-form-control wpcf7-text walcf7-datepicker\" aria-invalid=\"false\" placeholder=\"Fecha deseada\" value=\"\" type=\"text\" name=\"fecha\" \/><\/span><\/label>\n<\/p>\n<p><label><span class=\"wpcf7-form-control-wrap\" data-name=\"your-email\"><input size=\"40\" maxlength=\"400\" class=\"wpcf7-form-control wpcf7-email wpcf7-validates-as-required wpcf7-text wpcf7-validates-as-email\" aria-required=\"true\" aria-invalid=\"false\" placeholder=\"Email\" value=\"\" type=\"email\" name=\"your-email\" \/><\/span><\/label>\n<\/p>\n<p><label><span class=\"wpcf7-form-control-wrap\" data-name=\"telefono\"><input size=\"40\" maxlength=\"400\" class=\"wpcf7-form-control wpcf7-tel wpcf7-validates-as-required wpcf7-text wpcf7-validates-as-tel\" aria-required=\"true\" aria-invalid=\"false\" placeholder=\"Tel\u00e9fono\" value=\"\" type=\"tel\" name=\"telefono\" \/><\/span><\/label>\n<\/p>\n<p><label><span class=\"wpcf7-form-control-wrap\" data-name=\"personas\"><input size=\"40\" maxlength=\"400\" class=\"wpcf7-form-control wpcf7-text wpcf7-validates-as-required\" aria-required=\"true\" aria-invalid=\"false\" placeholder=\"N\u00famero de personas\" value=\"\" type=\"text\" name=\"personas\" \/><\/span><\/label>\n<\/p>\n<p><label><span class=\"wpcf7-form-control-wrap\" data-name=\"mensaje\"><textarea cols=\"40\" rows=\"10\" maxlength=\"2000\" class=\"wpcf7-form-control wpcf7-textarea wpcf7-validates-as-required\" aria-required=\"true\" aria-invalid=\"false\" placeholder=\"Cu\u00e9ntanos que celebras y tu idea\" name=\"mensaje\"><\/textarea><\/span><\/label>\n<\/p>\n<p><input class=\"wpcf7-form-control wpcf7-submit has-spinner\" type=\"submit\" value=\"CONTACTADME\" \/>\n<\/p><div class=\"wpcf7-response-output\" aria-hidden=\"true\"><\/div>\n<\/form>\n<\/div>\n[vc_separator][\/vc_column_inner][\/vc_row_inner][vc_row_inner][vc_column_inner][vc_column_text css=\u00bb.vc_custom_1645782515903{margin-bottom: 0px !important;}\u00bb]\n<h4 style=\"text-align: center;\">Already placed their trust in us:<\/h4>\n[\/vc_column_text][vc_single_image image=\u00bb5781&#8243; img_size=\u00bbfull\u00bb][vc_single_image image=\u00bb6734&#8243; img_size=\u00bbfull\u00bb][\/vc_column_inner][\/vc_row_inner][\/vc_column][\/vc_row][vc_row][vc_column offset=\u00bbvc_hidden-lg vc_hidden-md vc_hidden-sm\u00bb css=\u00bb.vc_custom_1663239841915{padding-top: 50px !important;}\u00bb][vc_column_text css=\u00bb.vc_custom_1662627816838{margin-bottom: 0px !important;}\u00bb]\n<h1>COOKING PARTY<\/h1>\n[\/vc_column_text][vc_empty_space][vc_column_text css=\u00bb.vc_custom_1658390628981{margin-bottom: 0px !important;}\u00bb]Queremos formar parte de tus d\u00edas m\u00e1s especiales. Con tu idea y nuestro espacio y amor por los detalles, organizaremos la fiesta de tus sue\u00f1os.[\/vc_column_text][vc_empty_space][vc_column_text el_class=\u00bbh2_small\u00bb css=\u00bb.vc_custom_1663061327751{margin-bottom: 0px !important;}\u00bb]\n<h2 style=\"text-align: center;\">\u00bfQu\u00e9 es una cooking party?<\/h2>\n[\/vc_column_text][vc_column_text css=\u00bb.vc_custom_1663061435313{margin-bottom: 0px !important;}\u00bb]Una cooking party es una celebraci\u00f3n donde la comida es el elemento diferenciador, aquello que aporta un valor extra y hace que tu fiesta sea diferente a las dem\u00e1s.<\/p>\n<p>Hay varias opciones para conseguirlo, desde showcookings hasta cupcake partys. Somos expertos en dise\u00f1ar eventos a medida, \u00a1as\u00ed que deja volar tu imaginaci\u00f3n![\/vc_column_text][vc_empty_space][vc_column_text el_class=\u00bbh2_small\u00bb css=\u00bb.vc_custom_1663061306929{margin-bottom: 0px !important;}\u00bb]\n<h2 style=\"text-align: center;\">Echa un vistazo a nuestras actividades para inspirarte<\/h2>\n[\/vc_column_text][vc_row_inner][vc_column_inner width=\u00bb1\/2&#8243;][vc_single_image image=\u00bb10663&#8243; img_size=\u00bbfull\u00bb][vc_column_text css=\u00bb.vc_custom_1658840278542{margin-bottom: 0px !important;}\u00bb]\n<h3><small><small><small>Competici\u00f3n<\/small><\/small><\/small><\/h3>\n[\/vc_column_text][vc_btn title=\u00bbLeer m\u00e1s\u00bb style=\u00bboutline\u00bb shape=\u00bbsquare\u00bb color=\u00bbblack\u00bb link=\u00bburl:https%3A%2F%2Fmimo.eus%2Fes%2Factividades-cocina%2Fconcurso|title:Cursos%20de%20cocina%20espa%C3%B1ola\u00bb][\/vc_column_inner][vc_column_inner width=\u00bb1\/2&#8243;][vc_single_image image=\u00bb11278&#8243; img_size=\u00bbfull\u00bb][vc_column_text css=\u00bb.vc_custom_1658840305920{margin-bottom: 0px !important;}\u00bb]\n<h3><small><small><small>Eventos corporativos<\/small><\/small><\/small><\/h3>\n[\/vc_column_text][vc_btn title=\u00bbLeer m\u00e1s\u00bb style=\u00bboutline\u00bb shape=\u00bbsquare\u00bb color=\u00bbblack\u00bb link=\u00bburl:https%3A%2F%2Fmimo.eus%2Fes%2Factividades-cocina%2Feventos-corporativos|title:Cursos%20de%20cocina%20espa%C3%B1ola\u00bb][\/vc_column_inner][\/vc_row_inner][\/vc_column][\/vc_row][vc_row][vc_column offset=\u00bbvc_hidden-lg vc_hidden-md vc_hidden-sm\u00bb][vc_separator]\n<div class=\"wpcf7 no-js\" id=\"wpcf7-f11032-o2\" lang=\"en-US\" dir=\"ltr\" data-wpcf7-id=\"11032\">\n<div class=\"screen-reader-response\"><p role=\"status\" aria-live=\"polite\" aria-atomic=\"true\"><\/p> <ul><\/ul><\/div>\n<form action=\"\/es\/wp-json\/wp\/v2\/pages\/10700#wpcf7-f11032-o2\" method=\"post\" class=\"wpcf7-form init\" aria-label=\"Contact form\" novalidate=\"novalidate\" data-status=\"init\">\n<fieldset class=\"hidden-fields-container\"><input type=\"hidden\" name=\"_wpcf7\" value=\"11032\" \/><input type=\"hidden\" name=\"_wpcf7_version\" value=\"6.1.5\" \/><input type=\"hidden\" name=\"_wpcf7_locale\" value=\"en_US\" \/><input type=\"hidden\" name=\"_wpcf7_unit_tag\" value=\"wpcf7-f11032-o2\" \/><input type=\"hidden\" name=\"_wpcf7_container_post\" value=\"0\" \/><input type=\"hidden\" name=\"_wpcf7_posted_data_hash\" value=\"\" \/>\n<\/fieldset>\n<p><label class=\"titulo_private\">Celebra con nosotros.<\/label>\n<\/p>\n<p><label><span class=\"wpcf7-form-control-wrap\" data-name=\"nombre\"><input size=\"40\" maxlength=\"400\" class=\"wpcf7-form-control wpcf7-text wpcf7-validates-as-required\" aria-required=\"true\" aria-invalid=\"false\" placeholder=\"Nombre y apellidos\" value=\"\" type=\"text\" name=\"nombre\" \/><\/span> <\/label>\n<\/p>\n<p><label><span class=\"wpcf7-form-control-wrap\" data-name=\"fecha\"><input size=\"40\" maxlength=\"400\" class=\"wpcf7-form-control wpcf7-text walcf7-datepicker\" aria-invalid=\"false\" placeholder=\"Fecha deseada\" value=\"\" type=\"text\" name=\"fecha\" \/><\/span><\/label>\n<\/p>\n<p><label><span class=\"wpcf7-form-control-wrap\" data-name=\"your-email\"><input size=\"40\" maxlength=\"400\" class=\"wpcf7-form-control wpcf7-email wpcf7-validates-as-required wpcf7-text wpcf7-validates-as-email\" aria-required=\"true\" aria-invalid=\"false\" placeholder=\"Email\" value=\"\" type=\"email\" name=\"your-email\" \/><\/span><\/label>\n<\/p>\n<p><label><span class=\"wpcf7-form-control-wrap\" data-name=\"telefono\"><input size=\"40\" maxlength=\"400\" class=\"wpcf7-form-control wpcf7-tel wpcf7-validates-as-required wpcf7-text wpcf7-validates-as-tel\" aria-required=\"true\" aria-invalid=\"false\" placeholder=\"Tel\u00e9fono\" value=\"\" type=\"tel\" name=\"telefono\" \/><\/span><\/label>\n<\/p>\n<p><label><span class=\"wpcf7-form-control-wrap\" data-name=\"personas\"><input size=\"40\" maxlength=\"400\" class=\"wpcf7-form-control wpcf7-text wpcf7-validates-as-required\" aria-required=\"true\" aria-invalid=\"false\" placeholder=\"N\u00famero de personas\" value=\"\" type=\"text\" name=\"personas\" \/><\/span><\/label>\n<\/p>\n<p><label><span class=\"wpcf7-form-control-wrap\" data-name=\"mensaje\"><textarea cols=\"40\" rows=\"10\" maxlength=\"2000\" class=\"wpcf7-form-control wpcf7-textarea wpcf7-validates-as-required\" aria-required=\"true\" aria-invalid=\"false\" placeholder=\"Cu\u00e9ntanos que celebras y tu idea\" name=\"mensaje\"><\/textarea><\/span><\/label>\n<\/p>\n<p><input class=\"wpcf7-form-control wpcf7-submit has-spinner\" type=\"submit\" value=\"CONTACTADME\" \/>\n<\/p><div class=\"wpcf7-response-output\" aria-hidden=\"true\"><\/div>\n<\/form>\n<\/div>\n[vc_separator][vc_column_text css=\u00bb.vc_custom_1645782515903{margin-bottom: 0px !important;}\u00bb]\n<h4 style=\"text-align: center;\">Already placed their trust in us:<\/h4>\n[\/vc_column_text][vc_single_image image=\u00bb5781&#8243; img_size=\u00bbfull\u00bb][vc_single_image image=\u00bb6734&#8243; img_size=\u00bbfull\u00bb][\/vc_column][\/vc_row][vc_column width=\u00bb1\/2&#8243;][\/vc_column][vc_column width=\u00bb1\/2&#8243;][\/vc_column][vc_row][vc_column][\/vc_column][\/vc_row]\n<\/div>","protected":false},"excerpt":{"rendered":"<p>[vc_section full_width=\u00bbstretch_row_content\u00bb full_height=\u00bbyes\u00bb content_placement=\u00bbbottom\u00bb disable_element=\u00bbyes\u00bb el_id=\u00bbfila_slider\u00bb css=\u00bb.vc_custom_1618920503846{background-image: url(https:\/\/mimo.eus\/wp-content\/uploads\/2021\/03\/mimo-cursos-de-cocina-header.jpg?id=229) !important;background-position: center !important;background-repeat: no-repeat !important;background-size: cover !important;}\u00bb][vc_row id=\u00bbfila_flecha\u00bb][vc_column][vc_column_text el_class=\u00bbmore_info\u00bb css=\u00bb.vc_custom_1616597675521{margin-bottom: 0px !important;}\u00bb] m\u00e1s info [\/vc_column_text][vc_raw_html]JTNDYSUyMGhyZWYlM0QlMjIlMjNpbmZvJTIyJTIwY2xhc3MlM0QlMjJqcy1zbW9vdGgtc2Nyb2xsJTIwaW1hZ2VuX2ZsZWNoYSUyMiUzRSUzQ2ltZyUyMHNyYyUzRCUyMi4lMkZ3cC1jb250ZW50JTJGdXBsb2FkcyUyRjIwMjElMkYwMyUyRm1vcmVfaW5mby5wbmclMjIlM0UlM0MlMkZhJTNF[\/vc_raw_html][\/vc_column][\/vc_row][\/vc_section][vc_row visibility=\u00bbhidden-sm\u00bb][vc_column width=\u00bb2\/3&#8243; offset=\u00bbvc_hidden-xs\u00bb css=\u00bb.vc_custom_1662627849708{padding-top: 50px !important;}\u00bb][vc_column_text css=\u00bb.vc_custom_1662627816838{margin-bottom: 0px !important;}\u00bb] COOKING PARTY [\/vc_column_text][vc_empty_space][vc_column_text css=\u00bb.vc_custom_1658390628981{margin-bottom: 0px !important;}\u00bb]Queremos formar parte de tus d\u00edas m\u00e1s especiales. Con tu idea y nuestro espacio y amor por los [&hellip;]<\/p>\n","protected":false},"author":4,"featured_media":0,"parent":10659,"menu_order":0,"comment_status":"closed","ping_status":"closed","template":"","meta":{"_acf_changed":false,"recipe_title_en":"","recipe_ingredients_es":"","recipe_method_es":"","recipe_ingredients_en":"","recipe_method_en":"","recipe_chef_notes_es":"","recipe_variations_es":"","chefnotes_en":"","variations_en":"","recipe_vimeo_link":"","recipe_families":"","recipe_techniques":"","footnotes":""},"class_list":["post-10700","page","type-page","status-publish","hentry"],"acf":[],"yoast_head":"<!-- This site is optimized with the Yoast SEO plugin v27.5 - https:\/\/yoast.com\/product\/yoast-seo-wordpress\/ -->\n<title>Cooking party - Mimo Bite the Experience - Cursos de cocina y tours en San Sebasti\u00e1n<\/title>\n<meta name=\"robots\" content=\"index, follow, max-snippet:-1, max-image-preview:large, max-video-preview:-1\" \/>\n<link rel=\"canonical\" href=\"https:\/\/mimo.eus\/es\/actividades-cocina\/cooking-party\" \/>\n<meta property=\"og:locale\" content=\"es_ES\" \/>\n<meta property=\"og:type\" content=\"article\" \/>\n<meta property=\"og:title\" content=\"Cooking party - Mimo Bite the Experience - Cursos de cocina y tours en San Sebasti\u00e1n\" \/>\n<meta property=\"og:description\" content=\"[vc_section full_width=\u00bbstretch_row_content\u00bb full_height=\u00bbyes\u00bb content_placement=\u00bbbottom\u00bb disable_element=\u00bbyes\u00bb el_id=\u00bbfila_slider\u00bb css=\u00bb.vc_custom_1618920503846{background-image: url(https:\/\/mimo.eus\/wp-content\/uploads\/2021\/03\/mimo-cursos-de-cocina-header.jpg?id=229) !important;background-position: center !important;background-repeat: no-repeat !important;background-size: cover !important;}\u00bb][vc_row id=\u00bbfila_flecha\u00bb][vc_column][vc_column_text el_class=\u00bbmore_info\u00bb css=\u00bb.vc_custom_1616597675521{margin-bottom: 0px !important;}\u00bb] m\u00e1s info [\/vc_column_text][vc_raw_html]JTNDYSUyMGhyZWYlM0QlMjIlMjNpbmZvJTIyJTIwY2xhc3MlM0QlMjJqcy1zbW9vdGgtc2Nyb2xsJTIwaW1hZ2VuX2ZsZWNoYSUyMiUzRSUzQ2ltZyUyMHNyYyUzRCUyMi4lMkZ3cC1jb250ZW50JTJGdXBsb2FkcyUyRjIwMjElMkYwMyUyRm1vcmVfaW5mby5wbmclMjIlM0UlM0MlMkZhJTNF[\/vc_raw_html][\/vc_column][\/vc_row][\/vc_section][vc_row visibility=\u00bbhidden-sm\u00bb][vc_column width=\u00bb2\/3&#8243; offset=\u00bbvc_hidden-xs\u00bb css=\u00bb.vc_custom_1662627849708{padding-top: 50px !important;}\u00bb][vc_column_text css=\u00bb.vc_custom_1662627816838{margin-bottom: 0px !important;}\u00bb] COOKING PARTY [\/vc_column_text][vc_empty_space][vc_column_text css=\u00bb.vc_custom_1658390628981{margin-bottom: 0px !important;}\u00bb]Queremos formar parte de tus d\u00edas m\u00e1s especiales. Con tu idea y nuestro espacio y amor por los [&hellip;]\" \/>\n<meta property=\"og:url\" content=\"https:\/\/mimo.eus\/es\/actividades-cocina\/cooking-party\" \/>\n<meta property=\"og:site_name\" content=\"Mimo Bite the Experience - Cursos de cocina y tours en San Sebasti\u00e1n\" \/>\n<meta property=\"article:modified_time\" content=\"2022-09-15T11:03:02+00:00\" \/>\n<meta name=\"twitter:card\" content=\"summary_large_image\" \/>\n<meta name=\"twitter:label1\" content=\"Tiempo de lectura\" \/>\n\t<meta name=\"twitter:data1\" content=\"2 minutos\" \/>\n<script type=\"application\/ld+json\" class=\"yoast-schema-graph\">{\"@context\":\"https:\\\/\\\/schema.org\",\"@graph\":[{\"@type\":\"WebPage\",\"@id\":\"https:\\\/\\\/mimo.eus\\\/es\\\/actividades-cocina\\\/cooking-party\",\"url\":\"https:\\\/\\\/mimo.eus\\\/es\\\/actividades-cocina\\\/cooking-party\",\"name\":\"Cooking party - Mimo Bite the Experience - Cursos de cocina y tours en San Sebasti\u00e1n\",\"isPartOf\":{\"@id\":\"https:\\\/\\\/mimo.eus\\\/es\\\/#website\"},\"datePublished\":\"2022-07-21T08:04:14+00:00\",\"dateModified\":\"2022-09-15T11:03:02+00:00\",\"breadcrumb\":{\"@id\":\"https:\\\/\\\/mimo.eus\\\/es\\\/actividades-cocina\\\/cooking-party#breadcrumb\"},\"inLanguage\":\"es\",\"potentialAction\":[{\"@type\":\"ReadAction\",\"target\":[\"https:\\\/\\\/mimo.eus\\\/es\\\/actividades-cocina\\\/cooking-party\"]}]},{\"@type\":\"BreadcrumbList\",\"@id\":\"https:\\\/\\\/mimo.eus\\\/es\\\/actividades-cocina\\\/cooking-party#breadcrumb\",\"itemListElement\":[{\"@type\":\"ListItem\",\"position\":1,\"name\":\"Home\",\"item\":\"https:\\\/\\\/mimo.eus\\\/es\"},{\"@type\":\"ListItem\",\"position\":2,\"name\":\"Actividades de cocina\",\"item\":\"https:\\\/\\\/mimo.eus\\\/es\\\/actividades-cocina\"},{\"@type\":\"ListItem\",\"position\":3,\"name\":\"Cooking party\"}]},{\"@type\":\"WebSite\",\"@id\":\"https:\\\/\\\/mimo.eus\\\/es\\\/#website\",\"url\":\"https:\\\/\\\/mimo.eus\\\/es\\\/\",\"name\":\"Mimo Bite the Experience - Cursos de cocina y tours en San Sebasti\u00e1n\",\"description\":\"Bite de Experience\",\"publisher\":{\"@id\":\"https:\\\/\\\/mimo.eus\\\/es\\\/#organization\"},\"potentialAction\":[{\"@type\":\"SearchAction\",\"target\":{\"@type\":\"EntryPoint\",\"urlTemplate\":\"https:\\\/\\\/mimo.eus\\\/es\\\/?s={search_term_string}\"},\"query-input\":{\"@type\":\"PropertyValueSpecification\",\"valueRequired\":true,\"valueName\":\"search_term_string\"}}],\"inLanguage\":\"es\"},{\"@type\":\"Organization\",\"@id\":\"https:\\\/\\\/mimo.eus\\\/es\\\/#organization\",\"name\":\"MIMO Bite The Experience\",\"url\":\"https:\\\/\\\/mimo.eus\\\/es\\\/\",\"logo\":{\"@type\":\"ImageObject\",\"inLanguage\":\"es\",\"@id\":\"https:\\\/\\\/mimo.eus\\\/es\\\/#\\\/schema\\\/logo\\\/image\\\/\",\"url\":\"https:\\\/\\\/mimo.eus\\\/wp-content\\\/uploads\\\/2021\\\/03\\\/mimo-logo-footer.png\",\"contentUrl\":\"https:\\\/\\\/mimo.eus\\\/wp-content\\\/uploads\\\/2021\\\/03\\\/mimo-logo-footer.png\",\"width\":265,\"height\":124,\"caption\":\"MIMO Bite The Experience\"},\"image\":{\"@id\":\"https:\\\/\\\/mimo.eus\\\/es\\\/#\\\/schema\\\/logo\\\/image\\\/\"}}]}<\/script>\n<!-- \/ Yoast SEO plugin. -->","yoast_head_json":{"title":"Cooking party - Mimo Bite the Experience - Cursos de cocina y tours en San Sebasti\u00e1n","robots":{"index":"index","follow":"follow","max-snippet":"max-snippet:-1","max-image-preview":"max-image-preview:large","max-video-preview":"max-video-preview:-1"},"canonical":"https:\/\/mimo.eus\/es\/actividades-cocina\/cooking-party","og_locale":"es_ES","og_type":"article","og_title":"Cooking party - Mimo Bite the Experience - Cursos de cocina y tours en San Sebasti\u00e1n","og_description":"[vc_section full_width=\u00bbstretch_row_content\u00bb full_height=\u00bbyes\u00bb content_placement=\u00bbbottom\u00bb disable_element=\u00bbyes\u00bb el_id=\u00bbfila_slider\u00bb css=\u00bb.vc_custom_1618920503846{background-image: url(https:\/\/mimo.eus\/wp-content\/uploads\/2021\/03\/mimo-cursos-de-cocina-header.jpg?id=229) !important;background-position: center !important;background-repeat: no-repeat !important;background-size: cover !important;}\u00bb][vc_row id=\u00bbfila_flecha\u00bb][vc_column][vc_column_text el_class=\u00bbmore_info\u00bb css=\u00bb.vc_custom_1616597675521{margin-bottom: 0px !important;}\u00bb] m\u00e1s info [\/vc_column_text][vc_raw_html]JTNDYSUyMGhyZWYlM0QlMjIlMjNpbmZvJTIyJTIwY2xhc3MlM0QlMjJqcy1zbW9vdGgtc2Nyb2xsJTIwaW1hZ2VuX2ZsZWNoYSUyMiUzRSUzQ2ltZyUyMHNyYyUzRCUyMi4lMkZ3cC1jb250ZW50JTJGdXBsb2FkcyUyRjIwMjElMkYwMyUyRm1vcmVfaW5mby5wbmclMjIlM0UlM0MlMkZhJTNF[\/vc_raw_html][\/vc_column][\/vc_row][\/vc_section][vc_row visibility=\u00bbhidden-sm\u00bb][vc_column width=\u00bb2\/3&#8243; offset=\u00bbvc_hidden-xs\u00bb css=\u00bb.vc_custom_1662627849708{padding-top: 50px !important;}\u00bb][vc_column_text css=\u00bb.vc_custom_1662627816838{margin-bottom: 0px !important;}\u00bb] COOKING PARTY [\/vc_column_text][vc_empty_space][vc_column_text css=\u00bb.vc_custom_1658390628981{margin-bottom: 0px !important;}\u00bb]Queremos formar parte de tus d\u00edas m\u00e1s especiales. Con tu idea y nuestro espacio y amor por los [&hellip;]","og_url":"https:\/\/mimo.eus\/es\/actividades-cocina\/cooking-party","og_site_name":"Mimo Bite the Experience - Cursos de cocina y tours en San Sebasti\u00e1n","article_modified_time":"2022-09-15T11:03:02+00:00","twitter_card":"summary_large_image","twitter_misc":{"Tiempo de lectura":"2 minutos"},"schema":{"@context":"https:\/\/schema.org","@graph":[{"@type":"WebPage","@id":"https:\/\/mimo.eus\/es\/actividades-cocina\/cooking-party","url":"https:\/\/mimo.eus\/es\/actividades-cocina\/cooking-party","name":"Cooking party - Mimo Bite the Experience - Cursos de cocina y tours en San Sebasti\u00e1n","isPartOf":{"@id":"https:\/\/mimo.eus\/es\/#website"},"datePublished":"2022-07-21T08:04:14+00:00","dateModified":"2022-09-15T11:03:02+00:00","breadcrumb":{"@id":"https:\/\/mimo.eus\/es\/actividades-cocina\/cooking-party#breadcrumb"},"inLanguage":"es","potentialAction":[{"@type":"ReadAction","target":["https:\/\/mimo.eus\/es\/actividades-cocina\/cooking-party"]}]},{"@type":"BreadcrumbList","@id":"https:\/\/mimo.eus\/es\/actividades-cocina\/cooking-party#breadcrumb","itemListElement":[{"@type":"ListItem","position":1,"name":"Home","item":"https:\/\/mimo.eus\/es"},{"@type":"ListItem","position":2,"name":"Actividades de cocina","item":"https:\/\/mimo.eus\/es\/actividades-cocina"},{"@type":"ListItem","position":3,"name":"Cooking party"}]},{"@type":"WebSite","@id":"https:\/\/mimo.eus\/es\/#website","url":"https:\/\/mimo.eus\/es\/","name":"Mimo Bite the Experience - Cursos de cocina y tours en San Sebasti\u00e1n","description":"Bite de Experience","publisher":{"@id":"https:\/\/mimo.eus\/es\/#organization"},"potentialAction":[{"@type":"SearchAction","target":{"@type":"EntryPoint","urlTemplate":"https:\/\/mimo.eus\/es\/?s={search_term_string}"},"query-input":{"@type":"PropertyValueSpecification","valueRequired":true,"valueName":"search_term_string"}}],"inLanguage":"es"},{"@type":"Organization","@id":"https:\/\/mimo.eus\/es\/#organization","name":"MIMO Bite The Experience","url":"https:\/\/mimo.eus\/es\/","logo":{"@type":"ImageObject","inLanguage":"es","@id":"https:\/\/mimo.eus\/es\/#\/schema\/logo\/image\/","url":"https:\/\/mimo.eus\/wp-content\/uploads\/2021\/03\/mimo-logo-footer.png","contentUrl":"https:\/\/mimo.eus\/wp-content\/uploads\/2021\/03\/mimo-logo-footer.png","width":265,"height":124,"caption":"MIMO Bite The Experience"},"image":{"@id":"https:\/\/mimo.eus\/es\/#\/schema\/logo\/image\/"}}]}},"_links":{"self":[{"href":"https:\/\/mimo.eus\/es\/wp-json\/wp\/v2\/pages\/10700","targetHints":{"allow":["GET"]}}],"collection":[{"href":"https:\/\/mimo.eus\/es\/wp-json\/wp\/v2\/pages"}],"about":[{"href":"https:\/\/mimo.eus\/es\/wp-json\/wp\/v2\/types\/page"}],"author":[{"embeddable":true,"href":"https:\/\/mimo.eus\/es\/wp-json\/wp\/v2\/users\/4"}],"replies":[{"embeddable":true,"href":"https:\/\/mimo.eus\/es\/wp-json\/wp\/v2\/comments?post=10700"}],"version-history":[{"count":0,"href":"https:\/\/mimo.eus\/es\/wp-json\/wp\/v2\/pages\/10700\/revisions"}],"up":[{"embeddable":true,"href":"https:\/\/mimo.eus\/es\/wp-json\/wp\/v2\/pages\/10659"}],"wp:attachment":[{"href":"https:\/\/mimo.eus\/es\/wp-json\/wp\/v2\/media?parent=10700"}],"curies":[{"name":"wp","href":"https:\/\/api.w.org\/{rel}","templated":true}]}}